

{"id":2410,"date":"2011-06-05T20:03:30","date_gmt":"2011-06-05T18:03:30","guid":{"rendered":"https:\/\/www.iniciatives.org\/test\/NEW\/que-fem\/insercio\/"},"modified":"2024-09-13T18:32:00","modified_gmt":"2024-09-13T16:32:00","slug":"insercio","status":"publish","type":"page","link":"https:\/\/www.iniciatives.org\/es\/que-fem\/insercio\/","title":{"rendered":"Inserci\u00f3n"},"content":{"rendered":"\n<div class=\"wp-block-cover alignfull is-light\" style=\"min-height:550px;aspect-ratio:unset;aspect-ratio:unset;\"><span aria-hidden=\"true\" class=\"wp-block-cover__background has-background-dim-0 has-background-dim\" style=\"background-color:#868078\"><\/span><img loading=\"lazy\" decoding=\"async\" width=\"1667\" height=\"1091\" class=\"wp-block-cover__image-background wp-image-332\" alt=\"La Directora d'Iniciatives Solid\u00e0ries entrevistant una noia a les oficines del Servei d\u2019Atenci\u00f3 Integral i de Reinserci\u00f3.\" src=\"https:\/\/www.iniciatives.org\/wp-content\/uploads\/2012\/02\/sair.jpg\" data-object-fit=\"cover\" srcset=\"https:\/\/www.iniciatives.org\/wp-content\/uploads\/2012\/02\/sair.jpg 1667w, https:\/\/www.iniciatives.org\/wp-content\/uploads\/2012\/02\/sair-800x524.jpg 800w, https:\/\/www.iniciatives.org\/wp-content\/uploads\/2012\/02\/sair-768x503.jpg 768w, https:\/\/www.iniciatives.org\/wp-content\/uploads\/2012\/02\/sair-1200x785.jpg 1200w, https:\/\/www.iniciatives.org\/wp-content\/uploads\/2012\/02\/sair-1536x1005.jpg 1536w\" sizes=\"auto, (max-width: 1667px) 100vw, 1667px\" \/><div class=\"wp-block-cover__inner-container is-layout-constrained wp-block-cover-is-layout-constrained\">\n<p class=\"has-text-align-center has-nv-text-dark-bg-color has-text-color has-link-color wp-elements-98737def8aac3fc91eb1f26329d032fd\" style=\"font-size:50px;font-style:normal;font-weight:900\">Inserci\u00f3n<\/p>\n<\/div><\/div>\n\n\n\n<p class=\"western\">En 2001, Iniciatives Solid\u00e0ries abri\u00f3 dos oficinas del Servicio de Atenci\u00f3n Integral y de Reinserci\u00f3n, el SAIR, ubicadas en Barcelona y Sant Boi del Llobregat, para dar apoyo y orientaci\u00f3n a personas en situaci\u00f3n de riesgo social que est\u00e1n en un proceso de b\u00fasqueda de trabajo. En 2008, el SAIR ampli\u00f3 el \u00e1mbito de acci\u00f3n, abriendo otra oficina en el barrio de Usera de Madrid.<\/p>\n\n\n\n<p>Las tres oficinas hacen talleres t\u00e9cnicas de b\u00fasqueda de empleo que ayudan a los usuarios en aspectos como elaborar el curr\u00edculum y aprender a mantener una entrevista de selecci\u00f3n de personal, con especial \u00e9nfasis a la adquisici\u00f3n de la autonom\u00eda necesaria para la b\u00fasqueda de empleo y la formaci\u00f3n. El SAIR, adem\u00e1s, ofrece cursos de catal\u00e1n y castellano por los extranjeros, y una atenci\u00f3n jur\u00eddica individualizada por los reci\u00e9n llegados, orientada a ayudarles n normalizar su situaci\u00f3n legal en Espa\u00f1a.<\/p>\n\n\n\n<p class=\"western\">Adem\u00e1s, Iniciatives participa en el <a href=\"http:\/\/w110.bcn.cat\/portal\/site\/ServeisSocials\/menuitem.931633495bcd6167b4f7b4f7a2ef8a0c\/index4222.html?vgnextoid=c51d96b0aa819410VgnVCM1000001947900aRCRD&amp;vgnextchannel=c51d96b0aa819410VgnVCM1000001947900aRCRD&amp;lang=ca_ES?\">Programa L\u00e1bora<\/a>, un programa del Ayuntamiento de Barcelona que, en colaboraci\u00f3n con las entidades sociales y el tejido empresarial de la ciudad, pretende fomentar el empleo de las personas con dificultades de acceso al mercado de trabajo, y favorecer la igualdad de oportunidades. L\u00e1bora ofrece a las empresas una bolsa de candidaturas -reservada a las personas en riesgo de exclusi\u00f3n social-, as\u00ed como apoyo en la selecci\u00f3n del mejor perfil y acompa\u00f1amiento en la adaptaci\u00f3n de la persona al puesto de trabajo.<span lang=\"ca-ES\"><\/span><\/p>\n","protected":false},"excerpt":{"rendered":"<p>En 2001, Iniciatives Solid\u00e0ries abri\u00f3 dos oficinas del Servicio de Atenci\u00f3n Integral y de Reinserci\u00f3n, el SAIR, ubicadas en Barcelona y Sant Boi del Llobregat, para dar apoyo y orientaci\u00f3n a personas en situaci\u00f3n de riesgo social que est\u00e1n en un proceso de b\u00fasqueda de trabajo. En 2008, el SAIR ampli\u00f3 el \u00e1mbito de acci\u00f3n,&hellip;&nbsp;<a href=\"https:\/\/www.iniciatives.org\/es\/que-fem\/insercio\/\" rel=\"bookmark\">Leer m\u00e1s &raquo;<span class=\"screen-reader-text\">Inserci\u00f3n<\/span><\/a><\/p>\n","protected":false},"author":3,"featured_media":2411,"parent":2402,"menu_order":42,"comment_status":"closed","ping_status":"closed","template":"","meta":{"_eb_attr":"","neve_meta_sidebar":"","neve_meta_container":"","neve_meta_enable_content_width":"","neve_meta_content_width":0,"neve_meta_title_alignment":"","neve_meta_author_avatar":"","neve_post_elements_order":"","neve_meta_disable_header":"","neve_meta_disable_footer":"","neve_meta_disable_title":"on","footnotes":""},"class_list":["post-2410","page","type-page","status-publish","has-post-thumbnail","hentry"],"yoast_head":"<!-- This site is optimized with the Yoast SEO plugin v25.4 - https:\/\/yoast.com\/wordpress\/plugins\/seo\/ -->\n<title>Inserci\u00f3n - Iniciatives Solid\u00e0ries<\/title>\n<meta name=\"robots\" content=\"index, follow, max-snippet:-1, max-image-preview:large, max-video-preview:-1\" \/>\n<link rel=\"canonical\" href=\"https:\/\/www.iniciatives.org\/es\/que-fem\/insercio\/\" \/>\n<meta property=\"og:locale\" content=\"es_ES\" \/>\n<meta property=\"og:type\" content=\"article\" \/>\n<meta property=\"og:title\" content=\"Inserci\u00f3n - Iniciatives Solid\u00e0ries\" \/>\n<meta property=\"og:description\" content=\"En 2001, Iniciatives Solid\u00e0ries abri\u00f3 dos oficinas del Servicio de Atenci\u00f3n Integral y de Reinserci\u00f3n, el SAIR, ubicadas en Barcelona y Sant Boi del Llobregat, para dar apoyo y orientaci\u00f3n a personas en situaci\u00f3n de riesgo social que est\u00e1n en un proceso de b\u00fasqueda de trabajo. En 2008, el SAIR ampli\u00f3 el \u00e1mbito de acci\u00f3n,&hellip;&nbsp;Leer m\u00e1s &raquo;Inserci\u00f3n\" \/>\n<meta property=\"og:url\" content=\"https:\/\/www.iniciatives.org\/es\/que-fem\/insercio\/\" \/>\n<meta property=\"og:site_name\" content=\"Iniciatives Solid\u00e0ries\" \/>\n<meta property=\"article:modified_time\" content=\"2024-09-13T16:32:00+00:00\" \/>\n<meta property=\"og:image\" content=\"https:\/\/www.iniciatives.org\/wp-content\/uploads\/2012\/02\/sair.jpg\" \/>\n\t<meta property=\"og:image:width\" content=\"1667\" \/>\n\t<meta property=\"og:image:height\" content=\"1091\" \/>\n\t<meta property=\"og:image:type\" content=\"image\/jpeg\" \/>\n<meta name=\"twitter:card\" content=\"summary_large_image\" \/>\n<meta name=\"twitter:label1\" content=\"Tiempo de lectura\" \/>\n\t<meta name=\"twitter:data1\" content=\"2 minutos\" \/>\n<script type=\"application\/ld+json\" class=\"yoast-schema-graph\">{\"@context\":\"https:\/\/schema.org\",\"@graph\":[{\"@type\":\"WebPage\",\"@id\":\"https:\/\/www.iniciatives.org\/es\/que-fem\/insercio\/\",\"url\":\"https:\/\/www.iniciatives.org\/es\/que-fem\/insercio\/\",\"name\":\"Inserci\u00f3n - Iniciatives Solid\u00e0ries\",\"isPartOf\":{\"@id\":\"https:\/\/www.iniciatives.org\/#website\"},\"primaryImageOfPage\":{\"@id\":\"https:\/\/www.iniciatives.org\/es\/que-fem\/insercio\/#primaryimage\"},\"image\":{\"@id\":\"https:\/\/www.iniciatives.org\/es\/que-fem\/insercio\/#primaryimage\"},\"thumbnailUrl\":\"https:\/\/www.iniciatives.org\/wp-content\/uploads\/2012\/02\/sair.jpg\",\"datePublished\":\"2011-06-05T18:03:30+00:00\",\"dateModified\":\"2024-09-13T16:32:00+00:00\",\"breadcrumb\":{\"@id\":\"https:\/\/www.iniciatives.org\/es\/que-fem\/insercio\/#breadcrumb\"},\"inLanguage\":\"es\",\"potentialAction\":[{\"@type\":\"ReadAction\",\"target\":[\"https:\/\/www.iniciatives.org\/es\/que-fem\/insercio\/\"]}]},{\"@type\":\"ImageObject\",\"inLanguage\":\"es\",\"@id\":\"https:\/\/www.iniciatives.org\/es\/que-fem\/insercio\/#primaryimage\",\"url\":\"https:\/\/www.iniciatives.org\/wp-content\/uploads\/2012\/02\/sair.jpg\",\"contentUrl\":\"https:\/\/www.iniciatives.org\/wp-content\/uploads\/2012\/02\/sair.jpg\",\"width\":1667,\"height\":1091,\"caption\":\"Inserci\u00f3. La Directora d'Iniciatives Solid\u00e0ries entrevistant una noia a les oficines del Servei d\u2019Atenci\u00f3 Integral i de Reinserci\u00f3.\"},{\"@type\":\"BreadcrumbList\",\"@id\":\"https:\/\/www.iniciatives.org\/es\/que-fem\/insercio\/#breadcrumb\",\"itemListElement\":[{\"@type\":\"ListItem\",\"position\":1,\"name\":\"Inici\",\"item\":\"https:\/\/www.iniciatives.org\/es\/\"},{\"@type\":\"ListItem\",\"position\":2,\"name\":\"Qu\u00e8 fem\",\"item\":\"https:\/\/www.iniciatives.org\/es\/que-fem\/\"},{\"@type\":\"ListItem\",\"position\":3,\"name\":\"Inserci\u00f3n\"}]},{\"@type\":\"WebSite\",\"@id\":\"https:\/\/www.iniciatives.org\/#website\",\"url\":\"https:\/\/www.iniciatives.org\/\",\"name\":\"Iniciatives Solid\u00e0ries\",\"description\":\"Iniciatives Solid\u00e0ries \u00e9s una ONG d\u2019acci\u00f3 social, acolliment i inserci\u00f3 social\",\"potentialAction\":[{\"@type\":\"SearchAction\",\"target\":{\"@type\":\"EntryPoint\",\"urlTemplate\":\"https:\/\/www.iniciatives.org\/?s={search_term_string}\"},\"query-input\":{\"@type\":\"PropertyValueSpecification\",\"valueRequired\":true,\"valueName\":\"search_term_string\"}}],\"inLanguage\":\"es\"}]}<\/script>\n<!-- \/ Yoast SEO plugin. -->","yoast_head_json":{"title":"Inserci\u00f3n - Iniciatives Solid\u00e0ries","robots":{"index":"index","follow":"follow","max-snippet":"max-snippet:-1","max-image-preview":"max-image-preview:large","max-video-preview":"max-video-preview:-1"},"canonical":"https:\/\/www.iniciatives.org\/es\/que-fem\/insercio\/","og_locale":"es_ES","og_type":"article","og_title":"Inserci\u00f3n - Iniciatives Solid\u00e0ries","og_description":"En 2001, Iniciatives Solid\u00e0ries abri\u00f3 dos oficinas del Servicio de Atenci\u00f3n Integral y de Reinserci\u00f3n, el SAIR, ubicadas en Barcelona y Sant Boi del Llobregat, para dar apoyo y orientaci\u00f3n a personas en situaci\u00f3n de riesgo social que est\u00e1n en un proceso de b\u00fasqueda de trabajo. En 2008, el SAIR ampli\u00f3 el \u00e1mbito de acci\u00f3n,&hellip;&nbsp;Leer m\u00e1s &raquo;Inserci\u00f3n","og_url":"https:\/\/www.iniciatives.org\/es\/que-fem\/insercio\/","og_site_name":"Iniciatives Solid\u00e0ries","article_modified_time":"2024-09-13T16:32:00+00:00","og_image":[{"width":1667,"height":1091,"url":"https:\/\/www.iniciatives.org\/wp-content\/uploads\/2012\/02\/sair.jpg","type":"image\/jpeg"}],"twitter_card":"summary_large_image","twitter_misc":{"Tiempo de lectura":"2 minutos"},"schema":{"@context":"https:\/\/schema.org","@graph":[{"@type":"WebPage","@id":"https:\/\/www.iniciatives.org\/es\/que-fem\/insercio\/","url":"https:\/\/www.iniciatives.org\/es\/que-fem\/insercio\/","name":"Inserci\u00f3n - Iniciatives Solid\u00e0ries","isPartOf":{"@id":"https:\/\/www.iniciatives.org\/#website"},"primaryImageOfPage":{"@id":"https:\/\/www.iniciatives.org\/es\/que-fem\/insercio\/#primaryimage"},"image":{"@id":"https:\/\/www.iniciatives.org\/es\/que-fem\/insercio\/#primaryimage"},"thumbnailUrl":"https:\/\/www.iniciatives.org\/wp-content\/uploads\/2012\/02\/sair.jpg","datePublished":"2011-06-05T18:03:30+00:00","dateModified":"2024-09-13T16:32:00+00:00","breadcrumb":{"@id":"https:\/\/www.iniciatives.org\/es\/que-fem\/insercio\/#breadcrumb"},"inLanguage":"es","potentialAction":[{"@type":"ReadAction","target":["https:\/\/www.iniciatives.org\/es\/que-fem\/insercio\/"]}]},{"@type":"ImageObject","inLanguage":"es","@id":"https:\/\/www.iniciatives.org\/es\/que-fem\/insercio\/#primaryimage","url":"https:\/\/www.iniciatives.org\/wp-content\/uploads\/2012\/02\/sair.jpg","contentUrl":"https:\/\/www.iniciatives.org\/wp-content\/uploads\/2012\/02\/sair.jpg","width":1667,"height":1091,"caption":"Inserci\u00f3. La Directora d'Iniciatives Solid\u00e0ries entrevistant una noia a les oficines del Servei d\u2019Atenci\u00f3 Integral i de Reinserci\u00f3."},{"@type":"BreadcrumbList","@id":"https:\/\/www.iniciatives.org\/es\/que-fem\/insercio\/#breadcrumb","itemListElement":[{"@type":"ListItem","position":1,"name":"Inici","item":"https:\/\/www.iniciatives.org\/es\/"},{"@type":"ListItem","position":2,"name":"Qu\u00e8 fem","item":"https:\/\/www.iniciatives.org\/es\/que-fem\/"},{"@type":"ListItem","position":3,"name":"Inserci\u00f3n"}]},{"@type":"WebSite","@id":"https:\/\/www.iniciatives.org\/#website","url":"https:\/\/www.iniciatives.org\/","name":"Iniciatives Solid\u00e0ries","description":"Iniciatives Solid\u00e0ries \u00e9s una ONG d\u2019acci\u00f3 social, acolliment i inserci\u00f3 social","potentialAction":[{"@type":"SearchAction","target":{"@type":"EntryPoint","urlTemplate":"https:\/\/www.iniciatives.org\/?s={search_term_string}"},"query-input":{"@type":"PropertyValueSpecification","valueRequired":true,"valueName":"search_term_string"}}],"inLanguage":"es"}]}},"_links":{"self":[{"href":"https:\/\/www.iniciatives.org\/es\/wp-json\/wp\/v2\/pages\/2410","targetHints":{"allow":["GET"]}}],"collection":[{"href":"https:\/\/www.iniciatives.org\/es\/wp-json\/wp\/v2\/pages"}],"about":[{"href":"https:\/\/www.iniciatives.org\/es\/wp-json\/wp\/v2\/types\/page"}],"author":[{"embeddable":true,"href":"https:\/\/www.iniciatives.org\/es\/wp-json\/wp\/v2\/users\/3"}],"replies":[{"embeddable":true,"href":"https:\/\/www.iniciatives.org\/es\/wp-json\/wp\/v2\/comments?post=2410"}],"version-history":[{"count":3,"href":"https:\/\/www.iniciatives.org\/es\/wp-json\/wp\/v2\/pages\/2410\/revisions"}],"predecessor-version":[{"id":5219,"href":"https:\/\/www.iniciatives.org\/es\/wp-json\/wp\/v2\/pages\/2410\/revisions\/5219"}],"up":[{"embeddable":true,"href":"https:\/\/www.iniciatives.org\/es\/wp-json\/wp\/v2\/pages\/2402"}],"wp:featuredmedia":[{"embeddable":true,"href":"https:\/\/www.iniciatives.org\/es\/wp-json\/wp\/v2\/media\/2411"}],"wp:attachment":[{"href":"https:\/\/www.iniciatives.org\/es\/wp-json\/wp\/v2\/media?parent=2410"}],"curies":[{"name":"wp","href":"https:\/\/api.w.org\/{rel}","templated":true}]}}