

{"id":2417,"date":"2011-06-20T07:32:34","date_gmt":"2011-06-20T05:32:34","guid":{"rendered":"https:\/\/www.iniciatives.org\/test\/NEW\/que-fem\/accio-comunitaria\/"},"modified":"2024-09-13T18:33:18","modified_gmt":"2024-09-13T16:33:18","slug":"accio-comunitaria","status":"publish","type":"page","link":"https:\/\/www.iniciatives.org\/es\/que-fem\/accio-comunitaria\/","title":{"rendered":"Acci\u00f3n comunitaria"},"content":{"rendered":"\n<div class=\"wp-block-cover alignfull\" style=\"min-height:550px;aspect-ratio:unset;aspect-ratio:unset;\"><span aria-hidden=\"true\" class=\"wp-block-cover__background has-background-dim-0 has-background-dim\" style=\"background-color:#868078\"><\/span><img loading=\"lazy\" decoding=\"async\" width=\"2560\" height=\"1707\" class=\"wp-block-cover__image-background wp-image-1284\" alt=\"Cuinera servint menjar a un grup d'usuaris al centre d'acollida de Santa Perp\u00e8tua de Mogoda.\" src=\"https:\/\/www.iniciatives.org\/wp-content\/uploads\/2014\/12\/acci\u00f3-comunit\u00e0ria-scaled.jpg\" data-object-fit=\"cover\" srcset=\"https:\/\/www.iniciatives.org\/wp-content\/uploads\/2014\/12\/acci\u00f3-comunit\u00e0ria-scaled.jpg 2560w, https:\/\/www.iniciatives.org\/wp-content\/uploads\/2014\/12\/acci\u00f3-comunit\u00e0ria-2048x1365.jpg 2048w, https:\/\/www.iniciatives.org\/wp-content\/uploads\/2014\/12\/acci\u00f3-comunit\u00e0ria-600x400.jpg 600w, https:\/\/www.iniciatives.org\/wp-content\/uploads\/2014\/12\/acci\u00f3-comunit\u00e0ria-800x533.jpg 800w, https:\/\/www.iniciatives.org\/wp-content\/uploads\/2014\/12\/acci\u00f3-comunit\u00e0ria-768x512.jpg 768w, https:\/\/www.iniciatives.org\/wp-content\/uploads\/2014\/12\/acci\u00f3-comunit\u00e0ria-1200x800.jpg 1200w, https:\/\/www.iniciatives.org\/wp-content\/uploads\/2014\/12\/acci\u00f3-comunit\u00e0ria-1536x1024.jpg 1536w, https:\/\/www.iniciatives.org\/wp-content\/uploads\/2014\/12\/acci\u00f3-comunit\u00e0ria-930x620.jpg 930w\" sizes=\"auto, (max-width: 2560px) 100vw, 2560px\" \/><div class=\"wp-block-cover__inner-container is-layout-constrained wp-block-cover-is-layout-constrained\">\n<p class=\"has-text-align-center has-nv-text-dark-bg-color has-text-color has-link-color wp-elements-e8a7100c5bebacfd601d8c69f239e330\" style=\"font-size:50px;font-style:normal;font-weight:900\">Acci\u00f3n comunitaria<\/p>\n<\/div><\/div>\n\n\n\n<p>Despu\u00e9s de que estallara la crisis econ\u00f3mica en 2008, mucha gente que ten\u00eda una situaci\u00f3n econ\u00f3mica inestable y dif\u00edcil acab\u00f3 de hundirse en la pobreza. Por ello, en 2010 Iniciatives puso en marcha un comedor social en Santa Perp\u00e8tua, que ofrecen una comida caliente al que no se le puede pagar.<\/p>\n\n\n\n<p>Adem\u00e1s, en el a\u00f1o 2016, la Federaci\u00f3n de Entidades Catalanas de Acci\u00f3n Social y el Ayuntamiento de Barcelona se unieron para poner en marcha un ambicioso programa que nace con doble objetivo: por un lado, luchar contra la pobreza energ\u00e9tica, y por otro, contribuir a la inserci\u00f3n laboral de poblaci\u00f3n en situaci\u00f3n de paro de larga duraci\u00f3n.<\/p>\n\n\n\n<p>Iniciatives ha participado en este nuevo proyecto que ha dado trabajo a 100 personas beneficiarias del Programa L\u00e1bora -dedicado al fomento del empleo- que tienen experiencia en el \u00e1mbito de la construcci\u00f3n y la atenci\u00f3n al p\u00fablico. Todos ellos, que como parte del programa han recibido formaci\u00f3n espec\u00edfica sobre eficiencia energ\u00e9tica y pobreza energ\u00e9tica, han sido los encargados de revisar el consumo energ\u00e9tico de un total de 5.000 viviendas de Barcelona, con el fin de diagnosticar la situaci\u00f3n del hogar, teniendo en cuenta las condiciones estructurales, el gasto y el uso de la energ\u00eda.<\/p>\n\n\n\n<p>El programa ofrece propuestas concretas para que las familias en situaci\u00f3n de pobreza energ\u00e9tica puedan disminuir el consumo energ\u00e9tico del hogar; reducir los importes de las facturas de agua, luz y gas que pagan a fin de mes; y mejorar la viviendas, a trav\u00e9s de peque\u00f1as instalaciones que mejoran la eficiencia energ\u00e9tica y, as\u00ed, contribuyen al ahorro.<\/p>\n\n\n<div class=\"wp-block-image\">\n<figure class=\"aligncenter\"><a href=\"https:\/\/www.iniciatives.org\/es\/participa\/\"><img loading=\"lazy\" decoding=\"async\" width=\"2480\" height=\"520\" src=\"https:\/\/www.iniciatives.org\/wp-content\/uploads\/2015\/09\/FES-TE-VOLUNTARI-1.png\" alt=\"\" class=\"wp-image-1911\" srcset=\"https:\/\/www.iniciatives.org\/wp-content\/uploads\/2015\/09\/FES-TE-VOLUNTARI-1.png 2480w, https:\/\/www.iniciatives.org\/wp-content\/uploads\/2015\/09\/FES-TE-VOLUNTARI-1-800x168.png 800w, https:\/\/www.iniciatives.org\/wp-content\/uploads\/2015\/09\/FES-TE-VOLUNTARI-1-1200x252.png 1200w, https:\/\/www.iniciatives.org\/wp-content\/uploads\/2015\/09\/FES-TE-VOLUNTARI-1-1536x322.png 1536w, https:\/\/www.iniciatives.org\/wp-content\/uploads\/2015\/09\/FES-TE-VOLUNTARI-1-2048x429.png 2048w, https:\/\/www.iniciatives.org\/wp-content\/uploads\/2015\/09\/FES-TE-VOLUNTARI-1-768x161.png 768w\" sizes=\"auto, (max-width: 2480px) 100vw, 2480px\" \/><\/a><\/figure><\/div>\n\n\n<p><\/p>\n","protected":false},"excerpt":{"rendered":"<p>Despu\u00e9s de que estallara la crisis econ\u00f3mica en 2008, mucha gente que ten\u00eda una situaci\u00f3n econ\u00f3mica inestable y dif\u00edcil acab\u00f3 de hundirse en la pobreza. Por ello, en 2010 Iniciatives puso en marcha un comedor social en Santa Perp\u00e8tua, que ofrecen una comida caliente al que no se le puede pagar. Adem\u00e1s, en el a\u00f1o&hellip;&nbsp;<a href=\"https:\/\/www.iniciatives.org\/es\/que-fem\/accio-comunitaria\/\" rel=\"bookmark\">Leer m\u00e1s &raquo;<span class=\"screen-reader-text\">Acci\u00f3n comunitaria<\/span><\/a><\/p>\n","protected":false},"author":3,"featured_media":2387,"parent":2402,"menu_order":21,"comment_status":"closed","ping_status":"closed","template":"","meta":{"_eb_attr":"","neve_meta_sidebar":"","neve_meta_container":"","neve_meta_enable_content_width":"","neve_meta_content_width":0,"neve_meta_title_alignment":"","neve_meta_author_avatar":"","neve_post_elements_order":"","neve_meta_disable_header":"","neve_meta_disable_footer":"","neve_meta_disable_title":"on","footnotes":""},"class_list":["post-2417","page","type-page","status-publish","has-post-thumbnail","hentry"],"yoast_head":"<!-- This site is optimized with the Yoast SEO plugin v25.4 - https:\/\/yoast.com\/wordpress\/plugins\/seo\/ -->\n<title>Acci\u00f3n comunitaria - Iniciatives Solid\u00e0ries<\/title>\n<meta name=\"robots\" content=\"index, follow, max-snippet:-1, max-image-preview:large, max-video-preview:-1\" \/>\n<link rel=\"canonical\" href=\"https:\/\/www.iniciatives.org\/es\/que-fem\/accio-comunitaria\/\" \/>\n<meta property=\"og:locale\" content=\"es_ES\" \/>\n<meta property=\"og:type\" content=\"article\" \/>\n<meta property=\"og:title\" content=\"Acci\u00f3n comunitaria - Iniciatives Solid\u00e0ries\" \/>\n<meta property=\"og:description\" content=\"Despu\u00e9s de que estallara la crisis econ\u00f3mica en 2008, mucha gente que ten\u00eda una situaci\u00f3n econ\u00f3mica inestable y dif\u00edcil acab\u00f3 de hundirse en la pobreza. Por ello, en 2010 Iniciatives puso en marcha un comedor social en Santa Perp\u00e8tua, que ofrecen una comida caliente al que no se le puede pagar. Adem\u00e1s, en el a\u00f1o&hellip;&nbsp;Leer m\u00e1s &raquo;Acci\u00f3n comunitaria\" \/>\n<meta property=\"og:url\" content=\"https:\/\/www.iniciatives.org\/es\/que-fem\/accio-comunitaria\/\" \/>\n<meta property=\"og:site_name\" content=\"Iniciatives Solid\u00e0ries\" \/>\n<meta property=\"article:modified_time\" content=\"2024-09-13T16:33:18+00:00\" \/>\n<meta property=\"og:image\" content=\"https:\/\/www.iniciatives.org\/wp-content\/uploads\/2014\/12\/acci\u00f3-comunit\u00e0ria-scaled.jpg\" \/>\n\t<meta property=\"og:image:width\" content=\"5616\" \/>\n\t<meta property=\"og:image:height\" content=\"3744\" \/>\n\t<meta property=\"og:image:type\" content=\"image\/jpeg\" \/>\n<meta name=\"twitter:card\" content=\"summary_large_image\" \/>\n<meta name=\"twitter:label1\" content=\"Tiempo de lectura\" \/>\n\t<meta name=\"twitter:data1\" content=\"3 minutos\" \/>\n<script type=\"application\/ld+json\" class=\"yoast-schema-graph\">{\"@context\":\"https:\/\/schema.org\",\"@graph\":[{\"@type\":\"WebPage\",\"@id\":\"https:\/\/www.iniciatives.org\/es\/que-fem\/accio-comunitaria\/\",\"url\":\"https:\/\/www.iniciatives.org\/es\/que-fem\/accio-comunitaria\/\",\"name\":\"Acci\u00f3n comunitaria - Iniciatives Solid\u00e0ries\",\"isPartOf\":{\"@id\":\"https:\/\/www.iniciatives.org\/#website\"},\"primaryImageOfPage\":{\"@id\":\"https:\/\/www.iniciatives.org\/es\/que-fem\/accio-comunitaria\/#primaryimage\"},\"image\":{\"@id\":\"https:\/\/www.iniciatives.org\/es\/que-fem\/accio-comunitaria\/#primaryimage\"},\"thumbnailUrl\":\"https:\/\/www.iniciatives.org\/wp-content\/uploads\/2014\/12\/acci\u00f3-comunit\u00e0ria-scaled.jpg\",\"datePublished\":\"2011-06-20T05:32:34+00:00\",\"dateModified\":\"2024-09-13T16:33:18+00:00\",\"breadcrumb\":{\"@id\":\"https:\/\/www.iniciatives.org\/es\/que-fem\/accio-comunitaria\/#breadcrumb\"},\"inLanguage\":\"es\",\"potentialAction\":[{\"@type\":\"ReadAction\",\"target\":[\"https:\/\/www.iniciatives.org\/es\/que-fem\/accio-comunitaria\/\"]}]},{\"@type\":\"ImageObject\",\"inLanguage\":\"es\",\"@id\":\"https:\/\/www.iniciatives.org\/es\/que-fem\/accio-comunitaria\/#primaryimage\",\"url\":\"https:\/\/www.iniciatives.org\/wp-content\/uploads\/2014\/12\/acci\u00f3-comunit\u00e0ria-scaled.jpg\",\"contentUrl\":\"https:\/\/www.iniciatives.org\/wp-content\/uploads\/2014\/12\/acci\u00f3-comunit\u00e0ria-scaled.jpg\",\"width\":2560,\"height\":1707,\"caption\":\"Acci\u00f3 comunit\u00e0ria. Cuinera servint menjar a un grup d'usuaris al centre d'acollida de Santa Perp\u00e8tua de Mogoda.\"},{\"@type\":\"BreadcrumbList\",\"@id\":\"https:\/\/www.iniciatives.org\/es\/que-fem\/accio-comunitaria\/#breadcrumb\",\"itemListElement\":[{\"@type\":\"ListItem\",\"position\":1,\"name\":\"Inici\",\"item\":\"https:\/\/www.iniciatives.org\/es\/\"},{\"@type\":\"ListItem\",\"position\":2,\"name\":\"Qu\u00e8 fem\",\"item\":\"https:\/\/www.iniciatives.org\/es\/que-fem\/\"},{\"@type\":\"ListItem\",\"position\":3,\"name\":\"Acci\u00f3n comunitaria\"}]},{\"@type\":\"WebSite\",\"@id\":\"https:\/\/www.iniciatives.org\/#website\",\"url\":\"https:\/\/www.iniciatives.org\/\",\"name\":\"Iniciatives Solid\u00e0ries\",\"description\":\"Iniciatives Solid\u00e0ries \u00e9s una ONG d\u2019acci\u00f3 social, acolliment i inserci\u00f3 social\",\"potentialAction\":[{\"@type\":\"SearchAction\",\"target\":{\"@type\":\"EntryPoint\",\"urlTemplate\":\"https:\/\/www.iniciatives.org\/?s={search_term_string}\"},\"query-input\":{\"@type\":\"PropertyValueSpecification\",\"valueRequired\":true,\"valueName\":\"search_term_string\"}}],\"inLanguage\":\"es\"}]}<\/script>\n<!-- \/ Yoast SEO plugin. -->","yoast_head_json":{"title":"Acci\u00f3n comunitaria - Iniciatives Solid\u00e0ries","robots":{"index":"index","follow":"follow","max-snippet":"max-snippet:-1","max-image-preview":"max-image-preview:large","max-video-preview":"max-video-preview:-1"},"canonical":"https:\/\/www.iniciatives.org\/es\/que-fem\/accio-comunitaria\/","og_locale":"es_ES","og_type":"article","og_title":"Acci\u00f3n comunitaria - Iniciatives Solid\u00e0ries","og_description":"Despu\u00e9s de que estallara la crisis econ\u00f3mica en 2008, mucha gente que ten\u00eda una situaci\u00f3n econ\u00f3mica inestable y dif\u00edcil acab\u00f3 de hundirse en la pobreza. Por ello, en 2010 Iniciatives puso en marcha un comedor social en Santa Perp\u00e8tua, que ofrecen una comida caliente al que no se le puede pagar. Adem\u00e1s, en el a\u00f1o&hellip;&nbsp;Leer m\u00e1s &raquo;Acci\u00f3n comunitaria","og_url":"https:\/\/www.iniciatives.org\/es\/que-fem\/accio-comunitaria\/","og_site_name":"Iniciatives Solid\u00e0ries","article_modified_time":"2024-09-13T16:33:18+00:00","og_image":[{"width":5616,"height":3744,"url":"https:\/\/www.iniciatives.org\/wp-content\/uploads\/2014\/12\/acci\u00f3-comunit\u00e0ria-scaled.jpg","type":"image\/jpeg"}],"twitter_card":"summary_large_image","twitter_misc":{"Tiempo de lectura":"3 minutos"},"schema":{"@context":"https:\/\/schema.org","@graph":[{"@type":"WebPage","@id":"https:\/\/www.iniciatives.org\/es\/que-fem\/accio-comunitaria\/","url":"https:\/\/www.iniciatives.org\/es\/que-fem\/accio-comunitaria\/","name":"Acci\u00f3n comunitaria - Iniciatives Solid\u00e0ries","isPartOf":{"@id":"https:\/\/www.iniciatives.org\/#website"},"primaryImageOfPage":{"@id":"https:\/\/www.iniciatives.org\/es\/que-fem\/accio-comunitaria\/#primaryimage"},"image":{"@id":"https:\/\/www.iniciatives.org\/es\/que-fem\/accio-comunitaria\/#primaryimage"},"thumbnailUrl":"https:\/\/www.iniciatives.org\/wp-content\/uploads\/2014\/12\/acci\u00f3-comunit\u00e0ria-scaled.jpg","datePublished":"2011-06-20T05:32:34+00:00","dateModified":"2024-09-13T16:33:18+00:00","breadcrumb":{"@id":"https:\/\/www.iniciatives.org\/es\/que-fem\/accio-comunitaria\/#breadcrumb"},"inLanguage":"es","potentialAction":[{"@type":"ReadAction","target":["https:\/\/www.iniciatives.org\/es\/que-fem\/accio-comunitaria\/"]}]},{"@type":"ImageObject","inLanguage":"es","@id":"https:\/\/www.iniciatives.org\/es\/que-fem\/accio-comunitaria\/#primaryimage","url":"https:\/\/www.iniciatives.org\/wp-content\/uploads\/2014\/12\/acci\u00f3-comunit\u00e0ria-scaled.jpg","contentUrl":"https:\/\/www.iniciatives.org\/wp-content\/uploads\/2014\/12\/acci\u00f3-comunit\u00e0ria-scaled.jpg","width":2560,"height":1707,"caption":"Acci\u00f3 comunit\u00e0ria. Cuinera servint menjar a un grup d'usuaris al centre d'acollida de Santa Perp\u00e8tua de Mogoda."},{"@type":"BreadcrumbList","@id":"https:\/\/www.iniciatives.org\/es\/que-fem\/accio-comunitaria\/#breadcrumb","itemListElement":[{"@type":"ListItem","position":1,"name":"Inici","item":"https:\/\/www.iniciatives.org\/es\/"},{"@type":"ListItem","position":2,"name":"Qu\u00e8 fem","item":"https:\/\/www.iniciatives.org\/es\/que-fem\/"},{"@type":"ListItem","position":3,"name":"Acci\u00f3n comunitaria"}]},{"@type":"WebSite","@id":"https:\/\/www.iniciatives.org\/#website","url":"https:\/\/www.iniciatives.org\/","name":"Iniciatives Solid\u00e0ries","description":"Iniciatives Solid\u00e0ries \u00e9s una ONG d\u2019acci\u00f3 social, acolliment i inserci\u00f3 social","potentialAction":[{"@type":"SearchAction","target":{"@type":"EntryPoint","urlTemplate":"https:\/\/www.iniciatives.org\/?s={search_term_string}"},"query-input":{"@type":"PropertyValueSpecification","valueRequired":true,"valueName":"search_term_string"}}],"inLanguage":"es"}]}},"_links":{"self":[{"href":"https:\/\/www.iniciatives.org\/es\/wp-json\/wp\/v2\/pages\/2417","targetHints":{"allow":["GET"]}}],"collection":[{"href":"https:\/\/www.iniciatives.org\/es\/wp-json\/wp\/v2\/pages"}],"about":[{"href":"https:\/\/www.iniciatives.org\/es\/wp-json\/wp\/v2\/types\/page"}],"author":[{"embeddable":true,"href":"https:\/\/www.iniciatives.org\/es\/wp-json\/wp\/v2\/users\/3"}],"replies":[{"embeddable":true,"href":"https:\/\/www.iniciatives.org\/es\/wp-json\/wp\/v2\/comments?post=2417"}],"version-history":[{"count":3,"href":"https:\/\/www.iniciatives.org\/es\/wp-json\/wp\/v2\/pages\/2417\/revisions"}],"predecessor-version":[{"id":5221,"href":"https:\/\/www.iniciatives.org\/es\/wp-json\/wp\/v2\/pages\/2417\/revisions\/5221"}],"up":[{"embeddable":true,"href":"https:\/\/www.iniciatives.org\/es\/wp-json\/wp\/v2\/pages\/2402"}],"wp:featuredmedia":[{"embeddable":true,"href":"https:\/\/www.iniciatives.org\/es\/wp-json\/wp\/v2\/media\/2387"}],"wp:attachment":[{"href":"https:\/\/www.iniciatives.org\/es\/wp-json\/wp\/v2\/media?parent=2417"}],"curies":[{"name":"wp","href":"https:\/\/api.w.org\/{rel}","templated":true}]}}