

{"id":2421,"date":"2011-06-25T20:50:38","date_gmt":"2011-06-25T18:50:38","guid":{"rendered":"https:\/\/www.iniciatives.org\/test\/NEW\/que-fem\/infancia\/"},"modified":"2024-09-13T18:36:07","modified_gmt":"2024-09-13T16:36:07","slug":"infancia","status":"publish","type":"page","link":"https:\/\/www.iniciatives.org\/es\/que-fem\/infancia\/","title":{"rendered":"Programa Caixa Proinf\u00e0ncia"},"content":{"rendered":"\n<div class=\"wp-block-cover alignfull is-light\" style=\"min-height:550px;aspect-ratio:unset;aspect-ratio:unset;\"><span aria-hidden=\"true\" class=\"wp-block-cover__background has-background-dim-0 has-background-dim\" style=\"background-color:#868078\"><\/span><img loading=\"lazy\" decoding=\"async\" width=\"1366\" height=\"910\" class=\"wp-block-cover__image-background wp-image-1314\" alt=\"Grup de nens jugant a cartes al Centre obert Gingko.\" src=\"https:\/\/www.iniciatives.org\/wp-content\/uploads\/2014\/10\/Infanciadef.jpg\" data-object-fit=\"cover\" srcset=\"https:\/\/www.iniciatives.org\/wp-content\/uploads\/2014\/10\/Infanciadef.jpg 1366w, https:\/\/www.iniciatives.org\/wp-content\/uploads\/2014\/10\/Infanciadef-600x400.jpg 600w, https:\/\/www.iniciatives.org\/wp-content\/uploads\/2014\/10\/Infanciadef-800x533.jpg 800w, https:\/\/www.iniciatives.org\/wp-content\/uploads\/2014\/10\/Infanciadef-768x512.jpg 768w, https:\/\/www.iniciatives.org\/wp-content\/uploads\/2014\/10\/Infanciadef-1200x799.jpg 1200w, https:\/\/www.iniciatives.org\/wp-content\/uploads\/2014\/10\/Infanciadef-930x620.jpg 930w\" sizes=\"auto, (max-width: 1366px) 100vw, 1366px\" \/><div class=\"wp-block-cover__inner-container is-layout-constrained wp-block-cover-is-layout-constrained\">\n<p class=\"has-text-align-center has-nv-text-dark-bg-color has-text-color has-link-color wp-elements-c44ecbb8f5628676f6ba9e2b7f474e9f\" style=\"font-size:50px;font-style:normal;font-weight:900\">Programa Caixa Proinf\u00e0ncia<\/p>\n<\/div><\/div>\n\n\n\n<p class=\"western\">A finales de 2013, el <a href=\"https:\/\/obrasocial.lacaixa.es\/ambitos\/caixaproinfancia\/caixaproinfancia_es.html\" target=\"_blank\" rel=\"noreferrer noopener\">Programa ProInf\u00e0ncia de l\u2019Obra Social de La Caixa<\/a> se incorpor\u00f3 al proyecto del Centro Abierto Ginkgo el barrio Cooperativa de Sant Boi de Llobregat. Gracias a su colaboraci\u00f3n, Iniciatives Solid\u00e0ries pudo ampliar las actividades que se llevan a cabo en el centro, que ahora cuenta con tres programas nuevos -el aula Abierta, el Grupo de Estudio Asistido, y las Colonias urbanas-, adem\u00e1s del Centro Abierto.<\/p>\n\n\n\n<p>El Aula Abierta es un espacio para hacer deberes, consultar dudas y aprender a organizar el trabajo, con el apoyo de una educadora. El objetivo es crear un entorno facilitador para hacer las tareas escolares. El Grupo de Estudio Asistido, por su parte, es un espacio para apoyar a un grupo m\u00e1s reducido de alumnos que tienen niveles y dificultades similares en la escuela y necesitan un seguimiento m\u00e1s cercano. Finalmente, las Colonias Urbanas son actividades de tiempo libre durante los per\u00edodos de vacaciones, que incluyen deportes, salidas culturales, excursiones a la monta\u00f1a y tiempo guiado de juego, entre otros.<\/p>\n\n\n<div class=\"wp-block-image\">\n<figure class=\"aligncenter\"><a href=\"https:\/\/fundacionlacaixa.org\/ca\/pobresa-infantil\" target=\"_blank\" rel=\"noopener\"><img loading=\"lazy\" decoding=\"async\" width=\"300\" height=\"127\" src=\"https:\/\/www.iniciatives.org\/wp-content\/uploads\/2014\/10\/CAIXA-PROINFANCIA-300x127.jpg\" alt=\"Logo del Programa Proinf\u00e0ncia de La Caixa\" class=\"wp-image-1468\" srcset=\"https:\/\/www.iniciatives.org\/wp-content\/uploads\/2014\/10\/CAIXA-PROINFANCIA-300x127.jpg 300w, https:\/\/www.iniciatives.org\/wp-content\/uploads\/2014\/10\/CAIXA-PROINFANCIA.jpg 450w\" sizes=\"auto, (max-width: 300px) 100vw, 300px\" \/><\/a><\/figure><\/div>\n\n\n<p class=\"western\"><\/p>\n","protected":false},"excerpt":{"rendered":"<p>A finales de 2013, el Programa ProInf\u00e0ncia de l\u2019Obra Social de La Caixa se incorpor\u00f3 al proyecto del Centro Abierto Ginkgo el barrio Cooperativa de Sant Boi de Llobregat. Gracias a su colaboraci\u00f3n, Iniciatives Solid\u00e0ries pudo ampliar las actividades que se llevan a cabo en el centro, que ahora cuenta con tres programas nuevos -el&hellip;&nbsp;<a href=\"https:\/\/www.iniciatives.org\/es\/que-fem\/infancia\/\" rel=\"bookmark\">Leer m\u00e1s &raquo;<span class=\"screen-reader-text\">Programa Caixa Proinf\u00e0ncia<\/span><\/a><\/p>\n","protected":false},"author":2,"featured_media":2422,"parent":2402,"menu_order":47,"comment_status":"closed","ping_status":"closed","template":"","meta":{"_eb_attr":"","neve_meta_sidebar":"","neve_meta_container":"","neve_meta_enable_content_width":"","neve_meta_content_width":0,"neve_meta_title_alignment":"","neve_meta_author_avatar":"","neve_post_elements_order":"","neve_meta_disable_header":"","neve_meta_disable_footer":"","neve_meta_disable_title":"on","footnotes":""},"class_list":["post-2421","page","type-page","status-publish","has-post-thumbnail","hentry"],"yoast_head":"<!-- This site is optimized with the Yoast SEO plugin v25.4 - https:\/\/yoast.com\/wordpress\/plugins\/seo\/ -->\n<title>Programa Caixa Proinf\u00e0ncia - Iniciatives Solid\u00e0ries<\/title>\n<meta name=\"robots\" content=\"index, follow, max-snippet:-1, max-image-preview:large, max-video-preview:-1\" \/>\n<link rel=\"canonical\" href=\"https:\/\/www.iniciatives.org\/es\/que-fem\/infancia\/\" \/>\n<meta property=\"og:locale\" content=\"es_ES\" \/>\n<meta property=\"og:type\" content=\"article\" \/>\n<meta property=\"og:title\" content=\"Programa Caixa Proinf\u00e0ncia - Iniciatives Solid\u00e0ries\" \/>\n<meta property=\"og:description\" content=\"A finales de 2013, el Programa ProInf\u00e0ncia de l\u2019Obra Social de La Caixa se incorpor\u00f3 al proyecto del Centro Abierto Ginkgo el barrio Cooperativa de Sant Boi de Llobregat. Gracias a su colaboraci\u00f3n, Iniciatives Solid\u00e0ries pudo ampliar las actividades que se llevan a cabo en el centro, que ahora cuenta con tres programas nuevos -el&hellip;&nbsp;Leer m\u00e1s &raquo;Programa Caixa Proinf\u00e0ncia\" \/>\n<meta property=\"og:url\" content=\"https:\/\/www.iniciatives.org\/es\/que-fem\/infancia\/\" \/>\n<meta property=\"og:site_name\" content=\"Iniciatives Solid\u00e0ries\" \/>\n<meta property=\"article:modified_time\" content=\"2024-09-13T16:36:07+00:00\" \/>\n<meta property=\"og:image\" content=\"https:\/\/www.iniciatives.org\/wp-content\/uploads\/2014\/10\/Infanciadef.jpg\" \/>\n\t<meta property=\"og:image:width\" content=\"1366\" \/>\n\t<meta property=\"og:image:height\" content=\"910\" \/>\n\t<meta property=\"og:image:type\" content=\"image\/jpeg\" \/>\n<meta name=\"twitter:card\" content=\"summary_large_image\" \/>\n<meta name=\"twitter:label1\" content=\"Tiempo de lectura\" \/>\n\t<meta name=\"twitter:data1\" content=\"2 minutos\" \/>\n<script type=\"application\/ld+json\" class=\"yoast-schema-graph\">{\"@context\":\"https:\/\/schema.org\",\"@graph\":[{\"@type\":\"WebPage\",\"@id\":\"https:\/\/www.iniciatives.org\/es\/que-fem\/infancia\/\",\"url\":\"https:\/\/www.iniciatives.org\/es\/que-fem\/infancia\/\",\"name\":\"Programa Caixa Proinf\u00e0ncia - Iniciatives Solid\u00e0ries\",\"isPartOf\":{\"@id\":\"https:\/\/www.iniciatives.org\/#website\"},\"primaryImageOfPage\":{\"@id\":\"https:\/\/www.iniciatives.org\/es\/que-fem\/infancia\/#primaryimage\"},\"image\":{\"@id\":\"https:\/\/www.iniciatives.org\/es\/que-fem\/infancia\/#primaryimage\"},\"thumbnailUrl\":\"https:\/\/www.iniciatives.org\/wp-content\/uploads\/2014\/10\/Infanciadef.jpg\",\"datePublished\":\"2011-06-25T18:50:38+00:00\",\"dateModified\":\"2024-09-13T16:36:07+00:00\",\"breadcrumb\":{\"@id\":\"https:\/\/www.iniciatives.org\/es\/que-fem\/infancia\/#breadcrumb\"},\"inLanguage\":\"es\",\"potentialAction\":[{\"@type\":\"ReadAction\",\"target\":[\"https:\/\/www.iniciatives.org\/es\/que-fem\/infancia\/\"]}]},{\"@type\":\"ImageObject\",\"inLanguage\":\"es\",\"@id\":\"https:\/\/www.iniciatives.org\/es\/que-fem\/infancia\/#primaryimage\",\"url\":\"https:\/\/www.iniciatives.org\/wp-content\/uploads\/2014\/10\/Infanciadef.jpg\",\"contentUrl\":\"https:\/\/www.iniciatives.org\/wp-content\/uploads\/2014\/10\/Infanciadef.jpg\",\"width\":1366,\"height\":910,\"caption\":\"Inf\u00e0ncia. Grup de nens jugant a cartes al Centre obert Gingko.\"},{\"@type\":\"BreadcrumbList\",\"@id\":\"https:\/\/www.iniciatives.org\/es\/que-fem\/infancia\/#breadcrumb\",\"itemListElement\":[{\"@type\":\"ListItem\",\"position\":1,\"name\":\"Inici\",\"item\":\"https:\/\/www.iniciatives.org\/es\/\"},{\"@type\":\"ListItem\",\"position\":2,\"name\":\"Qu\u00e8 fem\",\"item\":\"https:\/\/www.iniciatives.org\/es\/que-fem\/\"},{\"@type\":\"ListItem\",\"position\":3,\"name\":\"Programa Caixa Proinf\u00e0ncia\"}]},{\"@type\":\"WebSite\",\"@id\":\"https:\/\/www.iniciatives.org\/#website\",\"url\":\"https:\/\/www.iniciatives.org\/\",\"name\":\"Iniciatives Solid\u00e0ries\",\"description\":\"Iniciatives Solid\u00e0ries \u00e9s una ONG d\u2019acci\u00f3 social, acolliment i inserci\u00f3 social\",\"potentialAction\":[{\"@type\":\"SearchAction\",\"target\":{\"@type\":\"EntryPoint\",\"urlTemplate\":\"https:\/\/www.iniciatives.org\/?s={search_term_string}\"},\"query-input\":{\"@type\":\"PropertyValueSpecification\",\"valueRequired\":true,\"valueName\":\"search_term_string\"}}],\"inLanguage\":\"es\"}]}<\/script>\n<!-- \/ Yoast SEO plugin. -->","yoast_head_json":{"title":"Programa Caixa Proinf\u00e0ncia - Iniciatives Solid\u00e0ries","robots":{"index":"index","follow":"follow","max-snippet":"max-snippet:-1","max-image-preview":"max-image-preview:large","max-video-preview":"max-video-preview:-1"},"canonical":"https:\/\/www.iniciatives.org\/es\/que-fem\/infancia\/","og_locale":"es_ES","og_type":"article","og_title":"Programa Caixa Proinf\u00e0ncia - Iniciatives Solid\u00e0ries","og_description":"A finales de 2013, el Programa ProInf\u00e0ncia de l\u2019Obra Social de La Caixa se incorpor\u00f3 al proyecto del Centro Abierto Ginkgo el barrio Cooperativa de Sant Boi de Llobregat. Gracias a su colaboraci\u00f3n, Iniciatives Solid\u00e0ries pudo ampliar las actividades que se llevan a cabo en el centro, que ahora cuenta con tres programas nuevos -el&hellip;&nbsp;Leer m\u00e1s &raquo;Programa Caixa Proinf\u00e0ncia","og_url":"https:\/\/www.iniciatives.org\/es\/que-fem\/infancia\/","og_site_name":"Iniciatives Solid\u00e0ries","article_modified_time":"2024-09-13T16:36:07+00:00","og_image":[{"width":1366,"height":910,"url":"https:\/\/www.iniciatives.org\/wp-content\/uploads\/2014\/10\/Infanciadef.jpg","type":"image\/jpeg"}],"twitter_card":"summary_large_image","twitter_misc":{"Tiempo de lectura":"2 minutos"},"schema":{"@context":"https:\/\/schema.org","@graph":[{"@type":"WebPage","@id":"https:\/\/www.iniciatives.org\/es\/que-fem\/infancia\/","url":"https:\/\/www.iniciatives.org\/es\/que-fem\/infancia\/","name":"Programa Caixa Proinf\u00e0ncia - Iniciatives Solid\u00e0ries","isPartOf":{"@id":"https:\/\/www.iniciatives.org\/#website"},"primaryImageOfPage":{"@id":"https:\/\/www.iniciatives.org\/es\/que-fem\/infancia\/#primaryimage"},"image":{"@id":"https:\/\/www.iniciatives.org\/es\/que-fem\/infancia\/#primaryimage"},"thumbnailUrl":"https:\/\/www.iniciatives.org\/wp-content\/uploads\/2014\/10\/Infanciadef.jpg","datePublished":"2011-06-25T18:50:38+00:00","dateModified":"2024-09-13T16:36:07+00:00","breadcrumb":{"@id":"https:\/\/www.iniciatives.org\/es\/que-fem\/infancia\/#breadcrumb"},"inLanguage":"es","potentialAction":[{"@type":"ReadAction","target":["https:\/\/www.iniciatives.org\/es\/que-fem\/infancia\/"]}]},{"@type":"ImageObject","inLanguage":"es","@id":"https:\/\/www.iniciatives.org\/es\/que-fem\/infancia\/#primaryimage","url":"https:\/\/www.iniciatives.org\/wp-content\/uploads\/2014\/10\/Infanciadef.jpg","contentUrl":"https:\/\/www.iniciatives.org\/wp-content\/uploads\/2014\/10\/Infanciadef.jpg","width":1366,"height":910,"caption":"Inf\u00e0ncia. Grup de nens jugant a cartes al Centre obert Gingko."},{"@type":"BreadcrumbList","@id":"https:\/\/www.iniciatives.org\/es\/que-fem\/infancia\/#breadcrumb","itemListElement":[{"@type":"ListItem","position":1,"name":"Inici","item":"https:\/\/www.iniciatives.org\/es\/"},{"@type":"ListItem","position":2,"name":"Qu\u00e8 fem","item":"https:\/\/www.iniciatives.org\/es\/que-fem\/"},{"@type":"ListItem","position":3,"name":"Programa Caixa Proinf\u00e0ncia"}]},{"@type":"WebSite","@id":"https:\/\/www.iniciatives.org\/#website","url":"https:\/\/www.iniciatives.org\/","name":"Iniciatives Solid\u00e0ries","description":"Iniciatives Solid\u00e0ries \u00e9s una ONG d\u2019acci\u00f3 social, acolliment i inserci\u00f3 social","potentialAction":[{"@type":"SearchAction","target":{"@type":"EntryPoint","urlTemplate":"https:\/\/www.iniciatives.org\/?s={search_term_string}"},"query-input":{"@type":"PropertyValueSpecification","valueRequired":true,"valueName":"search_term_string"}}],"inLanguage":"es"}]}},"_links":{"self":[{"href":"https:\/\/www.iniciatives.org\/es\/wp-json\/wp\/v2\/pages\/2421","targetHints":{"allow":["GET"]}}],"collection":[{"href":"https:\/\/www.iniciatives.org\/es\/wp-json\/wp\/v2\/pages"}],"about":[{"href":"https:\/\/www.iniciatives.org\/es\/wp-json\/wp\/v2\/types\/page"}],"author":[{"embeddable":true,"href":"https:\/\/www.iniciatives.org\/es\/wp-json\/wp\/v2\/users\/2"}],"replies":[{"embeddable":true,"href":"https:\/\/www.iniciatives.org\/es\/wp-json\/wp\/v2\/comments?post=2421"}],"version-history":[{"count":5,"href":"https:\/\/www.iniciatives.org\/es\/wp-json\/wp\/v2\/pages\/2421\/revisions"}],"predecessor-version":[{"id":5226,"href":"https:\/\/www.iniciatives.org\/es\/wp-json\/wp\/v2\/pages\/2421\/revisions\/5226"}],"up":[{"embeddable":true,"href":"https:\/\/www.iniciatives.org\/es\/wp-json\/wp\/v2\/pages\/2402"}],"wp:featuredmedia":[{"embeddable":true,"href":"https:\/\/www.iniciatives.org\/es\/wp-json\/wp\/v2\/media\/2422"}],"wp:attachment":[{"href":"https:\/\/www.iniciatives.org\/es\/wp-json\/wp\/v2\/media?parent=2421"}],"curies":[{"name":"wp","href":"https:\/\/api.w.org\/{rel}","templated":true}]}}