

{"id":2501,"date":"2011-09-13T19:48:34","date_gmt":"2011-09-13T19:48:34","guid":{"rendered":"https:\/\/www.iniciatives.org\/test\/NEW\/avis-legal-ct\/"},"modified":"2024-10-10T18:10:09","modified_gmt":"2024-10-10T16:10:09","slug":"avis-legal-ct","status":"publish","type":"page","link":"https:\/\/www.iniciatives.org\/es\/avis-legal-ct\/","title":{"rendered":"Aviso legal"},"content":{"rendered":"\n<p><strong>CONDICIONES DE USO&nbsp;<\/strong><\/p>\n\n\n\n<ol class=\"wp-block-list\">\n<li><strong>Introducci\u00f3n<\/strong><\/li>\n<\/ol>\n\n\n\n<p>En cumplimiento de la normativa vigente, se informa que esta p\u00e1gina web es propiedad de la<em> Fundaci\u00f3 Iniciatives Solid\u00e0ries (FIS), <\/em>con domicilio en la calla&nbsp;Consell de Cent, 140, entresuelo 1\u00aa, 08015 Barcelona<em>, <\/em>tel\u00e9fono 93 424 14 41 y correo electr\u00f3nico <a href=\"mailto:iniciatives@iniciatives.org\">iniciatives@iniciatives.org<\/a>.<\/p>\n\n\n\n<p>El usuario de este sitio web acepta hacer uso del mismo bajo su cuenta y riesgo, aceptando las siguientes condiciones, las cuales debe leer detenidamente.<\/p>\n\n\n\n<ol start=\"2\" class=\"wp-block-list\">\n<li><strong>Condiciones Generales.<\/strong><\/li>\n<\/ol>\n\n\n\n<p>El contenido que aparece en la p\u00e1gina web tiene car\u00e1cter meramente informativo de la actividad desarrollada por FIS, sin que pueda ser entendida, en ning\u00fan caso, como una relaci\u00f3n contractual, ni de ning\u00fan otro tipo, que vincule al usuario con FIS.<\/p>\n\n\n\n<p>FIS no se responsabilizar\u00e1 de la informaci\u00f3n que contengan los enlaces que aparezcan en la p\u00e1gina web oficial, debido a que los mismos pueden conducir a sitios web sobre los cuales FIS no puede controlar ni hacerse cargo de ellos, por lo que deben entenderse como meramente informativos. As\u00ed pues, al acceder a ellos, el usuario acepta hacerlo bajo su propia cuenta y riesgo.<\/p>\n\n\n\n<p>FIS no responder\u00e1 por los da\u00f1os que puedan surgir en el equipo inform\u00e1tico del usuario por el hecho de utilizar la p\u00e1gina web o de acceder a los enlaces que en ella aparecen, debido a que no puede garantizar que la p\u00e1gina web est\u00e9 completamente libre de softwares maliciosos que pudieran resultar da\u00f1inos para dicho equipo y mucho menos en lo que respecta a las p\u00e1ginas web a las cuales conducen los enlaces que aparecen en la presente.<\/p>\n\n\n\n<p>FIS se reserva el derecho de modificar o actualizar las presentes Condiciones de Uso en cualquier momento, as\u00ed como cualquier tipo de informaci\u00f3n que pudiera aparecer en el sitio web.<\/p>\n\n\n\n<p>A los efectos de las presentes Condiciones de Uso&nbsp;y para cualquier comunicaci\u00f3n que sea precisa entre el usuario y FIS, los interesados podr\u00e1n dirigirse a<a href=\"mailto:iniciatives@iniciatives.org\">iniciatives@iniciatives.org<\/a><em>.<\/em><\/p>\n\n\n\n<ol start=\"3\" class=\"wp-block-list\">\n<li><strong>Propiedad intelectual e industrial.<\/strong><\/li>\n<\/ol>\n\n\n\n<p>FIS se reserva todos los derechos en materia de propiedad intelectual e industrial sobre el contenido, im\u00e1genes, logos, marcas o similares que aparezcan en esta p\u00e1gina web. De modo que queda totalmente prohibido al usuario reproducir, distribuir, comunicar p\u00fablicamente, transformar y explotar de cualquier manera los contenidos aparecidos en la p\u00e1gina web sin haber obtenido la autorizaci\u00f3n expresa y por escrito de FIS.<\/p>\n\n\n\n<p><strong><u>POL\u00cdTICA DE PRIVACIDAD<\/u><\/strong><\/p>\n\n\n\n<p>FIS tratar\u00e1 los datos de car\u00e1cter personal que el usuario facilite utilizando los formularios de esta p\u00e1gina web o por medio de las direcciones de correo electr\u00f3nico que en ella aparecen. Los datos personales de los usuarios ser\u00e1n incluidos en un Registro de actividades de tratamiento, gestionado por dicha entidad.<\/p>\n\n\n\n<p>FIS se compromete a tratar y a custodiar con absoluta confidencialidad los datos que el usuario facilite a trav\u00e9s de esta p\u00e1gina web, en cumplimiento de lo establecido por la normativa vigente en materia de protecci\u00f3n de datos de car\u00e1cter personal, habi\u00e9ndose adoptado las medidas t\u00e9cnicas y organizativas exigidas por el Reglamento (UE) 2016\/679 del Parlamento Europeo y del Consejo de 27 de abril de 2016, relativo a la protecci\u00f3n de las personas f\u00edsicas en lo que respecta al tratamiento de los datos personales y a la libre circulaci\u00f3n de estos datos (RGPD) y por la Ley Org\u00e1nica 3\/2018, de 5 de diciembre, de Protecci\u00f3n de Datos Personales y garant\u00eda de los derechos digitales.<\/p>\n\n\n\n<p>Las personas interesadas tienen derecho a ser informadas sobre las siguientes circunstancias relativas al tratamiento de sus datos:<\/p>\n\n\n\n<ul class=\"wp-block-list\">\n<li><strong>\u00bfQui\u00e9n es el responsable del tratamiento de sus datos?<\/strong><\/li>\n<\/ul>\n\n\n\n<p><strong>Identidad:<\/strong> FUNDACI\u00d3 INICIATIVES SOLID\u00c0RIES.<br><strong>Direcci\u00f3n:<\/strong> C\/ Consell de Cent, n\u00fam. 140, E \u2013 1\u00aa 08015 de Barcelona.<br><strong>Tel\u00e9fono:<\/strong> 93 424 14 41<br><strong>Direcci\u00f3n electr\u00f3nica:<\/strong> <a href=\"mailto:iniciatives@iniciatives.org\">iniciatives@iniciatives.org<\/a><\/p>\n\n\n\n<ul class=\"wp-block-list\">\n<li><strong>\u00bfCon qu\u00e9 finalidad tratamos sus datos personales?<\/strong><\/li>\n<\/ul>\n\n\n\n<p>La informaci\u00f3n que nos facilitan las personas interesadas es tratada con la finalidad de gestionar el censo de personas con las que FIS mantiene contacto y para el env\u00edo de informaci\u00f3n o de eventos promovidos por dicha entidad.<\/p>\n\n\n\n<p>Los datos personales de los interesados no son objeto de decisiones automatizadas y tampoco son utilizados para la elaboraci\u00f3n de un perfil.<\/p>\n\n\n\n<ul class=\"wp-block-list\">\n<li><strong>\u00bfCu\u00e1nto tiempo conservaremos sus datos?<\/strong><\/li>\n<\/ul>\n\n\n\n<p>Los datos personales proporcionados se conservar\u00e1n mientras se mantenga la relaci\u00f3n entre el usuario y FIS. En todo caso, cuando los datos personales no sean necesarios para la finalidad para la que fueron recogidos y mientras no se produzca su cancelaci\u00f3n definitiva, ser\u00e1n conservados de forma bloqueada.<\/p>\n\n\n\n<ul class=\"wp-block-list\">\n<li><strong>\u00bfCu\u00e1l es la legitimaci\u00f3n para el tratamiento de sus datos?<\/strong><\/li>\n<\/ul>\n\n\n\n<p>La legitimaci\u00f3n para el tratamiento es el inter\u00e9s leg\u00edtimo de FIS en mantener la relaci\u00f3n existente con el usuario. De esta forma, FIS recoger\u00e1 y tratar\u00e1 los datos personales mientras el usuario no revoque el consentimiento que ha prestado para el tratamiento de sus datos.<\/p>\n\n\n\n<ul class=\"wp-block-list\">\n<li><strong>\u00bfA qu\u00e9 destinatarios se comunicar\u00e1n sus datos?<\/strong><\/li>\n<\/ul>\n\n\n\n<p>Los datos personales que FIS est\u00e1 tratando no ser\u00e1n comunicados a terceros destinatarios ni ser\u00e1n objeto de transferencias internacionales, excepto en aquellos casos en que sea estrictamente necesario para gestionar y mantener la relaci\u00f3n con el usuario o con previa autorizaci\u00f3n por parte del mismo.<\/p>\n\n\n\n<ul class=\"wp-block-list\">\n<li><strong>\u00bfCu\u00e1les son sus derechos?<\/strong><\/li>\n<\/ul>\n\n\n\n<p>Cualquier persona tiene derecho a obtener confirmaci\u00f3n sobre si FIS est\u00e1 tratando datos personales que lo conciernen, o no. Las personas interesadas tienen derecho a acceder a sus datos personales, as\u00ed como a solicitar la rectificaci\u00f3n de los datos inexactos o, si es el caso, solicitar su supresi\u00f3n cuando los datos ya no sean necesarios para las finalidades para las cuales fueron recogidos o por cualquier otro motivo.<\/p>\n\n\n\n<p>En determinadas circunstancias, previstas en el art\u00edculo 18 del RGPD, los interesados pueden solicitar la limitaci\u00f3n del tratamiento de sus datos.<\/p>\n\n\n\n<p>Los interesados tambi\u00e9n pueden oponerse al tratamiento de sus datos. FIS dejar\u00e1 de tratar los datos, salvo motivos leg\u00edtimos imperiosos, desde el momento en que el usuario ejerza su derecho de oposici\u00f3n.<\/p>\n\n\n\n<p>En virtud del derecho a la portabilidad, los interesados tienen derecho a obtener sus datos personales en un formato estructurado de uso com\u00fan y de lectura mec\u00e1nica y a que estos sean transmitidos a otro responsable.<\/p>\n\n\n\n<ul class=\"wp-block-list\">\n<li><strong>\u00bfC\u00f3mo puede ejercer sus derechos? <\/strong><\/li>\n<\/ul>\n\n\n\n<p>Puede ejercer sus derechos cumplimentando y enviando a FIS el formulario correspondiente al derecho que quiera ejercer:<\/p>\n\n\n\n<ul class=\"wp-block-list\">\n<li>Formulario del Derecho de acceso.<\/li>\n\n\n\n<li>Formulario del Derecho de rectificaci\u00f3n.<\/li>\n\n\n\n<li>Formulario del Derecho de supresi\u00f3n.<\/li>\n\n\n\n<li>Formulario del Derecho de oposici\u00f3n.<\/li>\n\n\n\n<li>Formulario del Derecho a la portabilidad.<\/li>\n\n\n\n<li>Formulario del Derecho a la limitaci\u00f3n.<\/li>\n\n\n\n<li>Formulario del Derecho de revocaci\u00f3n del consentimiento<\/li>\n<\/ul>\n\n\n\n<p>Por otra parte, si considera que sus derechos no han sido atendidos adecuadamente, tiene derecho a presentar una reclamaci\u00f3n ante la Agencia Espa\u00f1ola de Protecci\u00f3n de Datos.<\/p>\n\n\n\n<p><strong><u>POL\u00cdTICA DE COOKIES<\/u><\/strong><\/p>\n\n\n\n<p>Se informa al usuario de que este sitio web utiliza <em>cookies<\/em> y tecnolog\u00edas similares. Una <em>cookie<\/em> es un peque\u00f1o archivo que se almacena en el ordenador de los usuarios. Las <em>cookies<\/em> permiten, entre otras cosas, obtener informaci\u00f3n sobre los h\u00e1bitos de navegaci\u00f3n de los usuarios o de sus dispositivos. El conjunto de <em>cookies<\/em> nos ayuda a mejorar la calidad de nuestra p\u00e1gina web y permite controlar qu\u00e9 p\u00e1ginas encuentran \u00fatiles nuestros usuarios y cu\u00e1les no.<\/p>\n\n\n\n<p>Las <em>cookies<\/em> resultan esenciales para el funcionamiento de Internet, ya que aportan muchas ventajas en la prestaci\u00f3n de servicios interactivos, facilitando la navegaci\u00f3n y la usabilidad de nuestro sitio web. Ha de tenerse presente que las <em>cookies<\/em> en ning\u00fan caso pueden da\u00f1ar los equipos de las personas que visitan nuestra web.<\/p>\n\n\n\n<p>Existen dos tipos de <em>cookies<\/em>:<\/p>\n\n\n\n<ul class=\"wp-block-list\">\n<li><strong><em>Cookies de sesi\u00f3n<\/em><\/strong><strong>: <\/strong>se trata de <em>cookies<\/em> temporales que permanecen en el archivo de <em>cookies<\/em> del navegador hasta que se abandona la p\u00e1gina web, de forma que en ning\u00fan caso queda registrada en el disco duro de los usuarios. A trav\u00e9s de estas <em>cookies<\/em> se puede obtener informaci\u00f3n relacionada con las pautas de tr\u00e1nsito en el sitio web.<em>&nbsp;<\/em><\/li>\n\n\n\n<li><strong><em>Cookies permanentes<\/em><\/strong>: se almacenan en el disco duro y el web las lee cada vez que el usuario hace una nueva visita. Estas <em>cookies<\/em> tienen una fecha de expiraci\u00f3n determinada, despu\u00e9s de la cual dejan de funcionar.<\/li>\n<\/ul>\n\n\n\n<p>Muchos navegadores permiten activar una opci\u00f3n de navegaci\u00f3n privada mediante la cual las <em>cookies<\/em> se borran siempre despu\u00e9s de su visita. Dependiendo de cada navegador, esta navegaci\u00f3n privada puede tener distintos nombres.<\/p>\n\n\n\n<p>Cuando accede a nuestro sitio web se le ofrece la oportunidad de aceptar nuestra pol\u00edtica de <em>cookies<\/em>, la aceptaci\u00f3n de las cuales es necesaria para la navegaci\u00f3n dentro de nuestra p\u00e1gina web.<\/p>\n\n\n\n<ul class=\"wp-block-list\">\n<li>b.<\/li>\n<\/ul>\n\n\n\n<figure class=\"wp-block-table\"><table class=\"has-fixed-layout\"><tbody><tr><th>Finalidad<\/th><th>Proveedor<\/th><th>Nombre de la cookie<\/th><th>Gesti\u00f3n<\/th><th>Vigencia<\/th><th>Funci\u00f3n<\/th><\/tr><tr><td>T\u00e9cnicas<\/td><td>Propia<\/td><td>PHPSESSID<\/td><td>Propia<\/td><td>1 a\u00f1o<\/td><td>PHPSESSID. Esta cookie es usada por el lenguaje de encriptado PHP para permitir que las variables de SESI\u00d3N sean guardadas en el servidor web.<\/td><\/tr><tr><td>T\u00e9cnicas<\/td><td>Propia<\/td><td>wp-settings-time-1, wp-settings-1<\/td><td>Propia<\/td><td>1 a\u00f1o<\/td><td>Estas cookies son utilizadas por WordPress para personalizar la Interfaz de Usuario.<\/td><\/tr><tr><td>T\u00e9cnicas<\/td><td>Propia<\/td><td>wordpress_logged_in_<\/td><td>Propia<\/td><td>1 a\u00f1o<\/td><td>Despu\u00e9s del loggin, WordPress activa la cookie wordpress_logged_in_, cuya funci\u00f3n es indicar cuando se ha conectado y qui\u00e9n es, siendo utilizado por la interfaz de WordPress.<\/td><\/tr><tr><td>T\u00e9cnicas<\/td><td>Propia<\/td><td>wp-wpml_current_language<\/td><td>Propia<\/td><td>1 a\u00f1o<\/td><td>Permite recordar el idioma del usuario<\/td><\/tr><tr><td>T\u00e9cnicas<\/td><td>Propia<\/td><td>concentiment_cookies<\/td><td>Propia<\/td><td>1 a\u00f1o<\/td><td>Guarda el valor de la aceptaci\u00f3n del cartel de cookies<\/td><\/tr><tr><td>T\u00e9cnicas<\/td><td>Propia<\/td><td>dateExpireCookie<\/td><td>Propia<\/td><td>1 a\u00f1o<\/td><td>Guarda la fecha de expiraci\u00f3n de la cookie del cartel de cookies<\/td><\/tr><tr><td>Anal\u00edticas<\/td><td>GOOGLE<\/td><td>_ga<\/td><td>Terceros<\/td><td>2 a\u00f1os<\/td><td>Ofrecer estad\u00edsticas de uso de los sitios web. Tambi\u00e9n se pueden utilizar junto con algunas de las cookies publicitarias descritas anteriormente para mostrar anuncios m\u00e1s relevantes en las propiedades de Google<\/td><\/tr><tr><td>Anal\u00edticas<\/td><td>GOOGLE<\/td><td>_gid<\/td><td>Terceros<\/td><td>23 horas<\/td><td>Registra una identificaci\u00f3n \u00fanica que se utiliza para generar datos estad\u00edsticos sobre c\u00f3mo el visitante utiliza el sitio web.<\/td><\/tr><tr><td>Anal\u00edticas<\/td><td>GOOGLE<\/td><td>_gat<\/td><td>Terceros<\/td><td>1 minuto<\/td><td>Se usa para limitar el porcentaje de solicitudes. Si se ha implementado Google Analytics mediante Google Tag Manager, esta cookie se llamar\u00e1 _dc_gtm_.<\/td><\/tr><\/tbody><\/table><\/figure>\n\n\n\n<p>Configuraci\u00f3 de cookies.<\/p>\n\n\n<p>[llistat-cookies]<\/p>\n\n\n\n<p>Configuraci\u00f3n de cookies.<\/p>\n","protected":false},"excerpt":{"rendered":"<p>CONDICIONES DE USO&nbsp; En cumplimiento de la normativa vigente, se informa que esta p\u00e1gina web es propiedad de la Fundaci\u00f3 Iniciatives Solid\u00e0ries (FIS), con domicilio en la calla&nbsp;Consell de Cent, 140, entresuelo 1\u00aa, 08015 Barcelona, tel\u00e9fono 93 424 14 41 y correo electr\u00f3nico iniciatives@iniciatives.org. El usuario de este sitio web acepta hacer uso del mismo&hellip;&nbsp;<a href=\"https:\/\/www.iniciatives.org\/es\/avis-legal-ct\/\" rel=\"bookmark\">Leer m\u00e1s &raquo;<span class=\"screen-reader-text\">Aviso legal<\/span><\/a><\/p>\n","protected":false},"author":3,"featured_media":0,"parent":0,"menu_order":16,"comment_status":"closed","ping_status":"open","template":"","meta":{"_eb_attr":"","neve_meta_sidebar":"","neve_meta_container":"","neve_meta_enable_content_width":"","neve_meta_content_width":0,"neve_meta_title_alignment":"center","neve_meta_author_avatar":"","neve_post_elements_order":"","neve_meta_disable_header":"off","neve_meta_disable_footer":"","neve_meta_disable_title":"off","footnotes":""},"class_list":["post-2501","page","type-page","status-publish","hentry"],"yoast_head":"<!-- This site is optimized with the Yoast SEO plugin v25.4 - https:\/\/yoast.com\/wordpress\/plugins\/seo\/ -->\n<title>Aviso legal - Iniciatives Solid\u00e0ries<\/title>\n<meta name=\"robots\" content=\"index, follow, max-snippet:-1, max-image-preview:large, max-video-preview:-1\" \/>\n<link rel=\"canonical\" href=\"https:\/\/www.iniciatives.org\/es\/avis-legal-ct\/\" \/>\n<meta property=\"og:locale\" content=\"es_ES\" \/>\n<meta property=\"og:type\" content=\"article\" \/>\n<meta property=\"og:title\" content=\"Aviso legal - Iniciatives Solid\u00e0ries\" \/>\n<meta property=\"og:description\" content=\"CONDICIONES DE USO&nbsp; En cumplimiento de la normativa vigente, se informa que esta p\u00e1gina web es propiedad de la Fundaci\u00f3 Iniciatives Solid\u00e0ries (FIS), con domicilio en la calla&nbsp;Consell de Cent, 140, entresuelo 1\u00aa, 08015 Barcelona, tel\u00e9fono 93 424 14 41 y correo electr\u00f3nico iniciatives@iniciatives.org. El usuario de este sitio web acepta hacer uso del mismo&hellip;&nbsp;Leer m\u00e1s &raquo;Aviso legal\" \/>\n<meta property=\"og:url\" content=\"https:\/\/www.iniciatives.org\/es\/avis-legal-ct\/\" \/>\n<meta property=\"og:site_name\" content=\"Iniciatives Solid\u00e0ries\" \/>\n<meta property=\"article:modified_time\" content=\"2024-10-10T16:10:09+00:00\" \/>\n<meta property=\"og:image\" content=\"https:\/\/www.iniciatives.org\/wp-content\/uploads\/2020\/11\/NovaWeb_IniciativesSolidaries-scaled.jpg\" \/>\n\t<meta property=\"og:image:width\" content=\"2560\" \/>\n\t<meta property=\"og:image:height\" content=\"1352\" \/>\n\t<meta property=\"og:image:type\" content=\"image\/jpeg\" \/>\n<meta name=\"twitter:card\" content=\"summary_large_image\" \/>\n<meta name=\"twitter:label1\" content=\"Tiempo de lectura\" \/>\n\t<meta name=\"twitter:data1\" content=\"9 minutos\" \/>\n<script type=\"application\/ld+json\" class=\"yoast-schema-graph\">{\"@context\":\"https:\/\/schema.org\",\"@graph\":[{\"@type\":\"WebPage\",\"@id\":\"https:\/\/www.iniciatives.org\/es\/avis-legal-ct\/\",\"url\":\"https:\/\/www.iniciatives.org\/es\/avis-legal-ct\/\",\"name\":\"Aviso legal - Iniciatives Solid\u00e0ries\",\"isPartOf\":{\"@id\":\"https:\/\/www.iniciatives.org\/#website\"},\"datePublished\":\"2011-09-13T19:48:34+00:00\",\"dateModified\":\"2024-10-10T16:10:09+00:00\",\"breadcrumb\":{\"@id\":\"https:\/\/www.iniciatives.org\/es\/avis-legal-ct\/#breadcrumb\"},\"inLanguage\":\"es\",\"potentialAction\":[{\"@type\":\"ReadAction\",\"target\":[\"https:\/\/www.iniciatives.org\/es\/avis-legal-ct\/\"]}]},{\"@type\":\"BreadcrumbList\",\"@id\":\"https:\/\/www.iniciatives.org\/es\/avis-legal-ct\/#breadcrumb\",\"itemListElement\":[{\"@type\":\"ListItem\",\"position\":1,\"name\":\"Inici\",\"item\":\"https:\/\/www.iniciatives.org\/es\/\"},{\"@type\":\"ListItem\",\"position\":2,\"name\":\"Aviso legal\"}]},{\"@type\":\"WebSite\",\"@id\":\"https:\/\/www.iniciatives.org\/#website\",\"url\":\"https:\/\/www.iniciatives.org\/\",\"name\":\"Iniciatives Solid\u00e0ries\",\"description\":\"Iniciatives Solid\u00e0ries \u00e9s una ONG d\u2019acci\u00f3 social, acolliment i inserci\u00f3 social\",\"potentialAction\":[{\"@type\":\"SearchAction\",\"target\":{\"@type\":\"EntryPoint\",\"urlTemplate\":\"https:\/\/www.iniciatives.org\/?s={search_term_string}\"},\"query-input\":{\"@type\":\"PropertyValueSpecification\",\"valueRequired\":true,\"valueName\":\"search_term_string\"}}],\"inLanguage\":\"es\"}]}<\/script>\n<!-- \/ Yoast SEO plugin. -->","yoast_head_json":{"title":"Aviso legal - Iniciatives Solid\u00e0ries","robots":{"index":"index","follow":"follow","max-snippet":"max-snippet:-1","max-image-preview":"max-image-preview:large","max-video-preview":"max-video-preview:-1"},"canonical":"https:\/\/www.iniciatives.org\/es\/avis-legal-ct\/","og_locale":"es_ES","og_type":"article","og_title":"Aviso legal - Iniciatives Solid\u00e0ries","og_description":"CONDICIONES DE USO&nbsp; En cumplimiento de la normativa vigente, se informa que esta p\u00e1gina web es propiedad de la Fundaci\u00f3 Iniciatives Solid\u00e0ries (FIS), con domicilio en la calla&nbsp;Consell de Cent, 140, entresuelo 1\u00aa, 08015 Barcelona, tel\u00e9fono 93 424 14 41 y correo electr\u00f3nico iniciatives@iniciatives.org. El usuario de este sitio web acepta hacer uso del mismo&hellip;&nbsp;Leer m\u00e1s &raquo;Aviso legal","og_url":"https:\/\/www.iniciatives.org\/es\/avis-legal-ct\/","og_site_name":"Iniciatives Solid\u00e0ries","article_modified_time":"2024-10-10T16:10:09+00:00","og_image":[{"width":2560,"height":1352,"url":"https:\/\/www.iniciatives.org\/wp-content\/uploads\/2020\/11\/NovaWeb_IniciativesSolidaries-scaled.jpg","type":"image\/jpeg"}],"twitter_card":"summary_large_image","twitter_misc":{"Tiempo de lectura":"9 minutos"},"schema":{"@context":"https:\/\/schema.org","@graph":[{"@type":"WebPage","@id":"https:\/\/www.iniciatives.org\/es\/avis-legal-ct\/","url":"https:\/\/www.iniciatives.org\/es\/avis-legal-ct\/","name":"Aviso legal - Iniciatives Solid\u00e0ries","isPartOf":{"@id":"https:\/\/www.iniciatives.org\/#website"},"datePublished":"2011-09-13T19:48:34+00:00","dateModified":"2024-10-10T16:10:09+00:00","breadcrumb":{"@id":"https:\/\/www.iniciatives.org\/es\/avis-legal-ct\/#breadcrumb"},"inLanguage":"es","potentialAction":[{"@type":"ReadAction","target":["https:\/\/www.iniciatives.org\/es\/avis-legal-ct\/"]}]},{"@type":"BreadcrumbList","@id":"https:\/\/www.iniciatives.org\/es\/avis-legal-ct\/#breadcrumb","itemListElement":[{"@type":"ListItem","position":1,"name":"Inici","item":"https:\/\/www.iniciatives.org\/es\/"},{"@type":"ListItem","position":2,"name":"Aviso legal"}]},{"@type":"WebSite","@id":"https:\/\/www.iniciatives.org\/#website","url":"https:\/\/www.iniciatives.org\/","name":"Iniciatives Solid\u00e0ries","description":"Iniciatives Solid\u00e0ries \u00e9s una ONG d\u2019acci\u00f3 social, acolliment i inserci\u00f3 social","potentialAction":[{"@type":"SearchAction","target":{"@type":"EntryPoint","urlTemplate":"https:\/\/www.iniciatives.org\/?s={search_term_string}"},"query-input":{"@type":"PropertyValueSpecification","valueRequired":true,"valueName":"search_term_string"}}],"inLanguage":"es"}]}},"_links":{"self":[{"href":"https:\/\/www.iniciatives.org\/es\/wp-json\/wp\/v2\/pages\/2501","targetHints":{"allow":["GET"]}}],"collection":[{"href":"https:\/\/www.iniciatives.org\/es\/wp-json\/wp\/v2\/pages"}],"about":[{"href":"https:\/\/www.iniciatives.org\/es\/wp-json\/wp\/v2\/types\/page"}],"author":[{"embeddable":true,"href":"https:\/\/www.iniciatives.org\/es\/wp-json\/wp\/v2\/users\/3"}],"replies":[{"embeddable":true,"href":"https:\/\/www.iniciatives.org\/es\/wp-json\/wp\/v2\/comments?post=2501"}],"version-history":[{"count":19,"href":"https:\/\/www.iniciatives.org\/es\/wp-json\/wp\/v2\/pages\/2501\/revisions"}],"predecessor-version":[{"id":5270,"href":"https:\/\/www.iniciatives.org\/es\/wp-json\/wp\/v2\/pages\/2501\/revisions\/5270"}],"wp:attachment":[{"href":"https:\/\/www.iniciatives.org\/es\/wp-json\/wp\/v2\/media?parent=2501"}],"curies":[{"name":"wp","href":"https:\/\/api.w.org\/{rel}","templated":true}]}}