

{"id":2504,"date":"2016-04-03T08:49:27","date_gmt":"2016-04-03T08:49:27","guid":{"rendered":"https:\/\/www.iniciatives.org\/test\/NEW\/transparencia\/"},"modified":"2025-10-28T13:48:14","modified_gmt":"2025-10-28T12:48:14","slug":"transparencia","status":"publish","type":"page","link":"https:\/\/www.iniciatives.org\/es\/qui-som\/transparencia\/","title":{"rendered":"Transparencia"},"content":{"rendered":"\n<div class=\"wp-block-cover alignfull is-light\" style=\"min-height:550px;aspect-ratio:unset;aspect-ratio:unset;\"><img loading=\"lazy\" decoding=\"async\" width=\"1600\" height=\"550\" class=\"wp-block-cover__image-background wp-image-5294\" alt=\"\" src=\"https:\/\/www.iniciatives.org\/wp-content\/uploads\/2024\/11\/bg_transparencia4.jpg\" data-object-fit=\"cover\" srcset=\"https:\/\/www.iniciatives.org\/wp-content\/uploads\/2024\/11\/bg_transparencia4.jpg 1600w, https:\/\/www.iniciatives.org\/wp-content\/uploads\/2024\/11\/bg_transparencia4-800x275.jpg 800w, https:\/\/www.iniciatives.org\/wp-content\/uploads\/2024\/11\/bg_transparencia4-1200x413.jpg 1200w, https:\/\/www.iniciatives.org\/wp-content\/uploads\/2024\/11\/bg_transparencia4-768x264.jpg 768w, https:\/\/www.iniciatives.org\/wp-content\/uploads\/2024\/11\/bg_transparencia4-1536x528.jpg 1536w\" sizes=\"auto, (max-width: 1600px) 100vw, 1600px\" \/><span aria-hidden=\"true\" class=\"wp-block-cover__background has-background-dim-0 has-background-dim\" style=\"background-color:#868078\"><\/span><div class=\"wp-block-cover__inner-container is-layout-constrained wp-block-cover-is-layout-constrained\">\n<h1 class=\"wp-block-heading has-text-align-center has-nv-text-dark-bg-color has-text-color has-link-color wp-elements-73622e9a367a360096ecaa436d7f4e3b\" style=\"font-size:50px\">Transparencia<\/h1>\n<\/div><\/div>\n\n\n\n<h2 class=\"wp-block-heading\">Informaci\u00f3 institucional<\/h2>\n\n\n\n<p>Avui, Iniciatives Solid\u00e0ries consta de l&#8217;<a href=\"https:\/\/www.iniciatives.org\/transparencia\/associacio-iniciatives-solidaries\/\">Associaci\u00f3 Iniciatives Solid\u00e0ries<\/a>, que va n\u00e9ixer l&#8217;any 1996, i la <a href=\"https:\/\/www.iniciatives.org\/transparencia\/fundacio-iniciatives-solidaries\/\">Fundaci\u00f3 Iniciatives Solid\u00e0ries<\/a>, creada l&#8217;any 2000. Les dues entitats es complementen tant en els serveis que ofereixen com en la relaci\u00f3 que mantenen amb diverses institucions p\u00fabliques, i ens permeten disposar d&#8217;un model d&#8217;organitzaci\u00f3 eficient per oferir els millors serveis als nostres usuaris.<\/p>\n\n\n\n<div class=\"wp-block-columns is-layout-flex wp-container-core-columns-is-layout-9d6595d7 wp-block-columns-is-layout-flex\">\n<div class=\"wp-block-column has-background is-layout-flow wp-block-column-is-layout-flow\" style=\"background-color:#e6eded;padding-top:var(--wp--preset--spacing--60);padding-right:var(--wp--preset--spacing--60);padding-bottom:var(--wp--preset--spacing--60);padding-left:var(--wp--preset--spacing--60)\">\n<h3 class=\"wp-block-heading\">Associaci\u00f3 Iniciatives Solid\u00e0ries<\/h3>\n\n\n\n<p><strong>COMPOSICI\u00d3N DE LA JUNTA DIRECTIVA DE LA ASSOCIACI\u00d3<\/strong>N<br>La Junta Directiva de l&#8217;associaci\u00f3 Iniciatives Solid\u00e0ries est\u00e0 formada per:<\/p>\n\n\n\n<p><strong>President<\/strong>&#8211; Guillem Correa Caball\u00e9, fundador d&#8217;Iniciatives Solid\u00e0ries (Barcelona)<br><strong>Vicepresidenta<\/strong> &#8211; Astrid Dom\u00e8nech Ferrer, Psic\u00f2loga (Barcelona)<br><strong>Secretari<\/strong>&#8211; Lorenzo Gonz\u00e1lez Gonz\u00e1lez , llicenciat en ci\u00e8ncies de la informaci\u00f3 (Terrassa)<br><strong>Secretari d&#8217;actes<\/strong>&#8211; Abel Lumbiarres Ronsano, enginyer (Sant Boi)<br><strong>Tresorer<\/strong>&#8211; Pau Simarro Dorado, advocat (Lleida)<br><strong>Vocal<\/strong>&#8211; Marc Correa Dom\u00e8nech, professor universitari (Barcelona)<\/p>\n\n\n\n<h4 class=\"wp-block-heading\">Memorias<\/h4>\n\n\n\n<p>Descubre la labor que la Asociaci\u00f3n Iniciatives Solid\u00e0ries desarrolla a\u00f1o tras a\u00f1o para ayudar a quienes siempre les toca perder.<\/p>\n\n\n\n<div class=\"wp-block-buttons is-layout-flex wp-block-buttons-is-layout-flex\">\n<div class=\"wp-block-button\"><a class=\"wp-block-button__link wp-element-button\" href=\"https:\/\/www.iniciatives.org\/es\/que-fem\/memories\/\">Consultar memorias<\/a><\/div>\n<\/div>\n\n\n\n<h4 class=\"wp-block-heading\">Informaci\u00f3n econ\u00f3mica<\/h4>\n\n\n\n<figure class=\"wp-block-gallery has-nested-images columns-4 is-cropped graella-memories wp-block-gallery-1 is-layout-flex wp-block-gallery-is-layout-flex\">\n<figure class=\"wp-block-image size-full\"><a href=\"https:\/\/www.iniciatives.org\/wp-content\/uploads\/2025\/10\/AIS-CCAA-2024.pdf\" target=\"_blank\" rel=\"noreferrer noopener\"><img loading=\"lazy\" decoding=\"async\" width=\"384\" height=\"500\" data-id=\"4931\" src=\"https:\/\/www.iniciatives.org\/wp-content\/uploads\/2024\/07\/comptes_ES_2024.png\" alt=\"\" class=\"wp-image-4931\" srcset=\"https:\/\/www.iniciatives.org\/wp-content\/uploads\/2024\/07\/comptes_ES_2024.png 384w, https:\/\/www.iniciatives.org\/wp-content\/uploads\/2024\/07\/comptes_ES_2024-230x300.png 230w\" sizes=\"auto, (max-width: 384px) 100vw, 384px\" \/><\/a><\/figure>\n\n\n\n<figure class=\"wp-block-image size-full\"><a href=\"https:\/\/www.iniciatives.org\/wp-content\/uploads\/2025\/03\/CCAA-2023-ASSOCIACIO.pdf\" target=\"_blank\" rel=\"noreferrer noopener\"><img loading=\"lazy\" decoding=\"async\" width=\"384\" height=\"500\" data-id=\"4929\" src=\"https:\/\/www.iniciatives.org\/wp-content\/uploads\/2024\/07\/comptes_ES_2023.png\" alt=\"\" class=\"wp-image-4929\" srcset=\"https:\/\/www.iniciatives.org\/wp-content\/uploads\/2024\/07\/comptes_ES_2023.png 384w, https:\/\/www.iniciatives.org\/wp-content\/uploads\/2024\/07\/comptes_ES_2023-230x300.png 230w\" sizes=\"auto, (max-width: 384px) 100vw, 384px\" \/><\/a><\/figure>\n\n\n\n<figure class=\"wp-block-image size-full\"><a href=\"https:\/\/www.iniciatives.org\/wp-content\/uploads\/2025\/03\/CCAA-2022-ASSOCIACIO.pdf\" target=\"_blank\" rel=\"noreferrer noopener\"><img loading=\"lazy\" decoding=\"async\" width=\"384\" height=\"500\" data-id=\"4927\" src=\"https:\/\/www.iniciatives.org\/wp-content\/uploads\/2024\/07\/comptes_ES_2022.png\" alt=\"\" class=\"wp-image-4927\" srcset=\"https:\/\/www.iniciatives.org\/wp-content\/uploads\/2024\/07\/comptes_ES_2022.png 384w, https:\/\/www.iniciatives.org\/wp-content\/uploads\/2024\/07\/comptes_ES_2022-230x300.png 230w\" sizes=\"auto, (max-width: 384px) 100vw, 384px\" \/><\/a><\/figure>\n<\/figure>\n<\/div>\n\n\n\n<div class=\"wp-block-column has-background is-layout-flow wp-block-column-is-layout-flow\" style=\"background-color:#e6eded;padding-top:var(--wp--preset--spacing--60);padding-right:var(--wp--preset--spacing--60);padding-bottom:var(--wp--preset--spacing--60);padding-left:var(--wp--preset--spacing--60)\">\n<h3 class=\"wp-block-heading\">Fundaci\u00f3 Iniciatives Solid\u00e0ries<\/h3>\n\n\n\n<p><strong>COMPOSICI\u00d3N DEL PATRONATO de la FUNDACI\u00d3N<br><\/strong><br>El patronato de la Fundaci\u00f3n Iniciatives Solid\u00e0ries est\u00e1 formado por:<br><strong>Presidente <\/strong>\u2013 Guillem Correa, fundador de Iniciativas Solidarias (Barcelona)<br><strong>Secretaria <\/strong>\u2013 Astrid Dom\u00e8nech, psic\u00f3loga (Barcelona)<br><strong>Secretario de actas<\/strong> \u2013 Abel Lumbiarres, ingeniero (Sant Boi)<br><strong>Tesorero<\/strong>\u2013 Pau Simarro, abogado (Lleida)<br><strong>Vocal<\/strong>\u2013 Marc Correa, profesor universitario (Barcelona)<br><strong>Vocal<\/strong>\u2013 Daniel Vergara Mu\u00f1oz, profesor (Saragossa)<br><strong>Vocal<\/strong>\u2013 Olga Castro Garc\u00eda, consultora de organizaci\u00f3n (Barcelona)<br><strong>Vocal<\/strong>\u2013 Angel Miret Serra, experto en el \u00e1mbito social (Barcelona)<\/p>\n\n\n\n<h4 class=\"wp-block-heading\">Memorias<\/h4>\n\n\n\n<p>Descubre la labor que la Fundaci\u00f3n Iniciatives Solid\u00e0ries desarrolla a\u00f1o tras a\u00f1o para ayudar a quienes siempre les toca perder.<\/p>\n\n\n\n<div class=\"wp-block-buttons is-layout-flex wp-block-buttons-is-layout-flex\">\n<div class=\"wp-block-button\"><a class=\"wp-block-button__link wp-element-button\" href=\"https:\/\/www.iniciatives.org\/es\/memoria-dactivitats\/\">Consultar memorias<\/a><\/div>\n<\/div>\n\n\n\n<div class=\"wp-block-group\"><div class=\"wp-block-group__inner-container is-layout-constrained wp-block-group-is-layout-constrained\">\n<h4 class=\"wp-block-heading\">Informaci\u00f3n econ\u00f3mica<\/h4>\n\n\n\n<figure class=\"wp-block-gallery has-nested-images columns-4 is-cropped graella-memories wp-block-gallery-2 is-layout-flex wp-block-gallery-is-layout-flex\">\n<figure class=\"wp-block-image size-full\"><a href=\"https:\/\/www.iniciatives.org\/wp-content\/uploads\/2025\/10\/FIS-CCAA-2024.pdf\"><img loading=\"lazy\" decoding=\"async\" width=\"384\" height=\"500\" data-id=\"4931\" src=\"https:\/\/www.iniciatives.org\/wp-content\/uploads\/2024\/07\/comptes_ES_2024.png\" alt=\"\" class=\"wp-image-4931\" srcset=\"https:\/\/www.iniciatives.org\/wp-content\/uploads\/2024\/07\/comptes_ES_2024.png 384w, https:\/\/www.iniciatives.org\/wp-content\/uploads\/2024\/07\/comptes_ES_2024-230x300.png 230w\" sizes=\"auto, (max-width: 384px) 100vw, 384px\" \/><\/a><\/figure>\n\n\n\n<figure class=\"wp-block-image size-full\"><a href=\"https:\/\/www.iniciatives.org\/wp-content\/uploads\/2025\/01\/AG11_-Informe-Auditoria-2023-Manuscrito.pdf\"><img loading=\"lazy\" decoding=\"async\" width=\"384\" height=\"500\" data-id=\"4929\" src=\"https:\/\/www.iniciatives.org\/wp-content\/uploads\/2024\/07\/comptes_ES_2023.png\" alt=\"\" class=\"wp-image-4929\" srcset=\"https:\/\/www.iniciatives.org\/wp-content\/uploads\/2024\/07\/comptes_ES_2023.png 384w, https:\/\/www.iniciatives.org\/wp-content\/uploads\/2024\/07\/comptes_ES_2023-230x300.png 230w\" sizes=\"auto, (max-width: 384px) 100vw, 384px\" \/><\/a><\/figure>\n\n\n\n<figure class=\"wp-block-image size-full\"><a href=\"https:\/\/www.iniciatives.org\/wp-content\/uploads\/2023\/10\/Informe-auditor-2022.pdf\"><img loading=\"lazy\" decoding=\"async\" width=\"384\" height=\"500\" data-id=\"4927\" src=\"https:\/\/www.iniciatives.org\/wp-content\/uploads\/2024\/07\/comptes_ES_2022.png\" alt=\"\" class=\"wp-image-4927\" srcset=\"https:\/\/www.iniciatives.org\/wp-content\/uploads\/2024\/07\/comptes_ES_2022.png 384w, https:\/\/www.iniciatives.org\/wp-content\/uploads\/2024\/07\/comptes_ES_2022-230x300.png 230w\" sizes=\"auto, (max-width: 384px) 100vw, 384px\" \/><\/a><\/figure>\n<\/figure>\n\n\n\n<p>Pots consultar <a href=\"https:\/\/www.iniciatives.org\/wp-content\/uploads\/2025\/10\/Informe-Auditoria-2024.pdf\" target=\"_blank\" rel=\"noreferrer noopener\">aqu\u00ed<\/a> l\u2019informe de l\u2019auditoria externa Jover Costa als nostres comptes del 2024.<\/p>\n<\/div><\/div>\n<\/div>\n<\/div>\n\n\n\n<p><\/p>\n","protected":false},"excerpt":{"rendered":"<p>Informaci\u00f3 institucional Avui, Iniciatives Solid\u00e0ries consta de l&#8217;Associaci\u00f3 Iniciatives Solid\u00e0ries, que va n\u00e9ixer l&#8217;any 1996, i la Fundaci\u00f3 Iniciatives Solid\u00e0ries, creada l&#8217;any 2000. Les dues entitats es complementen tant en els serveis que ofereixen com en la relaci\u00f3 que mantenen amb diverses institucions p\u00fabliques, i ens permeten disposar d&#8217;un model d&#8217;organitzaci\u00f3 eficient per oferir els&hellip;&nbsp;<a href=\"https:\/\/www.iniciatives.org\/es\/qui-som\/transparencia\/\" rel=\"bookmark\">Leer m\u00e1s &raquo;<span class=\"screen-reader-text\">Transparencia<\/span><\/a><\/p>\n","protected":false},"author":3,"featured_media":5295,"parent":2386,"menu_order":36,"comment_status":"closed","ping_status":"closed","template":"","meta":{"_eb_attr":"","neve_meta_sidebar":"","neve_meta_container":"","neve_meta_enable_content_width":"","neve_meta_content_width":0,"neve_meta_title_alignment":"center","neve_meta_author_avatar":"","neve_post_elements_order":"","neve_meta_disable_header":"off","neve_meta_disable_footer":"","neve_meta_disable_title":"on","footnotes":""},"class_list":["post-2504","page","type-page","status-publish","has-post-thumbnail","hentry"],"yoast_head":"<!-- This site is optimized with the Yoast SEO plugin v25.4 - https:\/\/yoast.com\/wordpress\/plugins\/seo\/ -->\n<title>Transparencia - Iniciatives Solid\u00e0ries<\/title>\n<meta name=\"robots\" content=\"index, follow, max-snippet:-1, max-image-preview:large, max-video-preview:-1\" \/>\n<link rel=\"canonical\" href=\"https:\/\/www.iniciatives.org\/es\/qui-som\/transparencia\/\" \/>\n<meta property=\"og:locale\" content=\"es_ES\" \/>\n<meta property=\"og:type\" content=\"article\" \/>\n<meta property=\"og:title\" content=\"Transparencia - Iniciatives Solid\u00e0ries\" \/>\n<meta property=\"og:description\" content=\"Informaci\u00f3 institucional Avui, Iniciatives Solid\u00e0ries consta de l&#8217;Associaci\u00f3 Iniciatives Solid\u00e0ries, que va n\u00e9ixer l&#8217;any 1996, i la Fundaci\u00f3 Iniciatives Solid\u00e0ries, creada l&#8217;any 2000. Les dues entitats es complementen tant en els serveis que ofereixen com en la relaci\u00f3 que mantenen amb diverses institucions p\u00fabliques, i ens permeten disposar d&#8217;un model d&#8217;organitzaci\u00f3 eficient per oferir els&hellip;&nbsp;Leer m\u00e1s &raquo;Transparencia\" \/>\n<meta property=\"og:url\" content=\"https:\/\/www.iniciatives.org\/es\/qui-som\/transparencia\/\" \/>\n<meta property=\"og:site_name\" content=\"Iniciatives Solid\u00e0ries\" \/>\n<meta property=\"article:modified_time\" content=\"2025-10-28T12:48:14+00:00\" \/>\n<meta property=\"og:image\" content=\"https:\/\/www.iniciatives.org\/wp-content\/uploads\/2024\/11\/bg_transparencia4.jpg\" \/>\n\t<meta property=\"og:image:width\" content=\"1600\" \/>\n\t<meta property=\"og:image:height\" content=\"550\" \/>\n\t<meta property=\"og:image:type\" content=\"image\/jpeg\" \/>\n<meta name=\"twitter:card\" content=\"summary_large_image\" \/>\n<meta name=\"twitter:label1\" content=\"Tiempo de lectura\" \/>\n\t<meta name=\"twitter:data1\" content=\"4 minutos\" \/>\n<script type=\"application\/ld+json\" class=\"yoast-schema-graph\">{\"@context\":\"https:\/\/schema.org\",\"@graph\":[{\"@type\":\"WebPage\",\"@id\":\"https:\/\/www.iniciatives.org\/es\/qui-som\/transparencia\/\",\"url\":\"https:\/\/www.iniciatives.org\/es\/qui-som\/transparencia\/\",\"name\":\"Transparencia - Iniciatives Solid\u00e0ries\",\"isPartOf\":{\"@id\":\"https:\/\/www.iniciatives.org\/#website\"},\"primaryImageOfPage\":{\"@id\":\"https:\/\/www.iniciatives.org\/es\/qui-som\/transparencia\/#primaryimage\"},\"image\":{\"@id\":\"https:\/\/www.iniciatives.org\/es\/qui-som\/transparencia\/#primaryimage\"},\"thumbnailUrl\":\"https:\/\/www.iniciatives.org\/wp-content\/uploads\/2024\/11\/bg_transparencia4.jpg\",\"datePublished\":\"2016-04-03T08:49:27+00:00\",\"dateModified\":\"2025-10-28T12:48:14+00:00\",\"breadcrumb\":{\"@id\":\"https:\/\/www.iniciatives.org\/es\/qui-som\/transparencia\/#breadcrumb\"},\"inLanguage\":\"es\",\"potentialAction\":[{\"@type\":\"ReadAction\",\"target\":[\"https:\/\/www.iniciatives.org\/es\/qui-som\/transparencia\/\"]}]},{\"@type\":\"ImageObject\",\"inLanguage\":\"es\",\"@id\":\"https:\/\/www.iniciatives.org\/es\/qui-som\/transparencia\/#primaryimage\",\"url\":\"https:\/\/www.iniciatives.org\/wp-content\/uploads\/2024\/11\/bg_transparencia4.jpg\",\"contentUrl\":\"https:\/\/www.iniciatives.org\/wp-content\/uploads\/2024\/11\/bg_transparencia4.jpg\",\"width\":1600,\"height\":550},{\"@type\":\"BreadcrumbList\",\"@id\":\"https:\/\/www.iniciatives.org\/es\/qui-som\/transparencia\/#breadcrumb\",\"itemListElement\":[{\"@type\":\"ListItem\",\"position\":1,\"name\":\"Inici\",\"item\":\"https:\/\/www.iniciatives.org\/es\/\"},{\"@type\":\"ListItem\",\"position\":2,\"name\":\"Presentaci\u00f3n\",\"item\":\"https:\/\/www.iniciatives.org\/es\/qui-som\/\"},{\"@type\":\"ListItem\",\"position\":3,\"name\":\"Transparencia\"}]},{\"@type\":\"WebSite\",\"@id\":\"https:\/\/www.iniciatives.org\/#website\",\"url\":\"https:\/\/www.iniciatives.org\/\",\"name\":\"Iniciatives Solid\u00e0ries\",\"description\":\"Iniciatives Solid\u00e0ries \u00e9s una ONG d\u2019acci\u00f3 social, acolliment i inserci\u00f3 social\",\"potentialAction\":[{\"@type\":\"SearchAction\",\"target\":{\"@type\":\"EntryPoint\",\"urlTemplate\":\"https:\/\/www.iniciatives.org\/?s={search_term_string}\"},\"query-input\":{\"@type\":\"PropertyValueSpecification\",\"valueRequired\":true,\"valueName\":\"search_term_string\"}}],\"inLanguage\":\"es\"}]}<\/script>\n<!-- \/ Yoast SEO plugin. -->","yoast_head_json":{"title":"Transparencia - Iniciatives Solid\u00e0ries","robots":{"index":"index","follow":"follow","max-snippet":"max-snippet:-1","max-image-preview":"max-image-preview:large","max-video-preview":"max-video-preview:-1"},"canonical":"https:\/\/www.iniciatives.org\/es\/qui-som\/transparencia\/","og_locale":"es_ES","og_type":"article","og_title":"Transparencia - Iniciatives Solid\u00e0ries","og_description":"Informaci\u00f3 institucional Avui, Iniciatives Solid\u00e0ries consta de l&#8217;Associaci\u00f3 Iniciatives Solid\u00e0ries, que va n\u00e9ixer l&#8217;any 1996, i la Fundaci\u00f3 Iniciatives Solid\u00e0ries, creada l&#8217;any 2000. Les dues entitats es complementen tant en els serveis que ofereixen com en la relaci\u00f3 que mantenen amb diverses institucions p\u00fabliques, i ens permeten disposar d&#8217;un model d&#8217;organitzaci\u00f3 eficient per oferir els&hellip;&nbsp;Leer m\u00e1s &raquo;Transparencia","og_url":"https:\/\/www.iniciatives.org\/es\/qui-som\/transparencia\/","og_site_name":"Iniciatives Solid\u00e0ries","article_modified_time":"2025-10-28T12:48:14+00:00","og_image":[{"width":1600,"height":550,"url":"https:\/\/www.iniciatives.org\/wp-content\/uploads\/2024\/11\/bg_transparencia4.jpg","type":"image\/jpeg"}],"twitter_card":"summary_large_image","twitter_misc":{"Tiempo de lectura":"4 minutos"},"schema":{"@context":"https:\/\/schema.org","@graph":[{"@type":"WebPage","@id":"https:\/\/www.iniciatives.org\/es\/qui-som\/transparencia\/","url":"https:\/\/www.iniciatives.org\/es\/qui-som\/transparencia\/","name":"Transparencia - Iniciatives Solid\u00e0ries","isPartOf":{"@id":"https:\/\/www.iniciatives.org\/#website"},"primaryImageOfPage":{"@id":"https:\/\/www.iniciatives.org\/es\/qui-som\/transparencia\/#primaryimage"},"image":{"@id":"https:\/\/www.iniciatives.org\/es\/qui-som\/transparencia\/#primaryimage"},"thumbnailUrl":"https:\/\/www.iniciatives.org\/wp-content\/uploads\/2024\/11\/bg_transparencia4.jpg","datePublished":"2016-04-03T08:49:27+00:00","dateModified":"2025-10-28T12:48:14+00:00","breadcrumb":{"@id":"https:\/\/www.iniciatives.org\/es\/qui-som\/transparencia\/#breadcrumb"},"inLanguage":"es","potentialAction":[{"@type":"ReadAction","target":["https:\/\/www.iniciatives.org\/es\/qui-som\/transparencia\/"]}]},{"@type":"ImageObject","inLanguage":"es","@id":"https:\/\/www.iniciatives.org\/es\/qui-som\/transparencia\/#primaryimage","url":"https:\/\/www.iniciatives.org\/wp-content\/uploads\/2024\/11\/bg_transparencia4.jpg","contentUrl":"https:\/\/www.iniciatives.org\/wp-content\/uploads\/2024\/11\/bg_transparencia4.jpg","width":1600,"height":550},{"@type":"BreadcrumbList","@id":"https:\/\/www.iniciatives.org\/es\/qui-som\/transparencia\/#breadcrumb","itemListElement":[{"@type":"ListItem","position":1,"name":"Inici","item":"https:\/\/www.iniciatives.org\/es\/"},{"@type":"ListItem","position":2,"name":"Presentaci\u00f3n","item":"https:\/\/www.iniciatives.org\/es\/qui-som\/"},{"@type":"ListItem","position":3,"name":"Transparencia"}]},{"@type":"WebSite","@id":"https:\/\/www.iniciatives.org\/#website","url":"https:\/\/www.iniciatives.org\/","name":"Iniciatives Solid\u00e0ries","description":"Iniciatives Solid\u00e0ries \u00e9s una ONG d\u2019acci\u00f3 social, acolliment i inserci\u00f3 social","potentialAction":[{"@type":"SearchAction","target":{"@type":"EntryPoint","urlTemplate":"https:\/\/www.iniciatives.org\/?s={search_term_string}"},"query-input":{"@type":"PropertyValueSpecification","valueRequired":true,"valueName":"search_term_string"}}],"inLanguage":"es"}]}},"_links":{"self":[{"href":"https:\/\/www.iniciatives.org\/es\/wp-json\/wp\/v2\/pages\/2504","targetHints":{"allow":["GET"]}}],"collection":[{"href":"https:\/\/www.iniciatives.org\/es\/wp-json\/wp\/v2\/pages"}],"about":[{"href":"https:\/\/www.iniciatives.org\/es\/wp-json\/wp\/v2\/types\/page"}],"author":[{"embeddable":true,"href":"https:\/\/www.iniciatives.org\/es\/wp-json\/wp\/v2\/users\/3"}],"replies":[{"embeddable":true,"href":"https:\/\/www.iniciatives.org\/es\/wp-json\/wp\/v2\/comments?post=2504"}],"version-history":[{"count":12,"href":"https:\/\/www.iniciatives.org\/es\/wp-json\/wp\/v2\/pages\/2504\/revisions"}],"predecessor-version":[{"id":5669,"href":"https:\/\/www.iniciatives.org\/es\/wp-json\/wp\/v2\/pages\/2504\/revisions\/5669"}],"up":[{"embeddable":true,"href":"https:\/\/www.iniciatives.org\/es\/wp-json\/wp\/v2\/pages\/2386"}],"wp:featuredmedia":[{"embeddable":true,"href":"https:\/\/www.iniciatives.org\/es\/wp-json\/wp\/v2\/media\/5295"}],"wp:attachment":[{"href":"https:\/\/www.iniciatives.org\/es\/wp-json\/wp\/v2\/media?parent=2504"}],"curies":[{"name":"wp","href":"https:\/\/api.w.org\/{rel}","templated":true}]}}