

{"id":2626,"date":"2017-03-10T21:05:32","date_gmt":"2017-03-10T21:05:32","guid":{"rendered":"https:\/\/www.iniciatives.org\/test\/NEW\/transparencia\/associacio-iniciatives-solidaries\/"},"modified":"2024-07-25T08:12:01","modified_gmt":"2024-07-25T08:12:01","slug":"associacio-iniciatives-solidaries","status":"publish","type":"page","link":"https:\/\/www.iniciatives.org\/es\/qui-som\/transparencia\/associacio-iniciatives-solidaries\/","title":{"rendered":"Asociaci\u00f3n Iniciativas Solidarias"},"content":{"rendered":"\n<p><strong>1. COMPOSICI\u00d3N DE LA JUNTA DIRECTIVA DE LA ASOCIACI\u00d3N<\/strong><br>La Junta Directiva de la ASOCIACI\u00d3N INICIATIVAS SOLIARIAS est\u00e1 formada por:<\/p>\n\n\n\n<p><strong>Presidente<\/strong>&#8211; Guillem Correa Caball\u00e9, fundador de Iniciativas Solidarias (Barcelona)<br><strong>Vicepresidenta<\/strong> &#8211; Astrid Dom\u00e8nech Ferrer, Psic\u00f3loga (Barcelona)<br><strong>Secretario<\/strong>&#8211;  Lorenzo Gonz\u00e1lez Gonz\u00e1lez , llicenciado en Ciencias de la Informaci\u00f3n (Terrassa)<br><strong>Secretario de actas<\/strong>&#8211; Abel Lumbiarres Ronsano, ingeniero (Sant Boi)<br><strong>Tesorero<\/strong>&#8211; Pau Simarro Dorado, abogado (Lleida)<br><strong>Vocal<\/strong>&#8211; Marc Correa Dom\u00e8nech, profesor universitario (Barcelona)<\/p>\n\n\n\n<p><strong>2. MEMORIAS<\/strong><br>Descubre la labor que la Asociaci\u00f3n Iniciativas Solidarias desarrolla a\u00f1o tras a\u00f1o para ayudar a aquellos que siempre les toca perder. Puedes descargar nuestras memorias en formato PDF a continuaci\u00f3n:<\/p>\n\n\n\n<div class=\"wp-block-columns is-layout-flex wp-container-core-columns-is-layout-9d6595d7 wp-block-columns-is-layout-flex\">\n<div class=\"wp-block-column is-layout-flow wp-block-column-is-layout-flow\">\n<div class=\"wp-block-columns is-layout-flex wp-container-core-columns-is-layout-9d6595d7 wp-block-columns-is-layout-flex\">\n<div class=\"wp-block-column is-layout-flow wp-block-column-is-layout-flow\">\n<figure class=\"wp-block-image size-full\"><img loading=\"lazy\" decoding=\"async\" width=\"384\" height=\"500\" src=\"https:\/\/www.iniciatives.org\/wp-content\/uploads\/2024\/07\/memoria_2020.png\" alt=\"\" class=\"wp-image-4839\" srcset=\"https:\/\/www.iniciatives.org\/wp-content\/uploads\/2024\/07\/memoria_2020.png 384w, https:\/\/www.iniciatives.org\/wp-content\/uploads\/2024\/07\/memoria_2020-230x300.png 230w\" sizes=\"auto, (max-width: 384px) 100vw, 384px\" \/><\/figure>\n<\/div>\n\n\n\n<div class=\"wp-block-column is-layout-flow wp-block-column-is-layout-flow\">\n<figure class=\"wp-block-image size-full\"><img loading=\"lazy\" decoding=\"async\" width=\"384\" height=\"500\" src=\"https:\/\/www.iniciatives.org\/wp-content\/uploads\/2024\/07\/memoria_2021.png\" alt=\"\" class=\"wp-image-4841\" srcset=\"https:\/\/www.iniciatives.org\/wp-content\/uploads\/2024\/07\/memoria_2021.png 384w, https:\/\/www.iniciatives.org\/wp-content\/uploads\/2024\/07\/memoria_2021-230x300.png 230w\" sizes=\"auto, (max-width: 384px) 100vw, 384px\" \/><\/figure>\n<\/div>\n\n\n\n<div class=\"wp-block-column is-layout-flow wp-block-column-is-layout-flow\">\n<figure class=\"wp-block-image size-full\"><img loading=\"lazy\" decoding=\"async\" width=\"384\" height=\"500\" src=\"https:\/\/www.iniciatives.org\/wp-content\/uploads\/2024\/07\/memoria_2022.png\" alt=\"\" class=\"wp-image-4843\" srcset=\"https:\/\/www.iniciatives.org\/wp-content\/uploads\/2024\/07\/memoria_2022.png 384w, https:\/\/www.iniciatives.org\/wp-content\/uploads\/2024\/07\/memoria_2022-230x300.png 230w\" sizes=\"auto, (max-width: 384px) 100vw, 384px\" \/><\/figure>\n<\/div>\n<\/div>\n<\/div>\n\n\n\n<div class=\"wp-block-column is-layout-flow wp-block-column-is-layout-flow\">\n<div class=\"wp-block-columns is-layout-flex wp-container-core-columns-is-layout-9d6595d7 wp-block-columns-is-layout-flex\">\n<div class=\"wp-block-column is-layout-flow wp-block-column-is-layout-flow\">\n<figure class=\"wp-block-image size-full\"><img loading=\"lazy\" decoding=\"async\" width=\"384\" height=\"500\" src=\"https:\/\/www.iniciatives.org\/wp-content\/uploads\/2024\/07\/memoria_2023.png\" alt=\"\" class=\"wp-image-4845\" srcset=\"https:\/\/www.iniciatives.org\/wp-content\/uploads\/2024\/07\/memoria_2023.png 384w, https:\/\/www.iniciatives.org\/wp-content\/uploads\/2024\/07\/memoria_2023-230x300.png 230w\" sizes=\"auto, (max-width: 384px) 100vw, 384px\" \/><\/figure>\n<\/div>\n\n\n\n<div class=\"wp-block-column is-layout-flow wp-block-column-is-layout-flow\"><\/div>\n\n\n\n<div class=\"wp-block-column is-layout-flow wp-block-column-is-layout-flow\"><\/div>\n<\/div>\n<\/div>\n\n\n\n<div class=\"wp-block-column is-layout-flow wp-block-column-is-layout-flow\"><\/div>\n<\/div>\n\n\n\n<p><strong>3. INFORMACI\u00d3N ECON\u00d3MICA<\/strong><\/p>\n\n\n\n<div class=\"wp-block-columns is-layout-flex wp-container-core-columns-is-layout-9d6595d7 wp-block-columns-is-layout-flex\">\n<div class=\"wp-block-column is-layout-flow wp-block-column-is-layout-flow\">\n<div class=\"wp-block-columns is-layout-flex wp-container-core-columns-is-layout-9d6595d7 wp-block-columns-is-layout-flex\">\n<div class=\"wp-block-column is-layout-flow wp-block-column-is-layout-flow\">\n<figure class=\"wp-block-image size-full\"><img loading=\"lazy\" decoding=\"async\" width=\"384\" height=\"500\" src=\"https:\/\/www.iniciatives.org\/wp-content\/uploads\/2024\/07\/comptes_2020.png\" alt=\"\" class=\"wp-image-4908\" srcset=\"https:\/\/www.iniciatives.org\/wp-content\/uploads\/2024\/07\/comptes_2020.png 384w, https:\/\/www.iniciatives.org\/wp-content\/uploads\/2024\/07\/comptes_2020-230x300.png 230w\" sizes=\"auto, (max-width: 384px) 100vw, 384px\" \/><\/figure>\n<\/div>\n\n\n\n<div class=\"wp-block-column is-layout-flow wp-block-column-is-layout-flow\">\n<figure class=\"wp-block-image size-full\"><img loading=\"lazy\" decoding=\"async\" width=\"384\" height=\"500\" src=\"https:\/\/www.iniciatives.org\/wp-content\/uploads\/2024\/07\/comptes_2021.png\" alt=\"\" class=\"wp-image-4910\" srcset=\"https:\/\/www.iniciatives.org\/wp-content\/uploads\/2024\/07\/comptes_2021.png 384w, https:\/\/www.iniciatives.org\/wp-content\/uploads\/2024\/07\/comptes_2021-230x300.png 230w\" sizes=\"auto, (max-width: 384px) 100vw, 384px\" \/><\/figure>\n<\/div>\n\n\n\n<div class=\"wp-block-column is-layout-flow wp-block-column-is-layout-flow\">\n<figure class=\"wp-block-image size-full\"><img loading=\"lazy\" decoding=\"async\" width=\"384\" height=\"500\" src=\"https:\/\/www.iniciatives.org\/wp-content\/uploads\/2024\/07\/comptes_2022.png\" alt=\"\" class=\"wp-image-4912\" srcset=\"https:\/\/www.iniciatives.org\/wp-content\/uploads\/2024\/07\/comptes_2022.png 384w, https:\/\/www.iniciatives.org\/wp-content\/uploads\/2024\/07\/comptes_2022-230x300.png 230w\" sizes=\"auto, (max-width: 384px) 100vw, 384px\" \/><\/figure>\n<\/div>\n<\/div>\n<\/div>\n\n\n\n<div class=\"wp-block-column is-layout-flow wp-block-column-is-layout-flow\">\n<div class=\"wp-block-columns is-layout-flex wp-container-core-columns-is-layout-9d6595d7 wp-block-columns-is-layout-flex\">\n<div class=\"wp-block-column is-layout-flow wp-block-column-is-layout-flow\">\n<figure class=\"wp-block-image size-full\"><img loading=\"lazy\" decoding=\"async\" width=\"384\" height=\"500\" src=\"https:\/\/www.iniciatives.org\/wp-content\/uploads\/2024\/07\/comptes_2023.png\" alt=\"\" class=\"wp-image-4914\" srcset=\"https:\/\/www.iniciatives.org\/wp-content\/uploads\/2024\/07\/comptes_2023.png 384w, https:\/\/www.iniciatives.org\/wp-content\/uploads\/2024\/07\/comptes_2023-230x300.png 230w\" sizes=\"auto, (max-width: 384px) 100vw, 384px\" \/><\/figure>\n<\/div>\n\n\n\n<div class=\"wp-block-column is-layout-flow wp-block-column-is-layout-flow\"><\/div>\n\n\n\n<div class=\"wp-block-column is-layout-flow wp-block-column-is-layout-flow\"><\/div>\n<\/div>\n<\/div>\n\n\n\n<div class=\"wp-block-column is-layout-flow wp-block-column-is-layout-flow\">\n<div class=\"wp-block-columns is-layout-flex wp-container-core-columns-is-layout-9d6595d7 wp-block-columns-is-layout-flex\">\n<div class=\"wp-block-column is-layout-flow wp-block-column-is-layout-flow\"><\/div>\n\n\n\n<div class=\"wp-block-column is-layout-flow wp-block-column-is-layout-flow\"><\/div>\n\n\n\n<div class=\"wp-block-column is-layout-flow wp-block-column-is-layout-flow\"><\/div>\n<\/div>\n<\/div>\n<\/div>\n\n\n\n<p><strong>4.NUESTROS VALORES<\/strong><\/p>\n\n\n\n<p>Els valors de l&#8217;Associaci\u00f3 Iniciatives Solid\u00e0ries s\u00f3n:<\/p>\n\n\n\n<p>&#8211; <strong>El pr\u00f3jimo, <\/strong>la dignidad humana<br>&#8211; <strong>La justicia social<\/strong><br>&#8211; <strong>La honestidad: <\/strong>la democracia \u00e9tica, participativa y sostenible<br>&#8211; <strong>La justicia econ\u00f3mica<\/strong><br>&#8211; <strong>El empoderamiento, <\/strong>como metodolog\u00eda de trabajo personal y colectiva<br>&#8211; <strong>La justicia legislativa<\/strong><\/p>\n\n\n\n<p><strong>5. NUESTRA VISI\u00d3N<\/strong><\/p>\n\n\n\n<p>Nuestra visi\u00f3n es <strong>avanzar junto a otros<\/strong>. Entendemos que la mejor manera de trabajar y de optimizar los escasos recursos sociales disponibles es a trav\u00e9s de la cooperaci\u00f3n, tanto con las diversas administraciones como con los distintos agentes sociales.<\/p>\n\n\n\n<p><strong>6. LA NUESTRA MISI\u00d3N<\/strong><\/p>\n\n\n\n<p>La Asociaci\u00f3n Iniciativas Solidarias es una entidad experta en la integraci\u00f3n social de personas en riesgo de exclusi\u00f3n. Nuestra atenci\u00f3n personalizada y nuestra metodolog\u00eda de trabajo contribuyen a empoderar a las personas atendidas para que sean protagonistas de su propio itinerario de inserci\u00f3n, hasta lograr el m\u00e1ximo grado de integraci\u00f3n posible en nuestra sociedad.<\/p>\n\n\n\n<p><strong>7. CERTIFICACI\u00d3N DE CALIDAD<\/strong><\/p>\n\n\n\n<figure class=\"wp-block-image size-large is-resized\"><a href=\"https:\/\/www.iniciatives.org\/wp-content\/uploads\/2024\/07\/Certificacio-BUP_2024.pdf\" target=\"_blank\" rel=\"noreferrer noopener\"><img decoding=\"async\" src=\"https:\/\/www.iniciatives.org\/wp-content\/uploads\/2024\/07\/image-25-1024x498.png\" alt=\"\" class=\"wp-image-5061\" style=\"width:195px;height:auto\"\/><\/a><\/figure>\n\n\n\n<p><\/p>\n\n\n\n<p><\/p>\n\n\n\n<p><\/p>\n","protected":false},"excerpt":{"rendered":"<p>1. COMPOSICI\u00d3N DE LA JUNTA DIRECTIVA DE LA ASOCIACI\u00d3NLa Junta Directiva de la ASOCIACI\u00d3N INICIATIVAS SOLIARIAS est\u00e1 formada por: Presidente&#8211; Guillem Correa Caball\u00e9, fundador de Iniciativas Solidarias (Barcelona)Vicepresidenta &#8211; Astrid Dom\u00e8nech Ferrer, Psic\u00f3loga (Barcelona)Secretario&#8211; Lorenzo Gonz\u00e1lez Gonz\u00e1lez , llicenciado en Ciencias de la Informaci\u00f3n (Terrassa)Secretario de actas&#8211; Abel Lumbiarres Ronsano, ingeniero (Sant Boi)Tesorero&#8211; Pau Simarro&hellip;&nbsp;<a href=\"https:\/\/www.iniciatives.org\/es\/qui-som\/transparencia\/associacio-iniciatives-solidaries\/\" rel=\"bookmark\">Leer m\u00e1s &raquo;<span class=\"screen-reader-text\">Asociaci\u00f3n Iniciativas Solidarias<\/span><\/a><\/p>\n","protected":false},"author":3,"featured_media":2598,"parent":2504,"menu_order":27,"comment_status":"closed","ping_status":"closed","template":"","meta":{"_eb_attr":"","neve_meta_sidebar":"","neve_meta_container":"","neve_meta_enable_content_width":"","neve_meta_content_width":0,"neve_meta_title_alignment":"","neve_meta_author_avatar":"","neve_post_elements_order":"","neve_meta_disable_header":"","neve_meta_disable_footer":"","neve_meta_disable_title":"","footnotes":""},"class_list":["post-2626","page","type-page","status-publish","has-post-thumbnail","hentry"],"yoast_head":"<!-- This site is optimized with the Yoast SEO plugin v25.4 - https:\/\/yoast.com\/wordpress\/plugins\/seo\/ -->\n<title>Asociaci\u00f3n Iniciativas Solidarias - Iniciatives Solid\u00e0ries<\/title>\n<meta name=\"robots\" content=\"index, follow, max-snippet:-1, max-image-preview:large, max-video-preview:-1\" \/>\n<link rel=\"canonical\" href=\"https:\/\/www.iniciatives.org\/es\/qui-som\/transparencia\/associacio-iniciatives-solidaries\/\" \/>\n<meta property=\"og:locale\" content=\"es_ES\" \/>\n<meta property=\"og:type\" content=\"article\" \/>\n<meta property=\"og:title\" content=\"Asociaci\u00f3n Iniciativas Solidarias - Iniciatives Solid\u00e0ries\" \/>\n<meta property=\"og:description\" content=\"1. COMPOSICI\u00d3N DE LA JUNTA DIRECTIVA DE LA ASOCIACI\u00d3NLa Junta Directiva de la ASOCIACI\u00d3N INICIATIVAS SOLIARIAS est\u00e1 formada por: Presidente&#8211; Guillem Correa Caball\u00e9, fundador de Iniciativas Solidarias (Barcelona)Vicepresidenta &#8211; Astrid Dom\u00e8nech Ferrer, Psic\u00f3loga (Barcelona)Secretario&#8211; Lorenzo Gonz\u00e1lez Gonz\u00e1lez , llicenciado en Ciencias de la Informaci\u00f3n (Terrassa)Secretario de actas&#8211; Abel Lumbiarres Ronsano, ingeniero (Sant Boi)Tesorero&#8211; Pau Simarro&hellip;&nbsp;Leer m\u00e1s &raquo;Asociaci\u00f3n Iniciativas Solidarias\" \/>\n<meta property=\"og:url\" content=\"https:\/\/www.iniciatives.org\/es\/qui-som\/transparencia\/associacio-iniciatives-solidaries\/\" \/>\n<meta property=\"og:site_name\" content=\"Iniciatives Solid\u00e0ries\" \/>\n<meta property=\"article:modified_time\" content=\"2024-07-25T08:12:01+00:00\" \/>\n<meta property=\"og:image\" content=\"https:\/\/www.iniciatives.org\/wp-content\/uploads\/2012\/04\/Memoriesdef.jpg\" \/>\n\t<meta property=\"og:image:width\" content=\"1366\" \/>\n\t<meta property=\"og:image:height\" content=\"619\" \/>\n\t<meta property=\"og:image:type\" content=\"image\/jpeg\" \/>\n<meta name=\"twitter:card\" content=\"summary_large_image\" \/>\n<meta name=\"twitter:label1\" content=\"Tiempo de lectura\" \/>\n\t<meta name=\"twitter:data1\" content=\"1 minuto\" \/>\n<script type=\"application\/ld+json\" class=\"yoast-schema-graph\">{\"@context\":\"https:\/\/schema.org\",\"@graph\":[{\"@type\":\"WebPage\",\"@id\":\"https:\/\/www.iniciatives.org\/es\/qui-som\/transparencia\/associacio-iniciatives-solidaries\/\",\"url\":\"https:\/\/www.iniciatives.org\/es\/qui-som\/transparencia\/associacio-iniciatives-solidaries\/\",\"name\":\"Asociaci\u00f3n Iniciativas Solidarias - Iniciatives Solid\u00e0ries\",\"isPartOf\":{\"@id\":\"https:\/\/www.iniciatives.org\/#website\"},\"primaryImageOfPage\":{\"@id\":\"https:\/\/www.iniciatives.org\/es\/qui-som\/transparencia\/associacio-iniciatives-solidaries\/#primaryimage\"},\"image\":{\"@id\":\"https:\/\/www.iniciatives.org\/es\/qui-som\/transparencia\/associacio-iniciatives-solidaries\/#primaryimage\"},\"thumbnailUrl\":\"https:\/\/www.iniciatives.org\/wp-content\/uploads\/2012\/04\/Memoriesdef.jpg\",\"datePublished\":\"2017-03-10T21:05:32+00:00\",\"dateModified\":\"2024-07-25T08:12:01+00:00\",\"breadcrumb\":{\"@id\":\"https:\/\/www.iniciatives.org\/es\/qui-som\/transparencia\/associacio-iniciatives-solidaries\/#breadcrumb\"},\"inLanguage\":\"es\",\"potentialAction\":[{\"@type\":\"ReadAction\",\"target\":[\"https:\/\/www.iniciatives.org\/es\/qui-som\/transparencia\/associacio-iniciatives-solidaries\/\"]}]},{\"@type\":\"ImageObject\",\"inLanguage\":\"es\",\"@id\":\"https:\/\/www.iniciatives.org\/es\/qui-som\/transparencia\/associacio-iniciatives-solidaries\/#primaryimage\",\"url\":\"https:\/\/www.iniciatives.org\/wp-content\/uploads\/2012\/04\/Memoriesdef.jpg\",\"contentUrl\":\"https:\/\/www.iniciatives.org\/wp-content\/uploads\/2012\/04\/Memoriesdef.jpg\",\"width\":1366,\"height\":619,\"caption\":\"Mem\u00f2ries d'Iniciatives Solid\u00e0ries.\"},{\"@type\":\"BreadcrumbList\",\"@id\":\"https:\/\/www.iniciatives.org\/es\/qui-som\/transparencia\/associacio-iniciatives-solidaries\/#breadcrumb\",\"itemListElement\":[{\"@type\":\"ListItem\",\"position\":1,\"name\":\"Inici\",\"item\":\"https:\/\/www.iniciatives.org\/es\/\"},{\"@type\":\"ListItem\",\"position\":2,\"name\":\"Presentaci\u00f3n\",\"item\":\"https:\/\/www.iniciatives.org\/es\/qui-som\/\"},{\"@type\":\"ListItem\",\"position\":3,\"name\":\"Transparencia\",\"item\":\"https:\/\/www.iniciatives.org\/es\/qui-som\/transparencia\/\"},{\"@type\":\"ListItem\",\"position\":4,\"name\":\"Asociaci\u00f3n Iniciativas Solidarias\"}]},{\"@type\":\"WebSite\",\"@id\":\"https:\/\/www.iniciatives.org\/#website\",\"url\":\"https:\/\/www.iniciatives.org\/\",\"name\":\"Iniciatives Solid\u00e0ries\",\"description\":\"Iniciatives Solid\u00e0ries \u00e9s una ONG d\u2019acci\u00f3 social, acolliment i inserci\u00f3 social\",\"potentialAction\":[{\"@type\":\"SearchAction\",\"target\":{\"@type\":\"EntryPoint\",\"urlTemplate\":\"https:\/\/www.iniciatives.org\/?s={search_term_string}\"},\"query-input\":{\"@type\":\"PropertyValueSpecification\",\"valueRequired\":true,\"valueName\":\"search_term_string\"}}],\"inLanguage\":\"es\"}]}<\/script>\n<!-- \/ Yoast SEO plugin. -->","yoast_head_json":{"title":"Asociaci\u00f3n Iniciativas Solidarias - Iniciatives Solid\u00e0ries","robots":{"index":"index","follow":"follow","max-snippet":"max-snippet:-1","max-image-preview":"max-image-preview:large","max-video-preview":"max-video-preview:-1"},"canonical":"https:\/\/www.iniciatives.org\/es\/qui-som\/transparencia\/associacio-iniciatives-solidaries\/","og_locale":"es_ES","og_type":"article","og_title":"Asociaci\u00f3n Iniciativas Solidarias - Iniciatives Solid\u00e0ries","og_description":"1. COMPOSICI\u00d3N DE LA JUNTA DIRECTIVA DE LA ASOCIACI\u00d3NLa Junta Directiva de la ASOCIACI\u00d3N INICIATIVAS SOLIARIAS est\u00e1 formada por: Presidente&#8211; Guillem Correa Caball\u00e9, fundador de Iniciativas Solidarias (Barcelona)Vicepresidenta &#8211; Astrid Dom\u00e8nech Ferrer, Psic\u00f3loga (Barcelona)Secretario&#8211; Lorenzo Gonz\u00e1lez Gonz\u00e1lez , llicenciado en Ciencias de la Informaci\u00f3n (Terrassa)Secretario de actas&#8211; Abel Lumbiarres Ronsano, ingeniero (Sant Boi)Tesorero&#8211; Pau Simarro&hellip;&nbsp;Leer m\u00e1s &raquo;Asociaci\u00f3n Iniciativas Solidarias","og_url":"https:\/\/www.iniciatives.org\/es\/qui-som\/transparencia\/associacio-iniciatives-solidaries\/","og_site_name":"Iniciatives Solid\u00e0ries","article_modified_time":"2024-07-25T08:12:01+00:00","og_image":[{"width":1366,"height":619,"url":"https:\/\/www.iniciatives.org\/wp-content\/uploads\/2012\/04\/Memoriesdef.jpg","type":"image\/jpeg"}],"twitter_card":"summary_large_image","twitter_misc":{"Tiempo de lectura":"1 minuto"},"schema":{"@context":"https:\/\/schema.org","@graph":[{"@type":"WebPage","@id":"https:\/\/www.iniciatives.org\/es\/qui-som\/transparencia\/associacio-iniciatives-solidaries\/","url":"https:\/\/www.iniciatives.org\/es\/qui-som\/transparencia\/associacio-iniciatives-solidaries\/","name":"Asociaci\u00f3n Iniciativas Solidarias - Iniciatives Solid\u00e0ries","isPartOf":{"@id":"https:\/\/www.iniciatives.org\/#website"},"primaryImageOfPage":{"@id":"https:\/\/www.iniciatives.org\/es\/qui-som\/transparencia\/associacio-iniciatives-solidaries\/#primaryimage"},"image":{"@id":"https:\/\/www.iniciatives.org\/es\/qui-som\/transparencia\/associacio-iniciatives-solidaries\/#primaryimage"},"thumbnailUrl":"https:\/\/www.iniciatives.org\/wp-content\/uploads\/2012\/04\/Memoriesdef.jpg","datePublished":"2017-03-10T21:05:32+00:00","dateModified":"2024-07-25T08:12:01+00:00","breadcrumb":{"@id":"https:\/\/www.iniciatives.org\/es\/qui-som\/transparencia\/associacio-iniciatives-solidaries\/#breadcrumb"},"inLanguage":"es","potentialAction":[{"@type":"ReadAction","target":["https:\/\/www.iniciatives.org\/es\/qui-som\/transparencia\/associacio-iniciatives-solidaries\/"]}]},{"@type":"ImageObject","inLanguage":"es","@id":"https:\/\/www.iniciatives.org\/es\/qui-som\/transparencia\/associacio-iniciatives-solidaries\/#primaryimage","url":"https:\/\/www.iniciatives.org\/wp-content\/uploads\/2012\/04\/Memoriesdef.jpg","contentUrl":"https:\/\/www.iniciatives.org\/wp-content\/uploads\/2012\/04\/Memoriesdef.jpg","width":1366,"height":619,"caption":"Mem\u00f2ries d'Iniciatives Solid\u00e0ries."},{"@type":"BreadcrumbList","@id":"https:\/\/www.iniciatives.org\/es\/qui-som\/transparencia\/associacio-iniciatives-solidaries\/#breadcrumb","itemListElement":[{"@type":"ListItem","position":1,"name":"Inici","item":"https:\/\/www.iniciatives.org\/es\/"},{"@type":"ListItem","position":2,"name":"Presentaci\u00f3n","item":"https:\/\/www.iniciatives.org\/es\/qui-som\/"},{"@type":"ListItem","position":3,"name":"Transparencia","item":"https:\/\/www.iniciatives.org\/es\/qui-som\/transparencia\/"},{"@type":"ListItem","position":4,"name":"Asociaci\u00f3n Iniciativas Solidarias"}]},{"@type":"WebSite","@id":"https:\/\/www.iniciatives.org\/#website","url":"https:\/\/www.iniciatives.org\/","name":"Iniciatives Solid\u00e0ries","description":"Iniciatives Solid\u00e0ries \u00e9s una ONG d\u2019acci\u00f3 social, acolliment i inserci\u00f3 social","potentialAction":[{"@type":"SearchAction","target":{"@type":"EntryPoint","urlTemplate":"https:\/\/www.iniciatives.org\/?s={search_term_string}"},"query-input":{"@type":"PropertyValueSpecification","valueRequired":true,"valueName":"search_term_string"}}],"inLanguage":"es"}]}},"_links":{"self":[{"href":"https:\/\/www.iniciatives.org\/es\/wp-json\/wp\/v2\/pages\/2626","targetHints":{"allow":["GET"]}}],"collection":[{"href":"https:\/\/www.iniciatives.org\/es\/wp-json\/wp\/v2\/pages"}],"about":[{"href":"https:\/\/www.iniciatives.org\/es\/wp-json\/wp\/v2\/types\/page"}],"author":[{"embeddable":true,"href":"https:\/\/www.iniciatives.org\/es\/wp-json\/wp\/v2\/users\/3"}],"replies":[{"embeddable":true,"href":"https:\/\/www.iniciatives.org\/es\/wp-json\/wp\/v2\/comments?post=2626"}],"version-history":[{"count":9,"href":"https:\/\/www.iniciatives.org\/es\/wp-json\/wp\/v2\/pages\/2626\/revisions"}],"predecessor-version":[{"id":5067,"href":"https:\/\/www.iniciatives.org\/es\/wp-json\/wp\/v2\/pages\/2626\/revisions\/5067"}],"up":[{"embeddable":true,"href":"https:\/\/www.iniciatives.org\/es\/wp-json\/wp\/v2\/pages\/2504"}],"wp:featuredmedia":[{"embeddable":true,"href":"https:\/\/www.iniciatives.org\/es\/wp-json\/wp\/v2\/media\/2598"}],"wp:attachment":[{"href":"https:\/\/www.iniciatives.org\/es\/wp-json\/wp\/v2\/media?parent=2626"}],"curies":[{"name":"wp","href":"https:\/\/api.w.org\/{rel}","templated":true}]}}