

{"id":4754,"date":"2024-04-25T11:16:07","date_gmt":"2024-04-25T11:16:07","guid":{"rendered":"https:\/\/www.iniciatives.org\/?page_id=4754"},"modified":"2024-09-13T18:37:04","modified_gmt":"2024-09-13T16:37:04","slug":"carta-de-servicios","status":"publish","type":"page","link":"https:\/\/www.iniciatives.org\/es\/que-fem\/carta-de-servicios\/","title":{"rendered":"Carta de servicios"},"content":{"rendered":"\n<div class=\"wp-block-cover alignfull is-light\" style=\"min-height:550px;aspect-ratio:unset;aspect-ratio:unset;\"><span aria-hidden=\"true\" class=\"wp-block-cover__background has-background-dim-0 has-background-dim\" style=\"background-color:#868078\"><\/span><img loading=\"lazy\" decoding=\"async\" width=\"2560\" height=\"1707\" class=\"wp-block-cover__image-background wp-image-3459\" alt=\"\" src=\"https:\/\/www.iniciatives.org\/wp-content\/uploads\/2022\/07\/Carta-de-Serveis-scaled.jpg\" data-object-fit=\"cover\" srcset=\"https:\/\/www.iniciatives.org\/wp-content\/uploads\/2022\/07\/Carta-de-Serveis-scaled.jpg 2560w, https:\/\/www.iniciatives.org\/wp-content\/uploads\/2022\/07\/Carta-de-Serveis-600x400.jpg 600w, https:\/\/www.iniciatives.org\/wp-content\/uploads\/2022\/07\/Carta-de-Serveis-800x533.jpg 800w, https:\/\/www.iniciatives.org\/wp-content\/uploads\/2022\/07\/Carta-de-Serveis-768x512.jpg 768w, https:\/\/www.iniciatives.org\/wp-content\/uploads\/2022\/07\/Carta-de-Serveis-1200x800.jpg 1200w, https:\/\/www.iniciatives.org\/wp-content\/uploads\/2022\/07\/Carta-de-Serveis-1536x1024.jpg 1536w, https:\/\/www.iniciatives.org\/wp-content\/uploads\/2022\/07\/Carta-de-Serveis-2048x1366.jpg 2048w, https:\/\/www.iniciatives.org\/wp-content\/uploads\/2022\/07\/Carta-de-Serveis-930x620.jpg 930w\" sizes=\"auto, (max-width: 2560px) 100vw, 2560px\" \/><div class=\"wp-block-cover__inner-container is-layout-constrained wp-block-cover-is-layout-constrained\">\n<p class=\"has-text-align-center has-nv-text-dark-bg-color has-text-color has-link-color wp-elements-28ff6d830edc5c1fc8b5844c275d6524\" style=\"font-size:50px;font-style:normal;font-weight:900\">Carta de servicios<\/p>\n<\/div><\/div>\n\n\n<div class=\"wp-block-image\">\n<figure class=\"aligncenter size-medium is-resized\"><img loading=\"lazy\" decoding=\"async\" width=\"800\" height=\"511\" src=\"https:\/\/www.iniciatives.org\/wp-content\/uploads\/2024\/07\/close-up-people-studying-800x511.jpg\" alt=\"\" class=\"wp-image-5053\" style=\"width:595px;height:auto\" srcset=\"https:\/\/www.iniciatives.org\/wp-content\/uploads\/2024\/07\/close-up-people-studying-800x511.jpg 800w, https:\/\/www.iniciatives.org\/wp-content\/uploads\/2024\/07\/close-up-people-studying-1200x767.jpg 1200w, https:\/\/www.iniciatives.org\/wp-content\/uploads\/2024\/07\/close-up-people-studying-768x491.jpg 768w, https:\/\/www.iniciatives.org\/wp-content\/uploads\/2024\/07\/close-up-people-studying-1536x982.jpg 1536w, https:\/\/www.iniciatives.org\/wp-content\/uploads\/2024\/07\/close-up-people-studying-2048x1309.jpg 2048w\" sizes=\"auto, (max-width: 800px) 100vw, 800px\" \/><\/figure><\/div>\n\n\n<p>La <a href=\"https:\/\/www.iniciatives.org\/wp-content\/uploads\/2024\/07\/Carta-de-Serveis-2024-2.pdf\" target=\"_blank\" rel=\"noreferrer noopener\">carta de servicios<\/a> es un documento que informa de los servicios que ofrece la entidad, los compromisos que adquiere y como eval\u00faa el logro de los objetivos adquiridos. El documento incluye tambi\u00e9n la carta de servicios del Centro Abierto&nbsp;Ginkgo.<\/p>\n\n\n\n<figure class=\"wp-block-image size-large is-resized\"><a href=\"https:\/\/www.iniciatives.org\/wp-content\/uploads\/2024\/07\/Certificacio-BUP_2024.pdf\" target=\"_blank\" rel=\"noreferrer noopener\"><img decoding=\"async\" src=\"https:\/\/www.iniciatives.org\/wp-content\/uploads\/2024\/07\/image-25-1024x498.png\" alt=\"\" class=\"wp-image-5061\" style=\"width:195px;height:auto\"\/><\/a><\/figure>\n","protected":false},"excerpt":{"rendered":"<p>La carta de servicios es un documento que informa de los servicios que ofrece la entidad, los compromisos que adquiere y como eval\u00faa el logro de los objetivos adquiridos. El documento incluye tambi\u00e9n la carta de servicios del Centro Abierto&nbsp;Ginkgo.<\/p>\n","protected":false},"author":3,"featured_media":3460,"parent":2402,"menu_order":49,"comment_status":"closed","ping_status":"closed","template":"","meta":{"_eb_attr":"","neve_meta_sidebar":"full-width","neve_meta_container":"","neve_meta_enable_content_width":"on","neve_meta_content_width":100,"neve_meta_title_alignment":"","neve_meta_author_avatar":"","neve_post_elements_order":"","neve_meta_disable_header":"","neve_meta_disable_footer":"","neve_meta_disable_title":"on","footnotes":""},"class_list":["post-4754","page","type-page","status-publish","has-post-thumbnail","hentry"],"yoast_head":"<!-- This site is optimized with the Yoast SEO plugin v25.4 - https:\/\/yoast.com\/wordpress\/plugins\/seo\/ -->\n<title>Carta de servicios - Iniciatives Solid\u00e0ries<\/title>\n<meta name=\"robots\" content=\"index, follow, max-snippet:-1, max-image-preview:large, max-video-preview:-1\" \/>\n<link rel=\"canonical\" href=\"https:\/\/www.iniciatives.org\/es\/que-fem\/carta-de-servicios\/\" \/>\n<meta property=\"og:locale\" content=\"es_ES\" \/>\n<meta property=\"og:type\" content=\"article\" \/>\n<meta property=\"og:title\" content=\"Carta de servicios - Iniciatives Solid\u00e0ries\" \/>\n<meta property=\"og:description\" content=\"La carta de servicios es un documento que informa de los servicios que ofrece la entidad, los compromisos que adquiere y como eval\u00faa el logro de los objetivos adquiridos. El documento incluye tambi\u00e9n la carta de servicios del Centro Abierto&nbsp;Ginkgo.\" \/>\n<meta property=\"og:url\" content=\"https:\/\/www.iniciatives.org\/es\/que-fem\/carta-de-servicios\/\" \/>\n<meta property=\"og:site_name\" content=\"Iniciatives Solid\u00e0ries\" \/>\n<meta property=\"article:modified_time\" content=\"2024-09-13T16:37:04+00:00\" \/>\n<meta property=\"og:image\" content=\"https:\/\/www.iniciatives.org\/wp-content\/uploads\/2022\/07\/Carta-de-Serveis-scaled.jpg\" \/>\n\t<meta property=\"og:image:width\" content=\"2560\" \/>\n\t<meta property=\"og:image:height\" content=\"1707\" \/>\n\t<meta property=\"og:image:type\" content=\"image\/jpeg\" \/>\n<meta name=\"twitter:card\" content=\"summary_large_image\" \/>\n<meta name=\"twitter:label1\" content=\"Tiempo de lectura\" \/>\n\t<meta name=\"twitter:data1\" content=\"2 minutos\" \/>\n<script type=\"application\/ld+json\" class=\"yoast-schema-graph\">{\"@context\":\"https:\/\/schema.org\",\"@graph\":[{\"@type\":\"WebPage\",\"@id\":\"https:\/\/www.iniciatives.org\/es\/que-fem\/carta-de-servicios\/\",\"url\":\"https:\/\/www.iniciatives.org\/es\/que-fem\/carta-de-servicios\/\",\"name\":\"Carta de servicios - Iniciatives Solid\u00e0ries\",\"isPartOf\":{\"@id\":\"https:\/\/www.iniciatives.org\/#website\"},\"primaryImageOfPage\":{\"@id\":\"https:\/\/www.iniciatives.org\/es\/que-fem\/carta-de-servicios\/#primaryimage\"},\"image\":{\"@id\":\"https:\/\/www.iniciatives.org\/es\/que-fem\/carta-de-servicios\/#primaryimage\"},\"thumbnailUrl\":\"https:\/\/www.iniciatives.org\/wp-content\/uploads\/2022\/07\/Carta-de-Serveis-scaled.jpg\",\"datePublished\":\"2024-04-25T11:16:07+00:00\",\"dateModified\":\"2024-09-13T16:37:04+00:00\",\"breadcrumb\":{\"@id\":\"https:\/\/www.iniciatives.org\/es\/que-fem\/carta-de-servicios\/#breadcrumb\"},\"inLanguage\":\"es\",\"potentialAction\":[{\"@type\":\"ReadAction\",\"target\":[\"https:\/\/www.iniciatives.org\/es\/que-fem\/carta-de-servicios\/\"]}]},{\"@type\":\"ImageObject\",\"inLanguage\":\"es\",\"@id\":\"https:\/\/www.iniciatives.org\/es\/que-fem\/carta-de-servicios\/#primaryimage\",\"url\":\"https:\/\/www.iniciatives.org\/wp-content\/uploads\/2022\/07\/Carta-de-Serveis-scaled.jpg\",\"contentUrl\":\"https:\/\/www.iniciatives.org\/wp-content\/uploads\/2022\/07\/Carta-de-Serveis-scaled.jpg\",\"width\":2560,\"height\":1707},{\"@type\":\"BreadcrumbList\",\"@id\":\"https:\/\/www.iniciatives.org\/es\/que-fem\/carta-de-servicios\/#breadcrumb\",\"itemListElement\":[{\"@type\":\"ListItem\",\"position\":1,\"name\":\"Inici\",\"item\":\"https:\/\/www.iniciatives.org\/es\/\"},{\"@type\":\"ListItem\",\"position\":2,\"name\":\"Qu\u00e8 fem\",\"item\":\"https:\/\/www.iniciatives.org\/es\/que-fem\/\"},{\"@type\":\"ListItem\",\"position\":3,\"name\":\"Carta de servicios\"}]},{\"@type\":\"WebSite\",\"@id\":\"https:\/\/www.iniciatives.org\/#website\",\"url\":\"https:\/\/www.iniciatives.org\/\",\"name\":\"Iniciatives Solid\u00e0ries\",\"description\":\"Iniciatives Solid\u00e0ries \u00e9s una ONG d\u2019acci\u00f3 social, acolliment i inserci\u00f3 social\",\"potentialAction\":[{\"@type\":\"SearchAction\",\"target\":{\"@type\":\"EntryPoint\",\"urlTemplate\":\"https:\/\/www.iniciatives.org\/?s={search_term_string}\"},\"query-input\":{\"@type\":\"PropertyValueSpecification\",\"valueRequired\":true,\"valueName\":\"search_term_string\"}}],\"inLanguage\":\"es\"}]}<\/script>\n<!-- \/ Yoast SEO plugin. -->","yoast_head_json":{"title":"Carta de servicios - Iniciatives Solid\u00e0ries","robots":{"index":"index","follow":"follow","max-snippet":"max-snippet:-1","max-image-preview":"max-image-preview:large","max-video-preview":"max-video-preview:-1"},"canonical":"https:\/\/www.iniciatives.org\/es\/que-fem\/carta-de-servicios\/","og_locale":"es_ES","og_type":"article","og_title":"Carta de servicios - Iniciatives Solid\u00e0ries","og_description":"La carta de servicios es un documento que informa de los servicios que ofrece la entidad, los compromisos que adquiere y como eval\u00faa el logro de los objetivos adquiridos. El documento incluye tambi\u00e9n la carta de servicios del Centro Abierto&nbsp;Ginkgo.","og_url":"https:\/\/www.iniciatives.org\/es\/que-fem\/carta-de-servicios\/","og_site_name":"Iniciatives Solid\u00e0ries","article_modified_time":"2024-09-13T16:37:04+00:00","og_image":[{"width":2560,"height":1707,"url":"https:\/\/www.iniciatives.org\/wp-content\/uploads\/2022\/07\/Carta-de-Serveis-scaled.jpg","type":"image\/jpeg"}],"twitter_card":"summary_large_image","twitter_misc":{"Tiempo de lectura":"2 minutos"},"schema":{"@context":"https:\/\/schema.org","@graph":[{"@type":"WebPage","@id":"https:\/\/www.iniciatives.org\/es\/que-fem\/carta-de-servicios\/","url":"https:\/\/www.iniciatives.org\/es\/que-fem\/carta-de-servicios\/","name":"Carta de servicios - Iniciatives Solid\u00e0ries","isPartOf":{"@id":"https:\/\/www.iniciatives.org\/#website"},"primaryImageOfPage":{"@id":"https:\/\/www.iniciatives.org\/es\/que-fem\/carta-de-servicios\/#primaryimage"},"image":{"@id":"https:\/\/www.iniciatives.org\/es\/que-fem\/carta-de-servicios\/#primaryimage"},"thumbnailUrl":"https:\/\/www.iniciatives.org\/wp-content\/uploads\/2022\/07\/Carta-de-Serveis-scaled.jpg","datePublished":"2024-04-25T11:16:07+00:00","dateModified":"2024-09-13T16:37:04+00:00","breadcrumb":{"@id":"https:\/\/www.iniciatives.org\/es\/que-fem\/carta-de-servicios\/#breadcrumb"},"inLanguage":"es","potentialAction":[{"@type":"ReadAction","target":["https:\/\/www.iniciatives.org\/es\/que-fem\/carta-de-servicios\/"]}]},{"@type":"ImageObject","inLanguage":"es","@id":"https:\/\/www.iniciatives.org\/es\/que-fem\/carta-de-servicios\/#primaryimage","url":"https:\/\/www.iniciatives.org\/wp-content\/uploads\/2022\/07\/Carta-de-Serveis-scaled.jpg","contentUrl":"https:\/\/www.iniciatives.org\/wp-content\/uploads\/2022\/07\/Carta-de-Serveis-scaled.jpg","width":2560,"height":1707},{"@type":"BreadcrumbList","@id":"https:\/\/www.iniciatives.org\/es\/que-fem\/carta-de-servicios\/#breadcrumb","itemListElement":[{"@type":"ListItem","position":1,"name":"Inici","item":"https:\/\/www.iniciatives.org\/es\/"},{"@type":"ListItem","position":2,"name":"Qu\u00e8 fem","item":"https:\/\/www.iniciatives.org\/es\/que-fem\/"},{"@type":"ListItem","position":3,"name":"Carta de servicios"}]},{"@type":"WebSite","@id":"https:\/\/www.iniciatives.org\/#website","url":"https:\/\/www.iniciatives.org\/","name":"Iniciatives Solid\u00e0ries","description":"Iniciatives Solid\u00e0ries \u00e9s una ONG d\u2019acci\u00f3 social, acolliment i inserci\u00f3 social","potentialAction":[{"@type":"SearchAction","target":{"@type":"EntryPoint","urlTemplate":"https:\/\/www.iniciatives.org\/?s={search_term_string}"},"query-input":{"@type":"PropertyValueSpecification","valueRequired":true,"valueName":"search_term_string"}}],"inLanguage":"es"}]}},"_links":{"self":[{"href":"https:\/\/www.iniciatives.org\/es\/wp-json\/wp\/v2\/pages\/4754","targetHints":{"allow":["GET"]}}],"collection":[{"href":"https:\/\/www.iniciatives.org\/es\/wp-json\/wp\/v2\/pages"}],"about":[{"href":"https:\/\/www.iniciatives.org\/es\/wp-json\/wp\/v2\/types\/page"}],"author":[{"embeddable":true,"href":"https:\/\/www.iniciatives.org\/es\/wp-json\/wp\/v2\/users\/3"}],"replies":[{"embeddable":true,"href":"https:\/\/www.iniciatives.org\/es\/wp-json\/wp\/v2\/comments?post=4754"}],"version-history":[{"count":6,"href":"https:\/\/www.iniciatives.org\/es\/wp-json\/wp\/v2\/pages\/4754\/revisions"}],"predecessor-version":[{"id":5229,"href":"https:\/\/www.iniciatives.org\/es\/wp-json\/wp\/v2\/pages\/4754\/revisions\/5229"}],"up":[{"embeddable":true,"href":"https:\/\/www.iniciatives.org\/es\/wp-json\/wp\/v2\/pages\/2402"}],"wp:featuredmedia":[{"embeddable":true,"href":"https:\/\/www.iniciatives.org\/es\/wp-json\/wp\/v2\/media\/3460"}],"wp:attachment":[{"href":"https:\/\/www.iniciatives.org\/es\/wp-json\/wp\/v2\/media?parent=4754"}],"curies":[{"name":"wp","href":"https:\/\/api.w.org\/{rel}","templated":true}]}}