

{"id":5584,"date":"2025-01-16T10:42:07","date_gmt":"2025-01-16T09:42:07","guid":{"rendered":"https:\/\/www.iniciatives.org\/memoria-dactivitats\/"},"modified":"2025-11-14T13:39:40","modified_gmt":"2025-11-14T12:39:40","slug":"memoria-dactivitats","status":"publish","type":"page","link":"https:\/\/www.iniciatives.org\/es\/memoria-dactivitats\/","title":{"rendered":"Memoria de actvidades"},"content":{"rendered":"\n<div class=\"wp-block-cover alignfull\" style=\"min-height:550px;aspect-ratio:unset;aspect-ratio:unset;\"><img loading=\"lazy\" decoding=\"async\" width=\"1366\" height=\"619\" class=\"wp-block-cover__image-background wp-image-1315\" alt=\"Arxivadors de color vermell que contenen les mem\u00f2ries anuals d'Iniciatives Solid\u00e0ries.\" src=\"https:\/\/www.iniciatives.org\/wp-content\/uploads\/2012\/04\/Memoriesdef.jpg\" data-object-fit=\"cover\" srcset=\"https:\/\/www.iniciatives.org\/wp-content\/uploads\/2012\/04\/Memoriesdef.jpg 1366w, https:\/\/www.iniciatives.org\/wp-content\/uploads\/2012\/04\/Memoriesdef-800x363.jpg 800w, https:\/\/www.iniciatives.org\/wp-content\/uploads\/2012\/04\/Memoriesdef-768x348.jpg 768w, https:\/\/www.iniciatives.org\/wp-content\/uploads\/2012\/04\/Memoriesdef-1200x544.jpg 1200w\" sizes=\"auto, (max-width: 1366px) 100vw, 1366px\" \/><span aria-hidden=\"true\" class=\"wp-block-cover__background has-background-dim-0 has-background-dim\" style=\"background-color:#868078\"><\/span><div class=\"wp-block-cover__inner-container is-layout-constrained wp-block-cover-is-layout-constrained\">\n<h1 class=\"wp-block-heading has-text-align-center has-nv-text-dark-bg-color has-text-color has-link-color wp-elements-e8e0ae03e9adb8e1dfaef9ff19399cdd\" style=\"font-size:50px\">Memoria de actvidades<\/h1>\n<\/div><\/div>\n\n\n\n<div class=\"wp-block-columns is-layout-flex wp-container-core-columns-is-layout-9d6595d7 wp-block-columns-is-layout-flex\">\n<div class=\"wp-block-column has-background is-layout-flow wp-block-column-is-layout-flow\" style=\"background-color:#e6eded;padding-top:var(--wp--preset--spacing--60);padding-right:var(--wp--preset--spacing--60);padding-bottom:var(--wp--preset--spacing--60);padding-left:var(--wp--preset--spacing--60)\">\n<h3 class=\"wp-block-heading\">Associaci\u00f3 Iniciatives Solid\u00e0ries<\/h3>\n\n\n\n<p>Descubre la labor que la Asociaci\u00f3n Iniciatives Solid\u00e0ries desarrolla a\u00f1o tras a\u00f1o para ayudar a quienes siempre les toca perder. <\/p>\n\n\n\n<p>Te puedes descargar nuestras memorias en formato pdf a continuaci\u00f3n:<\/p>\n\n\n\n<figure class=\"wp-block-gallery has-nested-images columns-4 graella-memories wp-block-gallery-1 is-layout-flex wp-block-gallery-is-layout-flex\">\n<figure class=\"wp-block-image\"><a href=\"https:\/\/www.iniciatives.org\/wp-content\/uploads\/2025\/10\/Memoria-resum-AIS-2024-WEB.pdf\"><img decoding=\"async\" src=\"https:\/\/www.iniciatives.org\/wp-content\/uploads\/2024\/07\/memoria_2024.png\" alt=\"Aquesta imatge t\u00e9 un atribut alt buit; el nom de fitxer \u00e9s memoria_2024.png\"\/><\/a><\/figure>\n\n\n\n<figure class=\"wp-block-image\"><a href=\"https:\/\/www.iniciatives.org\/wp-content\/uploads\/2025\/06\/Memoria-resum-AIS-2023-WEB.pdf\"><img decoding=\"async\" src=\"https:\/\/www.iniciatives.org\/wp-content\/uploads\/2024\/07\/memoria_2023.png\" alt=\"Aquesta imatge t\u00e9 un atribut alt buit; el nom de fitxer \u00e9s memoria_2023.png\"\/><\/a><\/figure>\n\n\n\n<figure class=\"wp-block-image\"><a href=\"https:\/\/www.iniciatives.org\/wp-content\/uploads\/2025\/06\/Memoria-resum-AIS-2022-WEB.pdf\"><img decoding=\"async\" src=\"https:\/\/www.iniciatives.org\/wp-content\/uploads\/2024\/07\/memoria_2022.png\" alt=\"Aquesta imatge t\u00e9 un atribut alt buit; el nom de fitxer \u00e9s memoria_2022.png\"\/><\/a><\/figure>\n<\/figure>\n<\/div>\n\n\n\n<div class=\"wp-block-column has-background is-layout-flow wp-block-column-is-layout-flow\" style=\"background-color:#e6eded;padding-top:var(--wp--preset--spacing--60);padding-right:var(--wp--preset--spacing--60);padding-bottom:var(--wp--preset--spacing--60);padding-left:var(--wp--preset--spacing--60)\">\n<h3 class=\"wp-block-heading\">Fundaci\u00f3 Iniciatives Solid\u00e0ries<\/h3>\n\n\n\n<p>Descubre la labor que la Fundaci\u00f3n Iniciatives Solid\u00e0ries desarrolla a\u00f1o tras a\u00f1o para ayudar a quienes siempre les toca perder. <\/p>\n\n\n\n<p>Te puedes descargar nuestras memorias en formato pdf a continuaci\u00f3n:<\/p>\n\n\n\n<figure class=\"wp-block-gallery has-nested-images columns-4 graella-memories wp-block-gallery-2 is-layout-flex wp-block-gallery-is-layout-flex\">\n<figure class=\"wp-block-image\"><a href=\"https:\/\/www.iniciatives.org\/wp-content\/uploads\/2025\/10\/Memoria-Social-024._.pdf\"><img decoding=\"async\" src=\"https:\/\/www.iniciatives.org\/wp-content\/uploads\/2024\/07\/memoria_2024.png\" alt=\"Aquesta imatge t\u00e9 un atribut alt buit; el nom de fitxer \u00e9s memoria_2024.png\"\/><\/a><\/figure>\n\n\n\n<figure class=\"wp-block-image\"><a href=\"https:\/\/www.iniciatives.org\/wp-content\/uploads\/2025\/01\/Memoria-Social-023.pdf\"><img decoding=\"async\" src=\"https:\/\/www.iniciatives.org\/wp-content\/uploads\/2024\/07\/memoria_2023.png\" alt=\"Aquesta imatge t\u00e9 un atribut alt buit; el nom de fitxer \u00e9s memoria_2023.png\"\/><\/a><\/figure>\n\n\n\n<figure class=\"wp-block-image\"><a href=\"https:\/\/www.iniciatives.org\/wp-content\/uploads\/2023\/10\/Memoria-Social-22.pdf\"><img decoding=\"async\" src=\"https:\/\/www.iniciatives.org\/wp-content\/uploads\/2024\/07\/memoria_2022.png\" alt=\"Aquesta imatge t\u00e9 un atribut alt buit; el nom de fitxer \u00e9s memoria_2022.png\"\/><\/a><\/figure>\n<\/figure>\n<\/div>\n<\/div>\n","protected":false},"excerpt":{"rendered":"<p>Associaci\u00f3 Iniciatives Solid\u00e0ries Descubre la labor que la Asociaci\u00f3n Iniciatives Solid\u00e0ries desarrolla a\u00f1o tras a\u00f1o para ayudar a quienes siempre les toca perder. Te puedes descargar nuestras memorias en formato pdf a continuaci\u00f3n: Fundaci\u00f3 Iniciatives Solid\u00e0ries Descubre la labor que la Fundaci\u00f3n Iniciatives Solid\u00e0ries desarrolla a\u00f1o tras a\u00f1o para ayudar a quienes siempre les toca&hellip;&nbsp;<a href=\"https:\/\/www.iniciatives.org\/es\/memoria-dactivitats\/\" rel=\"bookmark\">Leer m\u00e1s &raquo;<span class=\"screen-reader-text\">Memoria de actvidades<\/span><\/a><\/p>\n","protected":false},"author":3,"featured_media":0,"parent":0,"menu_order":13,"comment_status":"closed","ping_status":"closed","template":"","meta":{"_eb_attr":"","neve_meta_sidebar":"","neve_meta_container":"","neve_meta_enable_content_width":"","neve_meta_content_width":0,"neve_meta_title_alignment":"","neve_meta_author_avatar":"","neve_post_elements_order":"","neve_meta_disable_header":"","neve_meta_disable_footer":"","neve_meta_disable_title":"on","footnotes":""},"class_list":["post-5584","page","type-page","status-publish","hentry"],"yoast_head":"<!-- This site is optimized with the Yoast SEO plugin v25.4 - https:\/\/yoast.com\/wordpress\/plugins\/seo\/ -->\n<title>Memoria de actvidades - Iniciatives Solid\u00e0ries<\/title>\n<meta name=\"robots\" content=\"index, follow, max-snippet:-1, max-image-preview:large, max-video-preview:-1\" \/>\n<link rel=\"canonical\" href=\"https:\/\/www.iniciatives.org\/es\/memoria-dactivitats\/\" \/>\n<meta property=\"og:locale\" content=\"es_ES\" \/>\n<meta property=\"og:type\" content=\"article\" \/>\n<meta property=\"og:title\" content=\"Memoria de actvidades - Iniciatives Solid\u00e0ries\" \/>\n<meta property=\"og:description\" content=\"Associaci\u00f3 Iniciatives Solid\u00e0ries Descubre la labor que la Asociaci\u00f3n Iniciatives Solid\u00e0ries desarrolla a\u00f1o tras a\u00f1o para ayudar a quienes siempre les toca perder. Te puedes descargar nuestras memorias en formato pdf a continuaci\u00f3n: Fundaci\u00f3 Iniciatives Solid\u00e0ries Descubre la labor que la Fundaci\u00f3n Iniciatives Solid\u00e0ries desarrolla a\u00f1o tras a\u00f1o para ayudar a quienes siempre les toca&hellip;&nbsp;Leer m\u00e1s &raquo;Memoria de actvidades\" \/>\n<meta property=\"og:url\" content=\"https:\/\/www.iniciatives.org\/es\/memoria-dactivitats\/\" \/>\n<meta property=\"og:site_name\" content=\"Iniciatives Solid\u00e0ries\" \/>\n<meta property=\"article:modified_time\" content=\"2025-11-14T12:39:40+00:00\" \/>\n<meta property=\"og:image\" content=\"https:\/\/www.iniciatives.org\/wp-content\/uploads\/2012\/04\/Memoriesdef.jpg\" \/>\n\t<meta property=\"og:image:width\" content=\"1366\" \/>\n\t<meta property=\"og:image:height\" content=\"619\" \/>\n\t<meta property=\"og:image:type\" content=\"image\/jpeg\" \/>\n<meta name=\"twitter:card\" content=\"summary_large_image\" \/>\n<meta name=\"twitter:label1\" content=\"Tiempo de lectura\" \/>\n\t<meta name=\"twitter:data1\" content=\"2 minutos\" \/>\n<script type=\"application\/ld+json\" class=\"yoast-schema-graph\">{\"@context\":\"https:\/\/schema.org\",\"@graph\":[{\"@type\":\"WebPage\",\"@id\":\"https:\/\/www.iniciatives.org\/es\/memoria-dactivitats\/\",\"url\":\"https:\/\/www.iniciatives.org\/es\/memoria-dactivitats\/\",\"name\":\"Memoria de actvidades - Iniciatives Solid\u00e0ries\",\"isPartOf\":{\"@id\":\"https:\/\/www.iniciatives.org\/#website\"},\"primaryImageOfPage\":{\"@id\":\"https:\/\/www.iniciatives.org\/es\/memoria-dactivitats\/#primaryimage\"},\"image\":{\"@id\":\"https:\/\/www.iniciatives.org\/es\/memoria-dactivitats\/#primaryimage\"},\"thumbnailUrl\":\"https:\/\/www.iniciatives.org\/wp-content\/uploads\/2012\/04\/Memoriesdef.jpg\",\"datePublished\":\"2025-01-16T09:42:07+00:00\",\"dateModified\":\"2025-11-14T12:39:40+00:00\",\"breadcrumb\":{\"@id\":\"https:\/\/www.iniciatives.org\/es\/memoria-dactivitats\/#breadcrumb\"},\"inLanguage\":\"es\",\"potentialAction\":[{\"@type\":\"ReadAction\",\"target\":[\"https:\/\/www.iniciatives.org\/es\/memoria-dactivitats\/\"]}]},{\"@type\":\"ImageObject\",\"inLanguage\":\"es\",\"@id\":\"https:\/\/www.iniciatives.org\/es\/memoria-dactivitats\/#primaryimage\",\"url\":\"https:\/\/www.iniciatives.org\/wp-content\/uploads\/2012\/04\/Memoriesdef.jpg\",\"contentUrl\":\"https:\/\/www.iniciatives.org\/wp-content\/uploads\/2012\/04\/Memoriesdef.jpg\"},{\"@type\":\"BreadcrumbList\",\"@id\":\"https:\/\/www.iniciatives.org\/es\/memoria-dactivitats\/#breadcrumb\",\"itemListElement\":[{\"@type\":\"ListItem\",\"position\":1,\"name\":\"Inici\",\"item\":\"https:\/\/www.iniciatives.org\/es\/\"},{\"@type\":\"ListItem\",\"position\":2,\"name\":\"Memoria de actvidades\"}]},{\"@type\":\"WebSite\",\"@id\":\"https:\/\/www.iniciatives.org\/#website\",\"url\":\"https:\/\/www.iniciatives.org\/\",\"name\":\"Iniciatives Solid\u00e0ries\",\"description\":\"Iniciatives Solid\u00e0ries \u00e9s una ONG d\u2019acci\u00f3 social, acolliment i inserci\u00f3 social\",\"potentialAction\":[{\"@type\":\"SearchAction\",\"target\":{\"@type\":\"EntryPoint\",\"urlTemplate\":\"https:\/\/www.iniciatives.org\/?s={search_term_string}\"},\"query-input\":{\"@type\":\"PropertyValueSpecification\",\"valueRequired\":true,\"valueName\":\"search_term_string\"}}],\"inLanguage\":\"es\"}]}<\/script>\n<!-- \/ Yoast SEO plugin. -->","yoast_head_json":{"title":"Memoria de actvidades - Iniciatives Solid\u00e0ries","robots":{"index":"index","follow":"follow","max-snippet":"max-snippet:-1","max-image-preview":"max-image-preview:large","max-video-preview":"max-video-preview:-1"},"canonical":"https:\/\/www.iniciatives.org\/es\/memoria-dactivitats\/","og_locale":"es_ES","og_type":"article","og_title":"Memoria de actvidades - Iniciatives Solid\u00e0ries","og_description":"Associaci\u00f3 Iniciatives Solid\u00e0ries Descubre la labor que la Asociaci\u00f3n Iniciatives Solid\u00e0ries desarrolla a\u00f1o tras a\u00f1o para ayudar a quienes siempre les toca perder. Te puedes descargar nuestras memorias en formato pdf a continuaci\u00f3n: Fundaci\u00f3 Iniciatives Solid\u00e0ries Descubre la labor que la Fundaci\u00f3n Iniciatives Solid\u00e0ries desarrolla a\u00f1o tras a\u00f1o para ayudar a quienes siempre les toca&hellip;&nbsp;Leer m\u00e1s &raquo;Memoria de actvidades","og_url":"https:\/\/www.iniciatives.org\/es\/memoria-dactivitats\/","og_site_name":"Iniciatives Solid\u00e0ries","article_modified_time":"2025-11-14T12:39:40+00:00","og_image":[{"width":1366,"height":619,"url":"https:\/\/www.iniciatives.org\/wp-content\/uploads\/2012\/04\/Memoriesdef.jpg","type":"image\/jpeg"}],"twitter_card":"summary_large_image","twitter_misc":{"Tiempo de lectura":"2 minutos"},"schema":{"@context":"https:\/\/schema.org","@graph":[{"@type":"WebPage","@id":"https:\/\/www.iniciatives.org\/es\/memoria-dactivitats\/","url":"https:\/\/www.iniciatives.org\/es\/memoria-dactivitats\/","name":"Memoria de actvidades - Iniciatives Solid\u00e0ries","isPartOf":{"@id":"https:\/\/www.iniciatives.org\/#website"},"primaryImageOfPage":{"@id":"https:\/\/www.iniciatives.org\/es\/memoria-dactivitats\/#primaryimage"},"image":{"@id":"https:\/\/www.iniciatives.org\/es\/memoria-dactivitats\/#primaryimage"},"thumbnailUrl":"https:\/\/www.iniciatives.org\/wp-content\/uploads\/2012\/04\/Memoriesdef.jpg","datePublished":"2025-01-16T09:42:07+00:00","dateModified":"2025-11-14T12:39:40+00:00","breadcrumb":{"@id":"https:\/\/www.iniciatives.org\/es\/memoria-dactivitats\/#breadcrumb"},"inLanguage":"es","potentialAction":[{"@type":"ReadAction","target":["https:\/\/www.iniciatives.org\/es\/memoria-dactivitats\/"]}]},{"@type":"ImageObject","inLanguage":"es","@id":"https:\/\/www.iniciatives.org\/es\/memoria-dactivitats\/#primaryimage","url":"https:\/\/www.iniciatives.org\/wp-content\/uploads\/2012\/04\/Memoriesdef.jpg","contentUrl":"https:\/\/www.iniciatives.org\/wp-content\/uploads\/2012\/04\/Memoriesdef.jpg"},{"@type":"BreadcrumbList","@id":"https:\/\/www.iniciatives.org\/es\/memoria-dactivitats\/#breadcrumb","itemListElement":[{"@type":"ListItem","position":1,"name":"Inici","item":"https:\/\/www.iniciatives.org\/es\/"},{"@type":"ListItem","position":2,"name":"Memoria de actvidades"}]},{"@type":"WebSite","@id":"https:\/\/www.iniciatives.org\/#website","url":"https:\/\/www.iniciatives.org\/","name":"Iniciatives Solid\u00e0ries","description":"Iniciatives Solid\u00e0ries \u00e9s una ONG d\u2019acci\u00f3 social, acolliment i inserci\u00f3 social","potentialAction":[{"@type":"SearchAction","target":{"@type":"EntryPoint","urlTemplate":"https:\/\/www.iniciatives.org\/?s={search_term_string}"},"query-input":{"@type":"PropertyValueSpecification","valueRequired":true,"valueName":"search_term_string"}}],"inLanguage":"es"}]}},"_links":{"self":[{"href":"https:\/\/www.iniciatives.org\/es\/wp-json\/wp\/v2\/pages\/5584","targetHints":{"allow":["GET"]}}],"collection":[{"href":"https:\/\/www.iniciatives.org\/es\/wp-json\/wp\/v2\/pages"}],"about":[{"href":"https:\/\/www.iniciatives.org\/es\/wp-json\/wp\/v2\/types\/page"}],"author":[{"embeddable":true,"href":"https:\/\/www.iniciatives.org\/es\/wp-json\/wp\/v2\/users\/3"}],"replies":[{"embeddable":true,"href":"https:\/\/www.iniciatives.org\/es\/wp-json\/wp\/v2\/comments?post=5584"}],"version-history":[{"count":4,"href":"https:\/\/www.iniciatives.org\/es\/wp-json\/wp\/v2\/pages\/5584\/revisions"}],"predecessor-version":[{"id":5680,"href":"https:\/\/www.iniciatives.org\/es\/wp-json\/wp\/v2\/pages\/5584\/revisions\/5680"}],"wp:attachment":[{"href":"https:\/\/www.iniciatives.org\/es\/wp-json\/wp\/v2\/media?parent=5584"}],"curies":[{"name":"wp","href":"https:\/\/api.w.org\/{rel}","templated":true}]}}