

{"id":5590,"date":"2025-01-16T10:37:23","date_gmt":"2025-01-16T09:37:23","guid":{"rendered":"https:\/\/www.iniciatives.org\/qui-som\/missio-visio-i-valors\/"},"modified":"2025-06-02T18:23:46","modified_gmt":"2025-06-02T16:23:46","slug":"missio-visio-i-valors","status":"publish","type":"page","link":"https:\/\/www.iniciatives.org\/es\/qui-som\/missio-visio-i-valors\/","title":{"rendered":"Misi\u00f3n, visi\u00f3n y valores"},"content":{"rendered":"\n<div class=\"wp-block-cover alignfull\" style=\"min-height:550px;aspect-ratio:unset;aspect-ratio:unset;\"><span aria-hidden=\"true\" class=\"wp-block-cover__background has-background-dim-0 has-background-dim\" style=\"background-color:#868078\"><\/span><img loading=\"lazy\" decoding=\"async\" width=\"1366\" height=\"619\" class=\"wp-block-cover__image-background wp-image-1315\" alt=\"Arxivadors de color vermell que contenen les mem\u00f2ries anuals d'Iniciatives Solid\u00e0ries.\" src=\"https:\/\/www.iniciatives.org\/wp-content\/uploads\/2012\/04\/Memoriesdef.jpg\" data-object-fit=\"cover\" srcset=\"https:\/\/www.iniciatives.org\/wp-content\/uploads\/2012\/04\/Memoriesdef.jpg 1366w, https:\/\/www.iniciatives.org\/wp-content\/uploads\/2012\/04\/Memoriesdef-800x363.jpg 800w, https:\/\/www.iniciatives.org\/wp-content\/uploads\/2012\/04\/Memoriesdef-768x348.jpg 768w, https:\/\/www.iniciatives.org\/wp-content\/uploads\/2012\/04\/Memoriesdef-1200x544.jpg 1200w\" sizes=\"auto, (max-width: 1366px) 100vw, 1366px\" \/><div class=\"wp-block-cover__inner-container is-layout-constrained wp-block-cover-is-layout-constrained\">\n<h1 class=\"wp-block-heading has-text-align-center has-nv-text-dark-bg-color has-text-color has-link-color wp-elements-12e7a92a84700d496692c1861ed6f6aa\" style=\"font-size:50px\">Missi\u00f3, visi\u00f3 i valors<\/h1>\n<\/div><\/div>\n\n\n\n<h2 class=\"wp-block-heading\">Nuestros valores<\/h2>\n\n\n\n<p>Los valores de la Fundaci\u00f3n Iniciatives Solid\u00e0ries son:<br>\u2013 <strong>La solidaridad,<\/strong> la dignidad humana<br>\u2013<strong> La justicia social<\/strong><br>\u2013<strong> La honestidad<\/strong>: la democracia \u00e9tica, participativa y sostenible<br>\u2013 <strong>La justicia econ\u00f3mica<\/strong><br>\u2013 <strong>El empoderamiento<\/strong>, como metodolog\u00eda de trabajo personal y colectiva<br>\u2013<strong> La justicia legislativa<\/strong><\/p>\n\n\n\n<h2 class=\"wp-block-heading\">Nuestra visi\u00f3n<\/h2>\n\n\n\n<p>Nuestra visi\u00f3n es <strong>hacer camino con otros<\/strong>. Entendemos que la mejor manera de trabajar y de optimizar los escasos recursos sociales disponibles es la cooperaci\u00f3n, tanto con las diversas administraciones como con los diferentes agentes sociales.<\/p>\n\n\n\n<h2 class=\"wp-block-heading\">Nuestra misi\u00f3n<\/h2>\n\n\n\n<p>La Fundaci\u00f3n Iniciatives Solid\u00e0ries es una entidad experta en integraci\u00f3n social de las personas en riesgo de exclusi\u00f3n. Nuestra atenci\u00f3n personalizada y nuestra metodolog\u00eda de trabajo contribuyen a empoderar a las personas atendidas para que protagonicen su propio itinerario de inserci\u00f3n hasta conseguir el m\u00e1ximo grado de integraci\u00f3n posible en nuestra sociedad.<\/p>\n\n\n\n<h2 class=\"wp-block-heading\">Certificaci\u00f3n de calidad<\/h2>\n\n\n\n<figure class=\"wp-block-image size-large is-resized\"><a href=\"https:\/\/www.iniciatives.org\/wp-content\/uploads\/2024\/07\/Certificacio-BUP_2024.pdf\" target=\"_blank\" rel=\"noreferrer noopener\"><img decoding=\"async\" src=\"https:\/\/www.iniciatives.org\/wp-content\/uploads\/2024\/07\/image-25-1024x498.png\" alt=\"\" class=\"wp-image-5061\" style=\"width:195px;height:auto\"\/><\/a><\/figure>\n","protected":false},"excerpt":{"rendered":"<p>Nuestros valores Los valores de la Fundaci\u00f3n Iniciatives Solid\u00e0ries son:\u2013 La solidaridad, la dignidad humana\u2013 La justicia social\u2013 La honestidad: la democracia \u00e9tica, participativa y sostenible\u2013 La justicia econ\u00f3mica\u2013 El empoderamiento, como metodolog\u00eda de trabajo personal y colectiva\u2013 La justicia legislativa Nuestra visi\u00f3n Nuestra visi\u00f3n es hacer camino con otros. Entendemos que la mejor manera&hellip;&nbsp;<a href=\"https:\/\/www.iniciatives.org\/es\/qui-som\/missio-visio-i-valors\/\" rel=\"bookmark\">Leer m\u00e1s &raquo;<span class=\"screen-reader-text\">Misi\u00f3n, visi\u00f3n y valores<\/span><\/a><\/p>\n","protected":false},"author":3,"featured_media":0,"parent":2386,"menu_order":31,"comment_status":"closed","ping_status":"closed","template":"","meta":{"_eb_attr":"","neve_meta_sidebar":"","neve_meta_container":"","neve_meta_enable_content_width":"","neve_meta_content_width":0,"neve_meta_title_alignment":"","neve_meta_author_avatar":"","neve_post_elements_order":"","neve_meta_disable_header":"","neve_meta_disable_footer":"","neve_meta_disable_title":"on","footnotes":""},"class_list":["post-5590","page","type-page","status-publish","hentry"],"yoast_head":"<!-- This site is optimized with the Yoast SEO plugin v25.4 - https:\/\/yoast.com\/wordpress\/plugins\/seo\/ -->\n<title>Misi\u00f3n, visi\u00f3n y valores - Iniciatives Solid\u00e0ries<\/title>\n<meta name=\"robots\" content=\"index, follow, max-snippet:-1, max-image-preview:large, max-video-preview:-1\" \/>\n<link rel=\"canonical\" href=\"https:\/\/www.iniciatives.org\/es\/qui-som\/missio-visio-i-valors\/\" \/>\n<meta property=\"og:locale\" content=\"es_ES\" \/>\n<meta property=\"og:type\" content=\"article\" \/>\n<meta property=\"og:title\" content=\"Misi\u00f3n, visi\u00f3n y valores - Iniciatives Solid\u00e0ries\" \/>\n<meta property=\"og:description\" content=\"Nuestros valores Los valores de la Fundaci\u00f3n Iniciatives Solid\u00e0ries son:\u2013 La solidaridad, la dignidad humana\u2013 La justicia social\u2013 La honestidad: la democracia \u00e9tica, participativa y sostenible\u2013 La justicia econ\u00f3mica\u2013 El empoderamiento, como metodolog\u00eda de trabajo personal y colectiva\u2013 La justicia legislativa Nuestra visi\u00f3n Nuestra visi\u00f3n es hacer camino con otros. Entendemos que la mejor manera&hellip;&nbsp;Leer m\u00e1s &raquo;Misi\u00f3n, visi\u00f3n y valores\" \/>\n<meta property=\"og:url\" content=\"https:\/\/www.iniciatives.org\/es\/qui-som\/missio-visio-i-valors\/\" \/>\n<meta property=\"og:site_name\" content=\"Iniciatives Solid\u00e0ries\" \/>\n<meta property=\"article:modified_time\" content=\"2025-06-02T16:23:46+00:00\" \/>\n<meta property=\"og:image\" content=\"https:\/\/www.iniciatives.org\/wp-content\/uploads\/2012\/04\/Memoriesdef.jpg\" \/>\n\t<meta property=\"og:image:width\" content=\"1366\" \/>\n\t<meta property=\"og:image:height\" content=\"619\" \/>\n\t<meta property=\"og:image:type\" content=\"image\/jpeg\" \/>\n<meta name=\"twitter:card\" content=\"summary_large_image\" \/>\n<meta name=\"twitter:label1\" content=\"Tiempo de lectura\" \/>\n\t<meta name=\"twitter:data1\" content=\"2 minutos\" \/>\n<script type=\"application\/ld+json\" class=\"yoast-schema-graph\">{\"@context\":\"https:\/\/schema.org\",\"@graph\":[{\"@type\":\"WebPage\",\"@id\":\"https:\/\/www.iniciatives.org\/es\/qui-som\/missio-visio-i-valors\/\",\"url\":\"https:\/\/www.iniciatives.org\/es\/qui-som\/missio-visio-i-valors\/\",\"name\":\"Misi\u00f3n, visi\u00f3n y valores - Iniciatives Solid\u00e0ries\",\"isPartOf\":{\"@id\":\"https:\/\/www.iniciatives.org\/#website\"},\"primaryImageOfPage\":{\"@id\":\"https:\/\/www.iniciatives.org\/es\/qui-som\/missio-visio-i-valors\/#primaryimage\"},\"image\":{\"@id\":\"https:\/\/www.iniciatives.org\/es\/qui-som\/missio-visio-i-valors\/#primaryimage\"},\"thumbnailUrl\":\"https:\/\/www.iniciatives.org\/wp-content\/uploads\/2012\/04\/Memoriesdef.jpg\",\"datePublished\":\"2025-01-16T09:37:23+00:00\",\"dateModified\":\"2025-06-02T16:23:46+00:00\",\"breadcrumb\":{\"@id\":\"https:\/\/www.iniciatives.org\/es\/qui-som\/missio-visio-i-valors\/#breadcrumb\"},\"inLanguage\":\"es\",\"potentialAction\":[{\"@type\":\"ReadAction\",\"target\":[\"https:\/\/www.iniciatives.org\/es\/qui-som\/missio-visio-i-valors\/\"]}]},{\"@type\":\"ImageObject\",\"inLanguage\":\"es\",\"@id\":\"https:\/\/www.iniciatives.org\/es\/qui-som\/missio-visio-i-valors\/#primaryimage\",\"url\":\"https:\/\/www.iniciatives.org\/wp-content\/uploads\/2012\/04\/Memoriesdef.jpg\",\"contentUrl\":\"https:\/\/www.iniciatives.org\/wp-content\/uploads\/2012\/04\/Memoriesdef.jpg\"},{\"@type\":\"BreadcrumbList\",\"@id\":\"https:\/\/www.iniciatives.org\/es\/qui-som\/missio-visio-i-valors\/#breadcrumb\",\"itemListElement\":[{\"@type\":\"ListItem\",\"position\":1,\"name\":\"Inici\",\"item\":\"https:\/\/www.iniciatives.org\/es\/\"},{\"@type\":\"ListItem\",\"position\":2,\"name\":\"Presentaci\u00f3n\",\"item\":\"https:\/\/www.iniciatives.org\/es\/qui-som\/\"},{\"@type\":\"ListItem\",\"position\":3,\"name\":\"Misi\u00f3n, visi\u00f3n y valores\"}]},{\"@type\":\"WebSite\",\"@id\":\"https:\/\/www.iniciatives.org\/#website\",\"url\":\"https:\/\/www.iniciatives.org\/\",\"name\":\"Iniciatives Solid\u00e0ries\",\"description\":\"Iniciatives Solid\u00e0ries \u00e9s una ONG d\u2019acci\u00f3 social, acolliment i inserci\u00f3 social\",\"potentialAction\":[{\"@type\":\"SearchAction\",\"target\":{\"@type\":\"EntryPoint\",\"urlTemplate\":\"https:\/\/www.iniciatives.org\/?s={search_term_string}\"},\"query-input\":{\"@type\":\"PropertyValueSpecification\",\"valueRequired\":true,\"valueName\":\"search_term_string\"}}],\"inLanguage\":\"es\"}]}<\/script>\n<!-- \/ Yoast SEO plugin. -->","yoast_head_json":{"title":"Misi\u00f3n, visi\u00f3n y valores - Iniciatives Solid\u00e0ries","robots":{"index":"index","follow":"follow","max-snippet":"max-snippet:-1","max-image-preview":"max-image-preview:large","max-video-preview":"max-video-preview:-1"},"canonical":"https:\/\/www.iniciatives.org\/es\/qui-som\/missio-visio-i-valors\/","og_locale":"es_ES","og_type":"article","og_title":"Misi\u00f3n, visi\u00f3n y valores - Iniciatives Solid\u00e0ries","og_description":"Nuestros valores Los valores de la Fundaci\u00f3n Iniciatives Solid\u00e0ries son:\u2013 La solidaridad, la dignidad humana\u2013 La justicia social\u2013 La honestidad: la democracia \u00e9tica, participativa y sostenible\u2013 La justicia econ\u00f3mica\u2013 El empoderamiento, como metodolog\u00eda de trabajo personal y colectiva\u2013 La justicia legislativa Nuestra visi\u00f3n Nuestra visi\u00f3n es hacer camino con otros. Entendemos que la mejor manera&hellip;&nbsp;Leer m\u00e1s &raquo;Misi\u00f3n, visi\u00f3n y valores","og_url":"https:\/\/www.iniciatives.org\/es\/qui-som\/missio-visio-i-valors\/","og_site_name":"Iniciatives Solid\u00e0ries","article_modified_time":"2025-06-02T16:23:46+00:00","og_image":[{"width":1366,"height":619,"url":"https:\/\/www.iniciatives.org\/wp-content\/uploads\/2012\/04\/Memoriesdef.jpg","type":"image\/jpeg"}],"twitter_card":"summary_large_image","twitter_misc":{"Tiempo de lectura":"2 minutos"},"schema":{"@context":"https:\/\/schema.org","@graph":[{"@type":"WebPage","@id":"https:\/\/www.iniciatives.org\/es\/qui-som\/missio-visio-i-valors\/","url":"https:\/\/www.iniciatives.org\/es\/qui-som\/missio-visio-i-valors\/","name":"Misi\u00f3n, visi\u00f3n y valores - Iniciatives Solid\u00e0ries","isPartOf":{"@id":"https:\/\/www.iniciatives.org\/#website"},"primaryImageOfPage":{"@id":"https:\/\/www.iniciatives.org\/es\/qui-som\/missio-visio-i-valors\/#primaryimage"},"image":{"@id":"https:\/\/www.iniciatives.org\/es\/qui-som\/missio-visio-i-valors\/#primaryimage"},"thumbnailUrl":"https:\/\/www.iniciatives.org\/wp-content\/uploads\/2012\/04\/Memoriesdef.jpg","datePublished":"2025-01-16T09:37:23+00:00","dateModified":"2025-06-02T16:23:46+00:00","breadcrumb":{"@id":"https:\/\/www.iniciatives.org\/es\/qui-som\/missio-visio-i-valors\/#breadcrumb"},"inLanguage":"es","potentialAction":[{"@type":"ReadAction","target":["https:\/\/www.iniciatives.org\/es\/qui-som\/missio-visio-i-valors\/"]}]},{"@type":"ImageObject","inLanguage":"es","@id":"https:\/\/www.iniciatives.org\/es\/qui-som\/missio-visio-i-valors\/#primaryimage","url":"https:\/\/www.iniciatives.org\/wp-content\/uploads\/2012\/04\/Memoriesdef.jpg","contentUrl":"https:\/\/www.iniciatives.org\/wp-content\/uploads\/2012\/04\/Memoriesdef.jpg"},{"@type":"BreadcrumbList","@id":"https:\/\/www.iniciatives.org\/es\/qui-som\/missio-visio-i-valors\/#breadcrumb","itemListElement":[{"@type":"ListItem","position":1,"name":"Inici","item":"https:\/\/www.iniciatives.org\/es\/"},{"@type":"ListItem","position":2,"name":"Presentaci\u00f3n","item":"https:\/\/www.iniciatives.org\/es\/qui-som\/"},{"@type":"ListItem","position":3,"name":"Misi\u00f3n, visi\u00f3n y valores"}]},{"@type":"WebSite","@id":"https:\/\/www.iniciatives.org\/#website","url":"https:\/\/www.iniciatives.org\/","name":"Iniciatives Solid\u00e0ries","description":"Iniciatives Solid\u00e0ries \u00e9s una ONG d\u2019acci\u00f3 social, acolliment i inserci\u00f3 social","potentialAction":[{"@type":"SearchAction","target":{"@type":"EntryPoint","urlTemplate":"https:\/\/www.iniciatives.org\/?s={search_term_string}"},"query-input":{"@type":"PropertyValueSpecification","valueRequired":true,"valueName":"search_term_string"}}],"inLanguage":"es"}]}},"_links":{"self":[{"href":"https:\/\/www.iniciatives.org\/es\/wp-json\/wp\/v2\/pages\/5590","targetHints":{"allow":["GET"]}}],"collection":[{"href":"https:\/\/www.iniciatives.org\/es\/wp-json\/wp\/v2\/pages"}],"about":[{"href":"https:\/\/www.iniciatives.org\/es\/wp-json\/wp\/v2\/types\/page"}],"author":[{"embeddable":true,"href":"https:\/\/www.iniciatives.org\/es\/wp-json\/wp\/v2\/users\/3"}],"replies":[{"embeddable":true,"href":"https:\/\/www.iniciatives.org\/es\/wp-json\/wp\/v2\/comments?post=5590"}],"version-history":[{"count":1,"href":"https:\/\/www.iniciatives.org\/es\/wp-json\/wp\/v2\/pages\/5590\/revisions"}],"predecessor-version":[{"id":5592,"href":"https:\/\/www.iniciatives.org\/es\/wp-json\/wp\/v2\/pages\/5590\/revisions\/5592"}],"up":[{"embeddable":true,"href":"https:\/\/www.iniciatives.org\/es\/wp-json\/wp\/v2\/pages\/2386"}],"wp:attachment":[{"href":"https:\/\/www.iniciatives.org\/es\/wp-json\/wp\/v2\/media?parent=5590"}],"curies":[{"name":"wp","href":"https:\/\/api.w.org\/{rel}","templated":true}]}}