

{"id":5611,"date":"2022-07-04T11:45:14","date_gmt":"2022-07-04T09:45:14","guid":{"rendered":"https:\/\/www.iniciatives.org\/que-fem\/treball-en-xarxa\/"},"modified":"2025-06-25T18:26:30","modified_gmt":"2025-06-25T16:26:30","slug":"treball-en-xarxa","status":"publish","type":"page","link":"https:\/\/www.iniciatives.org\/es\/que-fem\/treball-en-xarxa\/","title":{"rendered":"Treball en xarxa"},"content":{"rendered":"\n<div class=\"wp-block-cover alignfull is-light\" style=\"min-height:550px;aspect-ratio:unset;aspect-ratio:unset;\"><span aria-hidden=\"true\" class=\"wp-block-cover__background has-background-dim-0 has-background-dim\" style=\"background-color:#868078\"><\/span><img loading=\"lazy\" decoding=\"async\" width=\"1230\" height=\"550\" class=\"wp-block-cover__image-background wp-image-817\" alt=\"Nois fent un curs de catal\u00e0 amb una educadora al centre d'acollida de Santa Perp\u00e8tua de Mogoda.\" src=\"https:\/\/www.iniciatives.org\/wp-content\/uploads\/2011\/07\/BannerInsercioWeb.jpg\" data-object-fit=\"cover\" srcset=\"https:\/\/www.iniciatives.org\/wp-content\/uploads\/2011\/07\/BannerInsercioWeb.jpg 1230w, https:\/\/www.iniciatives.org\/wp-content\/uploads\/2011\/07\/BannerInsercioWeb-800x358.jpg 800w, https:\/\/www.iniciatives.org\/wp-content\/uploads\/2011\/07\/BannerInsercioWeb-768x343.jpg 768w, https:\/\/www.iniciatives.org\/wp-content\/uploads\/2011\/07\/BannerInsercioWeb-1200x537.jpg 1200w\" sizes=\"auto, (max-width: 1230px) 100vw, 1230px\" \/><div class=\"wp-block-cover__inner-container is-layout-constrained wp-block-cover-is-layout-constrained\">\n<h1 class=\"wp-block-heading has-text-align-center has-nv-text-dark-bg-color has-text-color has-link-color wp-elements-4c35bb42451865df52ea895aa776ce00\" style=\"font-size:50px\">Treball en xarxa<\/h1>\n<\/div><\/div>\n\n\n\n<p>Estem federats a:<\/p>\n\n\n\n<div class=\"wp-block-group treball-xarxa-grid\"><div class=\"wp-block-group__inner-container is-layout-constrained wp-block-group-is-layout-constrained\">\n<div class=\"wp-block-group\"><div class=\"wp-block-group__inner-container is-layout-constrained wp-block-group-is-layout-constrained\">\n<figure class=\"wp-block-image size-full is-resized\"><a href=\"https:\/\/acciosocial.org\/ \" target=\"_blank\" rel=\"noreferrer noopener\"><img loading=\"lazy\" decoding=\"async\" width=\"958\" height=\"230\" src=\"https:\/\/www.iniciatives.org\/wp-content\/uploads\/2025\/03\/logo-ecas.png\" alt=\"ECAS\" class=\"wp-image-5391\" style=\"width:200px\" srcset=\"https:\/\/www.iniciatives.org\/wp-content\/uploads\/2025\/03\/logo-ecas.png 958w, https:\/\/www.iniciatives.org\/wp-content\/uploads\/2025\/03\/logo-ecas-800x192.png 800w, https:\/\/www.iniciatives.org\/wp-content\/uploads\/2025\/03\/logo-ecas-768x184.png 768w\" sizes=\"auto, (max-width: 958px) 100vw, 958px\" \/><\/a><\/figure>\n\n\n\n<h2 class=\"wp-block-heading\">Entitats Catalanes d\u2019Acci\u00f3 Social.<\/h2>\n\n\n\n<p>Enfortim les compet\u00e8ncies i oportunitats de les entitats d\u2019acci\u00f3 social per generar sinergies que ajudin a la transformaci\u00f3 social. Lluitem contra les desigualtats i volem ser un referent en les pol\u00edtiques socials a Catalunya.<\/p>\n<\/div><\/div>\n\n\n\n<div class=\"wp-block-group\"><div class=\"wp-block-group__inner-container is-layout-constrained wp-block-group-is-layout-constrained\">\n<figure class=\"wp-block-image size-full\"><img loading=\"lazy\" decoding=\"async\" width=\"800\" height=\"175\" src=\"https:\/\/www.iniciatives.org\/wp-content\/uploads\/2025\/03\/logo-fedaia.png\" alt=\"\" class=\"wp-image-5393\" srcset=\"https:\/\/www.iniciatives.org\/wp-content\/uploads\/2025\/03\/logo-fedaia.png 800w, https:\/\/www.iniciatives.org\/wp-content\/uploads\/2025\/03\/logo-fedaia-768x168.png 768w\" sizes=\"auto, (max-width: 800px) 100vw, 800px\" \/><\/figure>\n\n\n\n<h2 class=\"wp-block-heading\">Federaci\u00f3 d\u2019entitats d\u2019atenci\u00f3 a la inf\u00e0ncia i l\u2019adolesc\u00e8ncia. <\/h2>\n\n\n\n<p>Organitzaci\u00f3 compromesa amb la transformaci\u00f3 social per avan\u00e7ar en la garantia dels drets de les inf\u00e0ncies i adolesc\u00e8ncies. Representem el conjunt d&#8217;entitats socials catalanes defensant la igualtat d&#8217;oportunitats de les m\u00e9s vulnerabilitzades. Ens defineix la reivindicaci\u00f3 dels drets a l\u2019educaci\u00f3, la formaci\u00f3, la participaci\u00f3, la salut, el bon tracte i la protecci\u00f3 davant el desemparament, neglig\u00e8ncies, abusos i viol\u00e8ncies.&nbsp;<\/p>\n<\/div><\/div>\n\n\n\n<div class=\"wp-block-group\"><div class=\"wp-block-group__inner-container is-layout-constrained wp-block-group-is-layout-constrained\">\n<figure class=\"wp-block-image size-full\"><a href=\"https:\/\/www.fepa18.org\/\" target=\"_blank\" rel=\"noreferrer noopener\"><img loading=\"lazy\" decoding=\"async\" width=\"842\" height=\"489\" src=\"https:\/\/www.iniciatives.org\/wp-content\/uploads\/2025\/03\/logo-FEPA.png\" alt=\"\" class=\"wp-image-5395\" srcset=\"https:\/\/www.iniciatives.org\/wp-content\/uploads\/2025\/03\/logo-FEPA.png 842w, https:\/\/www.iniciatives.org\/wp-content\/uploads\/2025\/03\/logo-FEPA-800x465.png 800w, https:\/\/www.iniciatives.org\/wp-content\/uploads\/2025\/03\/logo-FEPA-768x446.png 768w\" sizes=\"auto, (max-width: 842px) 100vw, 842px\" \/><\/a><\/figure>\n\n\n\n<h2 class=\"wp-block-heading\">FEPA<\/h2>\n\n\n\n<p>La missi\u00f3 de FEPA \u00e9s afavorir l\u2019autonomia i la igualtat d\u2019oportunitats dels i les joves sense suport familiar en proc\u00e9s d\u2019emancipaci\u00f3, especialment dels tutelats\/des i extutelats\/des.<\/p>\n<\/div><\/div>\n<\/div><\/div>\n\n\n\n<p>I mitjan\u00e7ant aquestes pertanyem a:<\/p>\n\n\n\n<div class=\"wp-block-group treball-xarxa-taula\"><div class=\"wp-block-group__inner-container is-layout-constrained wp-block-group-is-layout-constrained\">\n<figure class=\"wp-block-image size-full\"><a href=\"https:\/\/www.tercersector.cat\/\" target=\"_blank\" rel=\"noreferrer noopener\"><img loading=\"lazy\" decoding=\"async\" width=\"432\" height=\"117\" src=\"https:\/\/www.iniciatives.org\/wp-content\/uploads\/2025\/03\/Logo-Taula.png\" alt=\"Taula del Tercer Sector Social de Catalunya\" class=\"wp-image-5397\"\/><\/a><\/figure>\n\n\n\n<h2 class=\"wp-block-heading\">Taula del Tercer Sector Social de Catalunya<\/h2>\n\n\n\n<p>Impulsem i defensem una Catalunya socialment avan\u00e7ada on tots els ciutadans i ciutadanes tinguin els mateixos drets i oportunitats. Promou la participaci\u00f3, la responsabilitat i el comprom\u00eds actiu de la ciutadania. Dediquem els nostres esfor\u00e7os a fer incid\u00e8ncia pol\u00edtica, a la interlocuci\u00f3 amb les institucions i a donar suport i enfortir les entitats del Tercer Sector.<\/p>\n<\/div><\/div>\n","protected":false},"excerpt":{"rendered":"<p>Estem federats a: Entitats Catalanes d\u2019Acci\u00f3 Social. Enfortim les compet\u00e8ncies i oportunitats de les entitats d\u2019acci\u00f3 social per generar sinergies que ajudin a la transformaci\u00f3 social. Lluitem contra les desigualtats i volem ser un referent en les pol\u00edtiques socials a Catalunya. Federaci\u00f3 d\u2019entitats d\u2019atenci\u00f3 a la inf\u00e0ncia i l\u2019adolesc\u00e8ncia. Organitzaci\u00f3 compromesa amb la transformaci\u00f3 social&hellip;&nbsp;<a href=\"https:\/\/www.iniciatives.org\/es\/que-fem\/treball-en-xarxa\/\" rel=\"bookmark\">Leer m\u00e1s &raquo;<span class=\"screen-reader-text\">Treball en xarxa<\/span><\/a><\/p>\n","protected":false},"author":3,"featured_media":5107,"parent":2402,"menu_order":6,"comment_status":"closed","ping_status":"closed","template":"","meta":{"_eb_attr":"","neve_meta_sidebar":"","neve_meta_container":"","neve_meta_enable_content_width":"","neve_meta_content_width":0,"neve_meta_title_alignment":"","neve_meta_author_avatar":"","neve_post_elements_order":"","neve_meta_disable_header":"off","neve_meta_disable_footer":"","neve_meta_disable_title":"on","footnotes":""},"class_list":["post-5611","page","type-page","status-publish","has-post-thumbnail","hentry"],"yoast_head":"<!-- This site is optimized with the Yoast SEO plugin v25.4 - https:\/\/yoast.com\/wordpress\/plugins\/seo\/ -->\n<title>Treball en xarxa - Iniciatives Solid\u00e0ries<\/title>\n<meta name=\"robots\" content=\"index, follow, max-snippet:-1, max-image-preview:large, max-video-preview:-1\" \/>\n<link rel=\"canonical\" href=\"https:\/\/www.iniciatives.org\/es\/que-fem\/treball-en-xarxa\/\" \/>\n<meta property=\"og:locale\" content=\"es_ES\" \/>\n<meta property=\"og:type\" content=\"article\" \/>\n<meta property=\"og:title\" content=\"Treball en xarxa - Iniciatives Solid\u00e0ries\" \/>\n<meta property=\"og:description\" content=\"Estem federats a: Entitats Catalanes d\u2019Acci\u00f3 Social. Enfortim les compet\u00e8ncies i oportunitats de les entitats d\u2019acci\u00f3 social per generar sinergies que ajudin a la transformaci\u00f3 social. Lluitem contra les desigualtats i volem ser un referent en les pol\u00edtiques socials a Catalunya. Federaci\u00f3 d\u2019entitats d\u2019atenci\u00f3 a la inf\u00e0ncia i l\u2019adolesc\u00e8ncia. Organitzaci\u00f3 compromesa amb la transformaci\u00f3 social&hellip;&nbsp;Leer m\u00e1s &raquo;Treball en xarxa\" \/>\n<meta property=\"og:url\" content=\"https:\/\/www.iniciatives.org\/es\/que-fem\/treball-en-xarxa\/\" \/>\n<meta property=\"og:site_name\" content=\"Iniciatives Solid\u00e0ries\" \/>\n<meta property=\"article:modified_time\" content=\"2025-06-25T16:26:30+00:00\" \/>\n<meta property=\"og:image\" content=\"https:\/\/www.iniciatives.org\/wp-content\/uploads\/2024\/02\/pixel.jpg\" \/>\n\t<meta property=\"og:image:width\" content=\"1200\" \/>\n\t<meta property=\"og:image:height\" content=\"952\" \/>\n\t<meta property=\"og:image:type\" content=\"image\/jpeg\" \/>\n<meta name=\"twitter:card\" content=\"summary_large_image\" \/>\n<meta name=\"twitter:label1\" content=\"Tiempo de lectura\" \/>\n\t<meta name=\"twitter:data1\" content=\"1 minuto\" \/>\n<script type=\"application\/ld+json\" class=\"yoast-schema-graph\">{\"@context\":\"https:\/\/schema.org\",\"@graph\":[{\"@type\":\"WebPage\",\"@id\":\"https:\/\/www.iniciatives.org\/es\/que-fem\/treball-en-xarxa\/\",\"url\":\"https:\/\/www.iniciatives.org\/es\/que-fem\/treball-en-xarxa\/\",\"name\":\"Treball en xarxa - Iniciatives Solid\u00e0ries\",\"isPartOf\":{\"@id\":\"https:\/\/www.iniciatives.org\/#website\"},\"primaryImageOfPage\":{\"@id\":\"https:\/\/www.iniciatives.org\/es\/que-fem\/treball-en-xarxa\/#primaryimage\"},\"image\":{\"@id\":\"https:\/\/www.iniciatives.org\/es\/que-fem\/treball-en-xarxa\/#primaryimage\"},\"thumbnailUrl\":\"https:\/\/www.iniciatives.org\/wp-content\/uploads\/2024\/02\/pixel.jpg\",\"datePublished\":\"2022-07-04T09:45:14+00:00\",\"dateModified\":\"2025-06-25T16:26:30+00:00\",\"breadcrumb\":{\"@id\":\"https:\/\/www.iniciatives.org\/es\/que-fem\/treball-en-xarxa\/#breadcrumb\"},\"inLanguage\":\"es\",\"potentialAction\":[{\"@type\":\"ReadAction\",\"target\":[\"https:\/\/www.iniciatives.org\/es\/que-fem\/treball-en-xarxa\/\"]}]},{\"@type\":\"ImageObject\",\"inLanguage\":\"es\",\"@id\":\"https:\/\/www.iniciatives.org\/es\/que-fem\/treball-en-xarxa\/#primaryimage\",\"url\":\"https:\/\/www.iniciatives.org\/wp-content\/uploads\/2024\/02\/pixel.jpg\",\"contentUrl\":\"https:\/\/www.iniciatives.org\/wp-content\/uploads\/2024\/02\/pixel.jpg\",\"width\":1200,\"height\":952},{\"@type\":\"BreadcrumbList\",\"@id\":\"https:\/\/www.iniciatives.org\/es\/que-fem\/treball-en-xarxa\/#breadcrumb\",\"itemListElement\":[{\"@type\":\"ListItem\",\"position\":1,\"name\":\"Inici\",\"item\":\"https:\/\/www.iniciatives.org\/es\/\"},{\"@type\":\"ListItem\",\"position\":2,\"name\":\"Qu\u00e8 fem\",\"item\":\"https:\/\/www.iniciatives.org\/es\/que-fem\/\"},{\"@type\":\"ListItem\",\"position\":3,\"name\":\"Treball en xarxa\"}]},{\"@type\":\"WebSite\",\"@id\":\"https:\/\/www.iniciatives.org\/#website\",\"url\":\"https:\/\/www.iniciatives.org\/\",\"name\":\"Iniciatives Solid\u00e0ries\",\"description\":\"Iniciatives Solid\u00e0ries \u00e9s una ONG d\u2019acci\u00f3 social, acolliment i inserci\u00f3 social\",\"potentialAction\":[{\"@type\":\"SearchAction\",\"target\":{\"@type\":\"EntryPoint\",\"urlTemplate\":\"https:\/\/www.iniciatives.org\/?s={search_term_string}\"},\"query-input\":{\"@type\":\"PropertyValueSpecification\",\"valueRequired\":true,\"valueName\":\"search_term_string\"}}],\"inLanguage\":\"es\"}]}<\/script>\n<!-- \/ Yoast SEO plugin. -->","yoast_head_json":{"title":"Treball en xarxa - Iniciatives Solid\u00e0ries","robots":{"index":"index","follow":"follow","max-snippet":"max-snippet:-1","max-image-preview":"max-image-preview:large","max-video-preview":"max-video-preview:-1"},"canonical":"https:\/\/www.iniciatives.org\/es\/que-fem\/treball-en-xarxa\/","og_locale":"es_ES","og_type":"article","og_title":"Treball en xarxa - Iniciatives Solid\u00e0ries","og_description":"Estem federats a: Entitats Catalanes d\u2019Acci\u00f3 Social. Enfortim les compet\u00e8ncies i oportunitats de les entitats d\u2019acci\u00f3 social per generar sinergies que ajudin a la transformaci\u00f3 social. Lluitem contra les desigualtats i volem ser un referent en les pol\u00edtiques socials a Catalunya. Federaci\u00f3 d\u2019entitats d\u2019atenci\u00f3 a la inf\u00e0ncia i l\u2019adolesc\u00e8ncia. Organitzaci\u00f3 compromesa amb la transformaci\u00f3 social&hellip;&nbsp;Leer m\u00e1s &raquo;Treball en xarxa","og_url":"https:\/\/www.iniciatives.org\/es\/que-fem\/treball-en-xarxa\/","og_site_name":"Iniciatives Solid\u00e0ries","article_modified_time":"2025-06-25T16:26:30+00:00","og_image":[{"width":1200,"height":952,"url":"https:\/\/www.iniciatives.org\/wp-content\/uploads\/2024\/02\/pixel.jpg","type":"image\/jpeg"}],"twitter_card":"summary_large_image","twitter_misc":{"Tiempo de lectura":"1 minuto"},"schema":{"@context":"https:\/\/schema.org","@graph":[{"@type":"WebPage","@id":"https:\/\/www.iniciatives.org\/es\/que-fem\/treball-en-xarxa\/","url":"https:\/\/www.iniciatives.org\/es\/que-fem\/treball-en-xarxa\/","name":"Treball en xarxa - Iniciatives Solid\u00e0ries","isPartOf":{"@id":"https:\/\/www.iniciatives.org\/#website"},"primaryImageOfPage":{"@id":"https:\/\/www.iniciatives.org\/es\/que-fem\/treball-en-xarxa\/#primaryimage"},"image":{"@id":"https:\/\/www.iniciatives.org\/es\/que-fem\/treball-en-xarxa\/#primaryimage"},"thumbnailUrl":"https:\/\/www.iniciatives.org\/wp-content\/uploads\/2024\/02\/pixel.jpg","datePublished":"2022-07-04T09:45:14+00:00","dateModified":"2025-06-25T16:26:30+00:00","breadcrumb":{"@id":"https:\/\/www.iniciatives.org\/es\/que-fem\/treball-en-xarxa\/#breadcrumb"},"inLanguage":"es","potentialAction":[{"@type":"ReadAction","target":["https:\/\/www.iniciatives.org\/es\/que-fem\/treball-en-xarxa\/"]}]},{"@type":"ImageObject","inLanguage":"es","@id":"https:\/\/www.iniciatives.org\/es\/que-fem\/treball-en-xarxa\/#primaryimage","url":"https:\/\/www.iniciatives.org\/wp-content\/uploads\/2024\/02\/pixel.jpg","contentUrl":"https:\/\/www.iniciatives.org\/wp-content\/uploads\/2024\/02\/pixel.jpg","width":1200,"height":952},{"@type":"BreadcrumbList","@id":"https:\/\/www.iniciatives.org\/es\/que-fem\/treball-en-xarxa\/#breadcrumb","itemListElement":[{"@type":"ListItem","position":1,"name":"Inici","item":"https:\/\/www.iniciatives.org\/es\/"},{"@type":"ListItem","position":2,"name":"Qu\u00e8 fem","item":"https:\/\/www.iniciatives.org\/es\/que-fem\/"},{"@type":"ListItem","position":3,"name":"Treball en xarxa"}]},{"@type":"WebSite","@id":"https:\/\/www.iniciatives.org\/#website","url":"https:\/\/www.iniciatives.org\/","name":"Iniciatives Solid\u00e0ries","description":"Iniciatives Solid\u00e0ries \u00e9s una ONG d\u2019acci\u00f3 social, acolliment i inserci\u00f3 social","potentialAction":[{"@type":"SearchAction","target":{"@type":"EntryPoint","urlTemplate":"https:\/\/www.iniciatives.org\/?s={search_term_string}"},"query-input":{"@type":"PropertyValueSpecification","valueRequired":true,"valueName":"search_term_string"}}],"inLanguage":"es"}]}},"_links":{"self":[{"href":"https:\/\/www.iniciatives.org\/es\/wp-json\/wp\/v2\/pages\/5611","targetHints":{"allow":["GET"]}}],"collection":[{"href":"https:\/\/www.iniciatives.org\/es\/wp-json\/wp\/v2\/pages"}],"about":[{"href":"https:\/\/www.iniciatives.org\/es\/wp-json\/wp\/v2\/types\/page"}],"author":[{"embeddable":true,"href":"https:\/\/www.iniciatives.org\/es\/wp-json\/wp\/v2\/users\/3"}],"replies":[{"embeddable":true,"href":"https:\/\/www.iniciatives.org\/es\/wp-json\/wp\/v2\/comments?post=5611"}],"version-history":[{"count":1,"href":"https:\/\/www.iniciatives.org\/es\/wp-json\/wp\/v2\/pages\/5611\/revisions"}],"predecessor-version":[{"id":5612,"href":"https:\/\/www.iniciatives.org\/es\/wp-json\/wp\/v2\/pages\/5611\/revisions\/5612"}],"up":[{"embeddable":true,"href":"https:\/\/www.iniciatives.org\/es\/wp-json\/wp\/v2\/pages\/2402"}],"wp:featuredmedia":[{"embeddable":true,"href":"https:\/\/www.iniciatives.org\/es\/wp-json\/wp\/v2\/media\/5107"}],"wp:attachment":[{"href":"https:\/\/www.iniciatives.org\/es\/wp-json\/wp\/v2\/media?parent=5611"}],"curies":[{"name":"wp","href":"https:\/\/api.w.org\/{rel}","templated":true}]}}