

{"id":5618,"date":"2025-01-16T10:49:01","date_gmt":"2025-01-16T09:49:01","guid":{"rendered":"https:\/\/www.iniciatives.org\/voluntariat\/"},"modified":"2025-06-25T18:29:25","modified_gmt":"2025-06-25T16:29:25","slug":"voluntariat","status":"publish","type":"page","link":"https:\/\/www.iniciatives.org\/es\/voluntariat\/","title":{"rendered":"Voluntariat"},"content":{"rendered":"\n<div class=\"wp-block-cover alignfull is-light\" style=\"min-height:550px;aspect-ratio:unset;aspect-ratio:unset;\"><span aria-hidden=\"true\" class=\"wp-block-cover__background has-background-dim-0 has-background-dim\" style=\"background-color:#868078\"><\/span><img loading=\"lazy\" decoding=\"async\" width=\"1230\" height=\"550\" class=\"wp-block-cover__image-background wp-image-818\" alt=\"Dos nois carregant i descarregant material de neteja de la furgoneta d'Iniciatives Solid\u00e0ries.\" src=\"https:\/\/www.iniciatives.org\/wp-content\/uploads\/2014\/12\/BannerCollaboradorsWeb.jpg\" data-object-fit=\"cover\" srcset=\"https:\/\/www.iniciatives.org\/wp-content\/uploads\/2014\/12\/BannerCollaboradorsWeb.jpg 1230w, https:\/\/www.iniciatives.org\/wp-content\/uploads\/2014\/12\/BannerCollaboradorsWeb-800x358.jpg 800w, https:\/\/www.iniciatives.org\/wp-content\/uploads\/2014\/12\/BannerCollaboradorsWeb-768x343.jpg 768w, https:\/\/www.iniciatives.org\/wp-content\/uploads\/2014\/12\/BannerCollaboradorsWeb-1200x537.jpg 1200w\" sizes=\"auto, (max-width: 1230px) 100vw, 1230px\" \/><div class=\"wp-block-cover__inner-container is-layout-constrained wp-block-cover-is-layout-constrained\">\n<h1 class=\"wp-block-heading has-text-align-center has-nv-text-dark-bg-color has-text-color has-link-color wp-elements-5b97cd30b20c2f5060406d15eb21812b\" style=\"font-size:50px\">Voluntariat<\/h1>\n<\/div><\/div>\n\n\n\n<p>Iniciatives Solid\u00e0ries \u00e9s una entitat sense \u00e0nim de lucre que treballa per la inclusi\u00f3 social de persones en risc d&#8217;exclusi\u00f3. Fundada el 1996, l&#8217;entitat es basa en valors com la inclusi\u00f3, la igualtat, la multiculturalitat i la col\u00b7laboraci\u00f3 en xarxa. El voluntariat \u00e9s clau per desenvolupar la missi\u00f3, visi\u00f3 i valors de l\u2019entitat i fomentar la participaci\u00f3 de la societat i ser un agent de canvi social.<\/p>\n\n\n\n<h2 class=\"wp-block-heading\">Perqu\u00e8 tenir un Pla de Voluntariat a Iniciatives Solid\u00e0ries?<\/h2>\n\n\n\n<p>Existeix un marc normatiu que regula les accions de voluntariat (la llei 25\/2015, de 30 de juliol i 4\/2008 del Codi civil de Catalunya entre d\u2019altres disposicions i decrets) aix\u00ed com la seva promoci\u00f3 i protegint l&#8217;associacionisme i el voluntariat com a agents de transformaci\u00f3 social. El voluntariat \u00e9s considerat un recurs essencial, aportant habilitats i experi\u00e8ncies que enriqueixen l&#8217;organitzaci\u00f3. Per aix\u00f2, Iniciatives Solid\u00e0ries disposa d\u2019un Pla de Voluntariat on detalla la gesti\u00f3 i organitzaci\u00f3 del voluntariat dintre de l\u2019entitat i alienat amb el marc normatiu de refer\u00e8ncia.<\/p>\n\n\n\n<p><a href=\"https:\/\/www.iniciatives.org\/wp-content\/uploads\/2025\/03\/Pla_voluntariat_ed.04.2025.pdf\">Pla de voluntariat<\/a><\/p>\n\n\n\n<h2 class=\"wp-block-heading\">Qui pot ser persona volunt\u00e0ria?<\/h2>\n\n\n\n<p>Les persones volunt\u00e0ries han de ser majors de 18 anys (o tenir perm\u00eds dels tutors legals si s\u00f3n menors entre 16 i 18 anys), tenir disponibilitat temporal i compartir valors de solidaritat i respecte. Tamb\u00e9 es poden valorar habilitats comunicatives, experi\u00e8ncia pr\u00e8via i formaci\u00f3 professional espec\u00edfica. L\u2019entitat disposa d\u2019un pla de formaci\u00f3 per a formar les persones volunt\u00e0ries i que aquestes puguin desenvolupar les tasques d\u2019una manera m\u00e9s efica\u00e7.<\/p>\n\n\n\n<p>Vols ser voluntari o volunt\u00e0ria a Iniciatives Solid\u00e0ries? Envia un email a <a href=\"mailto:voluntariat@iniciatives.org\">voluntariat@iniciatives.org<\/a><\/p>\n\n\n\n<div id=\"sb_instagram\"  class=\"sbi sbi_mob_col_2 sbi_tab_col_2 sbi_col_3 sbi_width_resp\" style=\"padding-bottom: 10px;\"\t data-feedid=\"*1\"  data-res=\"auto\" data-cols=\"3\" data-colsmobile=\"2\" data-colstablet=\"2\" data-num=\"6\" data-nummobile=\"6\" data-item-padding=\"5\"\t data-shortcode-atts=\"{}\"  data-postid=\"5618\" data-locatornonce=\"9313aa903d\" data-imageaspectratio=\"1:1\" data-sbi-flags=\"favorLocal,gdpr\">\n\t\n\t<div id=\"sbi_images\"  style=\"gap: 10px;\">\n\t\t\t<\/div>\n\n\t<div id=\"sbi_load\" >\n\n\t\n\t\t\t<span class=\"sbi_follow_btn sbi_custom\" >\n\t\t\t<a target=\"_blank\"\n\t\t\t\trel=\"nofollow noopener\"  href=\"https:\/\/www.instagram.com\/voluntariat_is\/\" style=\"background: rgb(64,139,209);\">\n\t\t\t\t<svg class=\"svg-inline--fa fa-instagram fa-w-14\" aria-hidden=\"true\" data-fa-processed=\"\" aria-label=\"Instagram\" data-prefix=\"fab\" data-icon=\"instagram\" role=\"img\" viewBox=\"0 0 448 512\">\n                    <path fill=\"currentColor\" d=\"M224.1 141c-63.6 0-114.9 51.3-114.9 114.9s51.3 114.9 114.9 114.9S339 319.5 339 255.9 287.7 141 224.1 141zm0 189.6c-41.1 0-74.7-33.5-74.7-74.7s33.5-74.7 74.7-74.7 74.7 33.5 74.7 74.7-33.6 74.7-74.7 74.7zm146.4-194.3c0 14.9-12 26.8-26.8 26.8-14.9 0-26.8-12-26.8-26.8s12-26.8 26.8-26.8 26.8 12 26.8 26.8zm76.1 27.2c-1.7-35.9-9.9-67.7-36.2-93.9-26.2-26.2-58-34.4-93.9-36.2-37-2.1-147.9-2.1-184.9 0-35.8 1.7-67.6 9.9-93.9 36.1s-34.4 58-36.2 93.9c-2.1 37-2.1 147.9 0 184.9 1.7 35.9 9.9 67.7 36.2 93.9s58 34.4 93.9 36.2c37 2.1 147.9 2.1 184.9 0 35.9-1.7 67.7-9.9 93.9-36.2 26.2-26.2 34.4-58 36.2-93.9 2.1-37 2.1-147.8 0-184.8zM398.8 388c-7.8 19.6-22.9 34.7-42.6 42.6-29.5 11.7-99.5 9-132.1 9s-102.7 2.6-132.1-9c-19.6-7.8-34.7-22.9-42.6-42.6-11.7-29.5-9-99.5-9-132.1s-2.6-102.7 9-132.1c7.8-19.6 22.9-34.7 42.6-42.6 29.5-11.7 99.5-9 132.1-9s102.7-2.6 132.1 9c19.6 7.8 34.7 22.9 42.6 42.6 11.7 29.5 9 99.5 9 132.1s2.7 102.7-9 132.1z\"><\/path>\n                <\/svg>\t\t\t\t<span>Segueix-nos a Instagram<\/span>\n\t\t\t<\/a>\n\t\t<\/span>\n\t\n<\/div>\n\t\t<span class=\"sbi_resized_image_data\" data-feed-id=\"*1\"\n\t\t  data-resized=\"[]\">\n\t<\/span>\n\t<\/div>\n\n","protected":false},"excerpt":{"rendered":"<p>Iniciatives Solid\u00e0ries \u00e9s una entitat sense \u00e0nim de lucre que treballa per la inclusi\u00f3 social de persones en risc d&#8217;exclusi\u00f3. Fundada el 1996, l&#8217;entitat es basa en valors com la inclusi\u00f3, la igualtat, la multiculturalitat i la col\u00b7laboraci\u00f3 en xarxa. El voluntariat \u00e9s clau per desenvolupar la missi\u00f3, visi\u00f3 i valors de l\u2019entitat i fomentar&hellip;&nbsp;<a href=\"https:\/\/www.iniciatives.org\/es\/voluntariat\/\" rel=\"bookmark\">Leer m\u00e1s &raquo;<span class=\"screen-reader-text\">Voluntariat<\/span><\/a><\/p>\n","protected":false},"author":3,"featured_media":0,"parent":0,"menu_order":12,"comment_status":"closed","ping_status":"closed","template":"","meta":{"_eb_attr":"","neve_meta_sidebar":"","neve_meta_container":"","neve_meta_enable_content_width":"","neve_meta_content_width":0,"neve_meta_title_alignment":"","neve_meta_author_avatar":"","neve_post_elements_order":"","neve_meta_disable_header":"","neve_meta_disable_footer":"","neve_meta_disable_title":"on","footnotes":""},"class_list":["post-5618","page","type-page","status-publish","hentry"],"yoast_head":"<!-- This site is optimized with the Yoast SEO plugin v25.4 - https:\/\/yoast.com\/wordpress\/plugins\/seo\/ -->\n<title>Voluntariat - Iniciatives Solid\u00e0ries<\/title>\n<meta name=\"robots\" content=\"index, follow, max-snippet:-1, max-image-preview:large, max-video-preview:-1\" \/>\n<link rel=\"canonical\" href=\"https:\/\/www.iniciatives.org\/es\/voluntariat\/\" \/>\n<meta property=\"og:locale\" content=\"es_ES\" \/>\n<meta property=\"og:type\" content=\"article\" \/>\n<meta property=\"og:title\" content=\"Voluntariat - Iniciatives Solid\u00e0ries\" \/>\n<meta property=\"og:description\" content=\"Iniciatives Solid\u00e0ries \u00e9s una entitat sense \u00e0nim de lucre que treballa per la inclusi\u00f3 social de persones en risc d&#8217;exclusi\u00f3. Fundada el 1996, l&#8217;entitat es basa en valors com la inclusi\u00f3, la igualtat, la multiculturalitat i la col\u00b7laboraci\u00f3 en xarxa. El voluntariat \u00e9s clau per desenvolupar la missi\u00f3, visi\u00f3 i valors de l\u2019entitat i fomentar&hellip;&nbsp;Leer m\u00e1s &raquo;Voluntariat\" \/>\n<meta property=\"og:url\" content=\"https:\/\/www.iniciatives.org\/es\/voluntariat\/\" \/>\n<meta property=\"og:site_name\" content=\"Iniciatives Solid\u00e0ries\" \/>\n<meta property=\"article:modified_time\" content=\"2025-06-25T16:29:25+00:00\" \/>\n<meta property=\"og:image\" content=\"https:\/\/www.iniciatives.org\/wp-content\/uploads\/2014\/12\/BannerCollaboradorsWeb.jpg\" \/>\n\t<meta property=\"og:image:width\" content=\"1230\" \/>\n\t<meta property=\"og:image:height\" content=\"550\" \/>\n\t<meta property=\"og:image:type\" content=\"image\/jpeg\" \/>\n<meta name=\"twitter:card\" content=\"summary_large_image\" \/>\n<script type=\"application\/ld+json\" class=\"yoast-schema-graph\">{\"@context\":\"https:\/\/schema.org\",\"@graph\":[{\"@type\":\"WebPage\",\"@id\":\"https:\/\/www.iniciatives.org\/es\/voluntariat\/\",\"url\":\"https:\/\/www.iniciatives.org\/es\/voluntariat\/\",\"name\":\"Voluntariat - Iniciatives Solid\u00e0ries\",\"isPartOf\":{\"@id\":\"https:\/\/www.iniciatives.org\/#website\"},\"primaryImageOfPage\":{\"@id\":\"https:\/\/www.iniciatives.org\/es\/voluntariat\/#primaryimage\"},\"image\":{\"@id\":\"https:\/\/www.iniciatives.org\/es\/voluntariat\/#primaryimage\"},\"thumbnailUrl\":\"https:\/\/www.iniciatives.org\/wp-content\/uploads\/2014\/12\/BannerCollaboradorsWeb.jpg\",\"datePublished\":\"2025-01-16T09:49:01+00:00\",\"dateModified\":\"2025-06-25T16:29:25+00:00\",\"breadcrumb\":{\"@id\":\"https:\/\/www.iniciatives.org\/es\/voluntariat\/#breadcrumb\"},\"inLanguage\":\"es\",\"potentialAction\":[{\"@type\":\"ReadAction\",\"target\":[\"https:\/\/www.iniciatives.org\/es\/voluntariat\/\"]}]},{\"@type\":\"ImageObject\",\"inLanguage\":\"es\",\"@id\":\"https:\/\/www.iniciatives.org\/es\/voluntariat\/#primaryimage\",\"url\":\"https:\/\/www.iniciatives.org\/wp-content\/uploads\/2014\/12\/BannerCollaboradorsWeb.jpg\",\"contentUrl\":\"https:\/\/www.iniciatives.org\/wp-content\/uploads\/2014\/12\/BannerCollaboradorsWeb.jpg\"},{\"@type\":\"BreadcrumbList\",\"@id\":\"https:\/\/www.iniciatives.org\/es\/voluntariat\/#breadcrumb\",\"itemListElement\":[{\"@type\":\"ListItem\",\"position\":1,\"name\":\"Inici\",\"item\":\"https:\/\/www.iniciatives.org\/es\/\"},{\"@type\":\"ListItem\",\"position\":2,\"name\":\"Voluntariat\"}]},{\"@type\":\"WebSite\",\"@id\":\"https:\/\/www.iniciatives.org\/#website\",\"url\":\"https:\/\/www.iniciatives.org\/\",\"name\":\"Iniciatives Solid\u00e0ries\",\"description\":\"Iniciatives Solid\u00e0ries \u00e9s una ONG d\u2019acci\u00f3 social, acolliment i inserci\u00f3 social\",\"potentialAction\":[{\"@type\":\"SearchAction\",\"target\":{\"@type\":\"EntryPoint\",\"urlTemplate\":\"https:\/\/www.iniciatives.org\/?s={search_term_string}\"},\"query-input\":{\"@type\":\"PropertyValueSpecification\",\"valueRequired\":true,\"valueName\":\"search_term_string\"}}],\"inLanguage\":\"es\"}]}<\/script>\n<!-- \/ Yoast SEO plugin. -->","yoast_head_json":{"title":"Voluntariat - Iniciatives Solid\u00e0ries","robots":{"index":"index","follow":"follow","max-snippet":"max-snippet:-1","max-image-preview":"max-image-preview:large","max-video-preview":"max-video-preview:-1"},"canonical":"https:\/\/www.iniciatives.org\/es\/voluntariat\/","og_locale":"es_ES","og_type":"article","og_title":"Voluntariat - Iniciatives Solid\u00e0ries","og_description":"Iniciatives Solid\u00e0ries \u00e9s una entitat sense \u00e0nim de lucre que treballa per la inclusi\u00f3 social de persones en risc d&#8217;exclusi\u00f3. Fundada el 1996, l&#8217;entitat es basa en valors com la inclusi\u00f3, la igualtat, la multiculturalitat i la col\u00b7laboraci\u00f3 en xarxa. El voluntariat \u00e9s clau per desenvolupar la missi\u00f3, visi\u00f3 i valors de l\u2019entitat i fomentar&hellip;&nbsp;Leer m\u00e1s &raquo;Voluntariat","og_url":"https:\/\/www.iniciatives.org\/es\/voluntariat\/","og_site_name":"Iniciatives Solid\u00e0ries","article_modified_time":"2025-06-25T16:29:25+00:00","og_image":[{"width":1230,"height":550,"url":"https:\/\/www.iniciatives.org\/wp-content\/uploads\/2014\/12\/BannerCollaboradorsWeb.jpg","type":"image\/jpeg"}],"twitter_card":"summary_large_image","schema":{"@context":"https:\/\/schema.org","@graph":[{"@type":"WebPage","@id":"https:\/\/www.iniciatives.org\/es\/voluntariat\/","url":"https:\/\/www.iniciatives.org\/es\/voluntariat\/","name":"Voluntariat - Iniciatives Solid\u00e0ries","isPartOf":{"@id":"https:\/\/www.iniciatives.org\/#website"},"primaryImageOfPage":{"@id":"https:\/\/www.iniciatives.org\/es\/voluntariat\/#primaryimage"},"image":{"@id":"https:\/\/www.iniciatives.org\/es\/voluntariat\/#primaryimage"},"thumbnailUrl":"https:\/\/www.iniciatives.org\/wp-content\/uploads\/2014\/12\/BannerCollaboradorsWeb.jpg","datePublished":"2025-01-16T09:49:01+00:00","dateModified":"2025-06-25T16:29:25+00:00","breadcrumb":{"@id":"https:\/\/www.iniciatives.org\/es\/voluntariat\/#breadcrumb"},"inLanguage":"es","potentialAction":[{"@type":"ReadAction","target":["https:\/\/www.iniciatives.org\/es\/voluntariat\/"]}]},{"@type":"ImageObject","inLanguage":"es","@id":"https:\/\/www.iniciatives.org\/es\/voluntariat\/#primaryimage","url":"https:\/\/www.iniciatives.org\/wp-content\/uploads\/2014\/12\/BannerCollaboradorsWeb.jpg","contentUrl":"https:\/\/www.iniciatives.org\/wp-content\/uploads\/2014\/12\/BannerCollaboradorsWeb.jpg"},{"@type":"BreadcrumbList","@id":"https:\/\/www.iniciatives.org\/es\/voluntariat\/#breadcrumb","itemListElement":[{"@type":"ListItem","position":1,"name":"Inici","item":"https:\/\/www.iniciatives.org\/es\/"},{"@type":"ListItem","position":2,"name":"Voluntariat"}]},{"@type":"WebSite","@id":"https:\/\/www.iniciatives.org\/#website","url":"https:\/\/www.iniciatives.org\/","name":"Iniciatives Solid\u00e0ries","description":"Iniciatives Solid\u00e0ries \u00e9s una ONG d\u2019acci\u00f3 social, acolliment i inserci\u00f3 social","potentialAction":[{"@type":"SearchAction","target":{"@type":"EntryPoint","urlTemplate":"https:\/\/www.iniciatives.org\/?s={search_term_string}"},"query-input":{"@type":"PropertyValueSpecification","valueRequired":true,"valueName":"search_term_string"}}],"inLanguage":"es"}]}},"_links":{"self":[{"href":"https:\/\/www.iniciatives.org\/es\/wp-json\/wp\/v2\/pages\/5618","targetHints":{"allow":["GET"]}}],"collection":[{"href":"https:\/\/www.iniciatives.org\/es\/wp-json\/wp\/v2\/pages"}],"about":[{"href":"https:\/\/www.iniciatives.org\/es\/wp-json\/wp\/v2\/types\/page"}],"author":[{"embeddable":true,"href":"https:\/\/www.iniciatives.org\/es\/wp-json\/wp\/v2\/users\/3"}],"replies":[{"embeddable":true,"href":"https:\/\/www.iniciatives.org\/es\/wp-json\/wp\/v2\/comments?post=5618"}],"version-history":[{"count":1,"href":"https:\/\/www.iniciatives.org\/es\/wp-json\/wp\/v2\/pages\/5618\/revisions"}],"predecessor-version":[{"id":5619,"href":"https:\/\/www.iniciatives.org\/es\/wp-json\/wp\/v2\/pages\/5618\/revisions\/5619"}],"wp:attachment":[{"href":"https:\/\/www.iniciatives.org\/es\/wp-json\/wp\/v2\/media?parent=5618"}],"curies":[{"name":"wp","href":"https:\/\/api.w.org\/{rel}","templated":true}]}}