

{"id":5621,"date":"2025-01-16T10:51:16","date_gmt":"2025-01-16T09:51:16","guid":{"rendered":"https:\/\/www.iniciatives.org\/estudiants-en-practiques\/"},"modified":"2025-06-25T18:29:56","modified_gmt":"2025-06-25T16:29:56","slug":"estudiants-en-practiques","status":"publish","type":"page","link":"https:\/\/www.iniciatives.org\/es\/estudiants-en-practiques\/","title":{"rendered":"Estudiants en pr\u00e0ctiques"},"content":{"rendered":"\n<div class=\"wp-block-cover alignfull is-light\" style=\"min-height:550px;aspect-ratio:unset;aspect-ratio:unset;\"><span aria-hidden=\"true\" class=\"wp-block-cover__background has-background-dim-0 has-background-dim\" style=\"background-color:#868078\"><\/span><img loading=\"lazy\" decoding=\"async\" width=\"1230\" height=\"550\" class=\"wp-block-cover__image-background wp-image-818\" alt=\"Dos nois carregant i descarregant material de neteja de la furgoneta d'Iniciatives Solid\u00e0ries.\" src=\"https:\/\/www.iniciatives.org\/wp-content\/uploads\/2014\/12\/BannerCollaboradorsWeb.jpg\" data-object-fit=\"cover\" srcset=\"https:\/\/www.iniciatives.org\/wp-content\/uploads\/2014\/12\/BannerCollaboradorsWeb.jpg 1230w, https:\/\/www.iniciatives.org\/wp-content\/uploads\/2014\/12\/BannerCollaboradorsWeb-800x358.jpg 800w, https:\/\/www.iniciatives.org\/wp-content\/uploads\/2014\/12\/BannerCollaboradorsWeb-768x343.jpg 768w, https:\/\/www.iniciatives.org\/wp-content\/uploads\/2014\/12\/BannerCollaboradorsWeb-1200x537.jpg 1200w\" sizes=\"auto, (max-width: 1230px) 100vw, 1230px\" \/><div class=\"wp-block-cover__inner-container is-layout-constrained wp-block-cover-is-layout-constrained\">\n<h1 class=\"wp-block-heading has-text-align-center has-nv-text-dark-bg-color has-text-color has-link-color wp-elements-c951b9d39a896f99e5180e01c0299c81\" style=\"font-size:50px\">Estudiants en pr\u00e0ctiques<\/h1>\n<\/div><\/div>\n\n\n\n<p>Dintre dels objectius fundacionals de l\u2019entitat es troba el proporcionar eines i recursos formatius als joves. Aquest objectiu dona resposta a altres fins socials de l\u2019entitat com son:<\/p>\n\n\n\n<ul class=\"wp-block-list\">\n<li>Proporcionar experi\u00e8ncia professional per a estudiants dintre de l\u2019entorn real, desenvolupant habilitats pr\u00e0ctiques i professionals.<\/li>\n\n\n\n<li>Contribuir a la participaci\u00f3 dels estudiants en les activitats i projectes d\u2019Iniciatives Solid\u00e0ries, recolzant els objectius socials de l\u2019entitat i el compliment de la missi\u00f3 de l\u2019entitat.<\/li>\n<\/ul>\n\n\n\n<h2 class=\"wp-block-heading\">Requisits pels estudiants<\/h2>\n\n\n\n<p>Els estudiants han de complir els seg\u00fcents apartats:<\/p>\n\n\n\n<ul class=\"wp-block-list\">\n<li>Estar matriculat en un centre educatiu on les \u00e0rees formatives estiguin relacionades amb les activitats d\u2019Iniciatives Solid\u00e0ries.<\/li>\n\n\n\n<li>Compartir la missi\u00f3, visi\u00f3 i valors de l\u2019entitat.<\/li>\n\n\n\n<li>Tenir habilitats espec\u00edfiques. Algunes tasques calen unes habilitats t\u00e8cniques, comunicatives o de gesti\u00f3 espec\u00edfiques.<\/li>\n<\/ul>\n\n\n\n<h2 class=\"wp-block-heading\">\u00c0rees d\u2019Iniciatives Solid\u00e0ries:<\/h2>\n\n\n\n<ul class=\"wp-block-list\">\n<li>Acollida.<\/li>\n\n\n\n<li>Inserci\u00f3 sociolaboral.<\/li>\n\n\n\n<li>Inf\u00e0ncia i joves.<\/li>\n\n\n\n<li>Acci\u00f3 comunit\u00e0ria.<\/li>\n\n\n\n<li>Voluntariat.<\/li>\n\n\n\n<li>Administraci\u00f3 i serveis.<\/li>\n<\/ul>\n\n\n\n<p>Si est\u00e0s interessat o interessada en fer pr\u00e0ctiques en Iniciatives Solid\u00e0ries, pots enviar un correu electr\u00f2nic a: <a href=\"mailto:iniciatives@iniciatives.org\">iniciatives@iniciatives.org<\/a><\/p>\n","protected":false},"excerpt":{"rendered":"<p>Dintre dels objectius fundacionals de l\u2019entitat es troba el proporcionar eines i recursos formatius als joves. Aquest objectiu dona resposta a altres fins socials de l\u2019entitat com son: Requisits pels estudiants Els estudiants han de complir els seg\u00fcents apartats: \u00c0rees d\u2019Iniciatives Solid\u00e0ries: Si est\u00e0s interessat o interessada en fer pr\u00e0ctiques en Iniciatives Solid\u00e0ries, pots enviar&hellip;&nbsp;<a href=\"https:\/\/www.iniciatives.org\/es\/estudiants-en-practiques\/\" rel=\"bookmark\">Leer m\u00e1s &raquo;<span class=\"screen-reader-text\">Estudiants en pr\u00e0ctiques<\/span><\/a><\/p>\n","protected":false},"author":3,"featured_media":0,"parent":0,"menu_order":9,"comment_status":"closed","ping_status":"closed","template":"","meta":{"_eb_attr":"","neve_meta_sidebar":"","neve_meta_container":"","neve_meta_enable_content_width":"","neve_meta_content_width":0,"neve_meta_title_alignment":"","neve_meta_author_avatar":"","neve_post_elements_order":"","neve_meta_disable_header":"","neve_meta_disable_footer":"","neve_meta_disable_title":"on","footnotes":""},"class_list":["post-5621","page","type-page","status-publish","hentry"],"yoast_head":"<!-- This site is optimized with the Yoast SEO plugin v25.4 - https:\/\/yoast.com\/wordpress\/plugins\/seo\/ -->\n<title>Estudiants en pr\u00e0ctiques - Iniciatives Solid\u00e0ries<\/title>\n<meta name=\"robots\" content=\"index, follow, max-snippet:-1, max-image-preview:large, max-video-preview:-1\" \/>\n<link rel=\"canonical\" href=\"https:\/\/www.iniciatives.org\/es\/estudiants-en-practiques\/\" \/>\n<meta property=\"og:locale\" content=\"es_ES\" \/>\n<meta property=\"og:type\" content=\"article\" \/>\n<meta property=\"og:title\" content=\"Estudiants en pr\u00e0ctiques - Iniciatives Solid\u00e0ries\" \/>\n<meta property=\"og:description\" content=\"Dintre dels objectius fundacionals de l\u2019entitat es troba el proporcionar eines i recursos formatius als joves. Aquest objectiu dona resposta a altres fins socials de l\u2019entitat com son: Requisits pels estudiants Els estudiants han de complir els seg\u00fcents apartats: \u00c0rees d\u2019Iniciatives Solid\u00e0ries: Si est\u00e0s interessat o interessada en fer pr\u00e0ctiques en Iniciatives Solid\u00e0ries, pots enviar&hellip;&nbsp;Leer m\u00e1s &raquo;Estudiants en pr\u00e0ctiques\" \/>\n<meta property=\"og:url\" content=\"https:\/\/www.iniciatives.org\/es\/estudiants-en-practiques\/\" \/>\n<meta property=\"og:site_name\" content=\"Iniciatives Solid\u00e0ries\" \/>\n<meta property=\"article:modified_time\" content=\"2025-06-25T16:29:56+00:00\" \/>\n<meta property=\"og:image\" content=\"https:\/\/www.iniciatives.org\/wp-content\/uploads\/2014\/12\/BannerCollaboradorsWeb.jpg\" \/>\n\t<meta property=\"og:image:width\" content=\"1230\" \/>\n\t<meta property=\"og:image:height\" content=\"550\" \/>\n\t<meta property=\"og:image:type\" content=\"image\/jpeg\" \/>\n<meta name=\"twitter:card\" content=\"summary_large_image\" \/>\n<meta name=\"twitter:label1\" content=\"Tiempo de lectura\" \/>\n\t<meta name=\"twitter:data1\" content=\"2 minutos\" \/>\n<script type=\"application\/ld+json\" class=\"yoast-schema-graph\">{\"@context\":\"https:\/\/schema.org\",\"@graph\":[{\"@type\":\"WebPage\",\"@id\":\"https:\/\/www.iniciatives.org\/es\/estudiants-en-practiques\/\",\"url\":\"https:\/\/www.iniciatives.org\/es\/estudiants-en-practiques\/\",\"name\":\"Estudiants en pr\u00e0ctiques - Iniciatives Solid\u00e0ries\",\"isPartOf\":{\"@id\":\"https:\/\/www.iniciatives.org\/#website\"},\"primaryImageOfPage\":{\"@id\":\"https:\/\/www.iniciatives.org\/es\/estudiants-en-practiques\/#primaryimage\"},\"image\":{\"@id\":\"https:\/\/www.iniciatives.org\/es\/estudiants-en-practiques\/#primaryimage\"},\"thumbnailUrl\":\"https:\/\/www.iniciatives.org\/wp-content\/uploads\/2014\/12\/BannerCollaboradorsWeb.jpg\",\"datePublished\":\"2025-01-16T09:51:16+00:00\",\"dateModified\":\"2025-06-25T16:29:56+00:00\",\"breadcrumb\":{\"@id\":\"https:\/\/www.iniciatives.org\/es\/estudiants-en-practiques\/#breadcrumb\"},\"inLanguage\":\"es\",\"potentialAction\":[{\"@type\":\"ReadAction\",\"target\":[\"https:\/\/www.iniciatives.org\/es\/estudiants-en-practiques\/\"]}]},{\"@type\":\"ImageObject\",\"inLanguage\":\"es\",\"@id\":\"https:\/\/www.iniciatives.org\/es\/estudiants-en-practiques\/#primaryimage\",\"url\":\"https:\/\/www.iniciatives.org\/wp-content\/uploads\/2014\/12\/BannerCollaboradorsWeb.jpg\",\"contentUrl\":\"https:\/\/www.iniciatives.org\/wp-content\/uploads\/2014\/12\/BannerCollaboradorsWeb.jpg\"},{\"@type\":\"BreadcrumbList\",\"@id\":\"https:\/\/www.iniciatives.org\/es\/estudiants-en-practiques\/#breadcrumb\",\"itemListElement\":[{\"@type\":\"ListItem\",\"position\":1,\"name\":\"Inici\",\"item\":\"https:\/\/www.iniciatives.org\/es\/\"},{\"@type\":\"ListItem\",\"position\":2,\"name\":\"Estudiants en pr\u00e0ctiques\"}]},{\"@type\":\"WebSite\",\"@id\":\"https:\/\/www.iniciatives.org\/#website\",\"url\":\"https:\/\/www.iniciatives.org\/\",\"name\":\"Iniciatives Solid\u00e0ries\",\"description\":\"Iniciatives Solid\u00e0ries \u00e9s una ONG d\u2019acci\u00f3 social, acolliment i inserci\u00f3 social\",\"potentialAction\":[{\"@type\":\"SearchAction\",\"target\":{\"@type\":\"EntryPoint\",\"urlTemplate\":\"https:\/\/www.iniciatives.org\/?s={search_term_string}\"},\"query-input\":{\"@type\":\"PropertyValueSpecification\",\"valueRequired\":true,\"valueName\":\"search_term_string\"}}],\"inLanguage\":\"es\"}]}<\/script>\n<!-- \/ Yoast SEO plugin. -->","yoast_head_json":{"title":"Estudiants en pr\u00e0ctiques - Iniciatives Solid\u00e0ries","robots":{"index":"index","follow":"follow","max-snippet":"max-snippet:-1","max-image-preview":"max-image-preview:large","max-video-preview":"max-video-preview:-1"},"canonical":"https:\/\/www.iniciatives.org\/es\/estudiants-en-practiques\/","og_locale":"es_ES","og_type":"article","og_title":"Estudiants en pr\u00e0ctiques - Iniciatives Solid\u00e0ries","og_description":"Dintre dels objectius fundacionals de l\u2019entitat es troba el proporcionar eines i recursos formatius als joves. Aquest objectiu dona resposta a altres fins socials de l\u2019entitat com son: Requisits pels estudiants Els estudiants han de complir els seg\u00fcents apartats: \u00c0rees d\u2019Iniciatives Solid\u00e0ries: Si est\u00e0s interessat o interessada en fer pr\u00e0ctiques en Iniciatives Solid\u00e0ries, pots enviar&hellip;&nbsp;Leer m\u00e1s &raquo;Estudiants en pr\u00e0ctiques","og_url":"https:\/\/www.iniciatives.org\/es\/estudiants-en-practiques\/","og_site_name":"Iniciatives Solid\u00e0ries","article_modified_time":"2025-06-25T16:29:56+00:00","og_image":[{"width":1230,"height":550,"url":"https:\/\/www.iniciatives.org\/wp-content\/uploads\/2014\/12\/BannerCollaboradorsWeb.jpg","type":"image\/jpeg"}],"twitter_card":"summary_large_image","twitter_misc":{"Tiempo de lectura":"2 minutos"},"schema":{"@context":"https:\/\/schema.org","@graph":[{"@type":"WebPage","@id":"https:\/\/www.iniciatives.org\/es\/estudiants-en-practiques\/","url":"https:\/\/www.iniciatives.org\/es\/estudiants-en-practiques\/","name":"Estudiants en pr\u00e0ctiques - Iniciatives Solid\u00e0ries","isPartOf":{"@id":"https:\/\/www.iniciatives.org\/#website"},"primaryImageOfPage":{"@id":"https:\/\/www.iniciatives.org\/es\/estudiants-en-practiques\/#primaryimage"},"image":{"@id":"https:\/\/www.iniciatives.org\/es\/estudiants-en-practiques\/#primaryimage"},"thumbnailUrl":"https:\/\/www.iniciatives.org\/wp-content\/uploads\/2014\/12\/BannerCollaboradorsWeb.jpg","datePublished":"2025-01-16T09:51:16+00:00","dateModified":"2025-06-25T16:29:56+00:00","breadcrumb":{"@id":"https:\/\/www.iniciatives.org\/es\/estudiants-en-practiques\/#breadcrumb"},"inLanguage":"es","potentialAction":[{"@type":"ReadAction","target":["https:\/\/www.iniciatives.org\/es\/estudiants-en-practiques\/"]}]},{"@type":"ImageObject","inLanguage":"es","@id":"https:\/\/www.iniciatives.org\/es\/estudiants-en-practiques\/#primaryimage","url":"https:\/\/www.iniciatives.org\/wp-content\/uploads\/2014\/12\/BannerCollaboradorsWeb.jpg","contentUrl":"https:\/\/www.iniciatives.org\/wp-content\/uploads\/2014\/12\/BannerCollaboradorsWeb.jpg"},{"@type":"BreadcrumbList","@id":"https:\/\/www.iniciatives.org\/es\/estudiants-en-practiques\/#breadcrumb","itemListElement":[{"@type":"ListItem","position":1,"name":"Inici","item":"https:\/\/www.iniciatives.org\/es\/"},{"@type":"ListItem","position":2,"name":"Estudiants en pr\u00e0ctiques"}]},{"@type":"WebSite","@id":"https:\/\/www.iniciatives.org\/#website","url":"https:\/\/www.iniciatives.org\/","name":"Iniciatives Solid\u00e0ries","description":"Iniciatives Solid\u00e0ries \u00e9s una ONG d\u2019acci\u00f3 social, acolliment i inserci\u00f3 social","potentialAction":[{"@type":"SearchAction","target":{"@type":"EntryPoint","urlTemplate":"https:\/\/www.iniciatives.org\/?s={search_term_string}"},"query-input":{"@type":"PropertyValueSpecification","valueRequired":true,"valueName":"search_term_string"}}],"inLanguage":"es"}]}},"_links":{"self":[{"href":"https:\/\/www.iniciatives.org\/es\/wp-json\/wp\/v2\/pages\/5621","targetHints":{"allow":["GET"]}}],"collection":[{"href":"https:\/\/www.iniciatives.org\/es\/wp-json\/wp\/v2\/pages"}],"about":[{"href":"https:\/\/www.iniciatives.org\/es\/wp-json\/wp\/v2\/types\/page"}],"author":[{"embeddable":true,"href":"https:\/\/www.iniciatives.org\/es\/wp-json\/wp\/v2\/users\/3"}],"replies":[{"embeddable":true,"href":"https:\/\/www.iniciatives.org\/es\/wp-json\/wp\/v2\/comments?post=5621"}],"version-history":[{"count":1,"href":"https:\/\/www.iniciatives.org\/es\/wp-json\/wp\/v2\/pages\/5621\/revisions"}],"predecessor-version":[{"id":5622,"href":"https:\/\/www.iniciatives.org\/es\/wp-json\/wp\/v2\/pages\/5621\/revisions\/5622"}],"wp:attachment":[{"href":"https:\/\/www.iniciatives.org\/es\/wp-json\/wp\/v2\/media?parent=5621"}],"curies":[{"name":"wp","href":"https:\/\/api.w.org\/{rel}","templated":true}]}}