

{"id":6065,"date":"2026-01-13T17:49:49","date_gmt":"2026-01-13T16:49:49","guid":{"rendered":"https:\/\/www.iniciatives.org\/?page_id=6065"},"modified":"2026-01-13T17:49:54","modified_gmt":"2026-01-13T16:49:54","slug":"unete-a-nuestro-equipo","status":"publish","type":"page","link":"https:\/\/www.iniciatives.org\/es\/unete-a-nuestro-equipo\/","title":{"rendered":"\u00danete a nuestro equipo"},"content":{"rendered":"\n<h1 style=\"text-align: center; color: #0073aa; margin-bottom: 20px; font-family: Arial, sans-serif;\">\n  \u00danete a nuestro equipo\n<\/h1>\n\n\n\n\n<p>En Iniciativas creemos en el talento y la pasi\u00f3n por hacer las cosas bien. Buscamos personas motivadas, creativas y con ganas de formar parte de un equipo din\u00e1mico que trabaja para generar un impacto positivo. Si te identificas con nuestros valores y quieres crecer profesionalmente con nosotros, nos encantar\u00eda recibir tu CV.<\/p>\n\n\n\n<style>\n\/* Nom\u00e9s afecta aquest formulari *\/\n.wpcf7-form-control {\n    width: 100% !important;\n    padding: 10px;\n    border-radius: 6px;\n    border: 1px solid #ccc;\n    margin-bottom: 15px;\n    box-sizing: border-box;\n}\n\ninput[type=\"submit\"] {\n    background-color: #0073aa;\n    color: white;\n    padding: 12px 20px;\n    border-radius: 6px;\n    border: none;\n    cursor: pointer;\n}\n\ninput[type=\"submit\"]:hover {\n    background-color: #005f8d;\n}\n\n.wpcf7-acceptance {\n    display: flex;\n    align-items: center;\n    font-size: 14px;\n    margin-bottom: 15px;\n}\n\n.wpcf7-acceptance a {\n    color: #0073aa;\n    text-decoration: underline;\n}\n\n.wpcf7-acceptance a:hover {\n    color: #005f8d;\n}\n<\/style>\n\n\n\n\n<div class=\"wpcf7 no-js\" id=\"wpcf7-f6064-o1\" lang=\"ca\" dir=\"ltr\" data-wpcf7-id=\"6064\">\n<div class=\"screen-reader-response\"><p role=\"status\" aria-live=\"polite\" aria-atomic=\"true\"><\/p> <ul><\/ul><\/div>\n<form action=\"\/es\/wp-json\/wp\/v2\/pages\/6065#wpcf7-f6064-o1\" method=\"post\" class=\"wpcf7-form init\" aria-label=\"Formulari de contacte\" enctype=\"multipart\/form-data\" novalidate=\"novalidate\" data-status=\"init\">\n<fieldset class=\"hidden-fields-container\"><input type=\"hidden\" name=\"_wpcf7\" value=\"6064\" \/><input type=\"hidden\" name=\"_wpcf7_version\" value=\"6.1\" \/><input type=\"hidden\" name=\"_wpcf7_locale\" value=\"ca\" \/><input type=\"hidden\" name=\"_wpcf7_unit_tag\" value=\"wpcf7-f6064-o1\" \/><input type=\"hidden\" name=\"_wpcf7_container_post\" value=\"0\" \/><input type=\"hidden\" name=\"_wpcf7_posted_data_hash\" value=\"\" \/><input type=\"hidden\" name=\"_wpcf7_recaptcha_response\" value=\"\" \/>\n<\/fieldset>\n<p><label>Nombre y Apellidos<\/label><br \/>\n<span class=\"wpcf7-form-control-wrap\" data-name=\"nombre_apellidos\"><input size=\"40\" maxlength=\"400\" class=\"wpcf7-form-control wpcf7-text wpcf7-validates-as-required\" aria-required=\"true\" aria-invalid=\"false\" placeholder=\"Introduce tu nombre y apellidos\" value=\"\" type=\"text\" name=\"nombre_apellidos\" \/><\/span>\n<\/p>\n<p><label>Tel\u00e9fono<\/label><br \/>\n<span class=\"wpcf7-form-control-wrap\" data-name=\"telefono\"><input size=\"40\" maxlength=\"400\" class=\"wpcf7-form-control wpcf7-tel wpcf7-validates-as-required wpcf7-text wpcf7-validates-as-tel\" aria-required=\"true\" aria-invalid=\"false\" placeholder=\"Introduce tu tel\u00e9fono\" value=\"\" type=\"tel\" name=\"telefono\" \/><\/span>\n<\/p>\n<p><label>Correo electr\u00f3nico<\/label><br \/>\n<span class=\"wpcf7-form-control-wrap\" data-name=\"email\"><input size=\"40\" maxlength=\"400\" class=\"wpcf7-form-control wpcf7-email wpcf7-validates-as-required wpcf7-text wpcf7-validates-as-email\" aria-required=\"true\" aria-invalid=\"false\" placeholder=\"Introduce tu correo electr\u00f3nico\" value=\"\" type=\"email\" name=\"email\" \/><\/span>\n<\/p>\n<p><label>CV (PDF, DOC, DOCX, m\u00e1x 5MB)<\/label><br \/>\n<span class=\"wpcf7-form-control-wrap\" data-name=\"cv\"><input size=\"40\" class=\"wpcf7-form-control wpcf7-file wpcf7-validates-as-required\" accept=\".pdf,.doc,.docx\" aria-required=\"true\" aria-invalid=\"false\" type=\"file\" name=\"cv\" \/><\/span>\n<\/p>\n<p><label>Mensaje (opcional)<\/label><br \/>\n<span class=\"wpcf7-form-control-wrap\" data-name=\"mensaje\"><textarea cols=\"40\" rows=\"10\" maxlength=\"2000\" class=\"wpcf7-form-control wpcf7-textarea\" aria-invalid=\"false\" placeholder=\"Si quieres, deja alg\u00fan comentario\" name=\"mensaje\"><\/textarea><\/span>\n<\/p>\n<p><span class=\"wpcf7-form-control-wrap\" data-name=\"acceptance-660\"><span class=\"wpcf7-form-control wpcf7-acceptance\"><span class=\"wpcf7-list-item\"><label><input type=\"checkbox\" name=\"acceptance-660\" value=\"1\" aria-invalid=\"false\" \/><span class=\"wpcf7-list-item-label\">He le\u00eddo y acepto la \n<a href=\"https:\/\/www.iniciatives.org\/avis-legal-ct\/\" target=\"_blank\">pol\u00edtica de datos<\/a><\/span><\/label><\/span><\/span><\/span>\n<\/p>\n<p><input class=\"wpcf7-form-control wpcf7-submit has-spinner\" type=\"submit\" value=\"Enviar\" \/>\n<\/p><div class=\"wpcf7-response-output\" aria-hidden=\"true\"><\/div>\n<\/form>\n<\/div>\n\n","protected":false},"excerpt":{"rendered":"<p>\u00danete a nuestro equipo En Iniciativas creemos en el talento y la pasi\u00f3n por hacer las cosas bien. Buscamos personas motivadas, creativas y con ganas de formar parte de un equipo din\u00e1mico que trabaja para generar un impacto positivo. Si te identificas con nuestros valores y quieres crecer profesionalmente con nosotros, nos encantar\u00eda recibir tu&hellip;&nbsp;<a href=\"https:\/\/www.iniciatives.org\/es\/unete-a-nuestro-equipo\/\" rel=\"bookmark\">Leer m\u00e1s &raquo;<span class=\"screen-reader-text\">\u00danete a nuestro equipo<\/span><\/a><\/p>\n","protected":false},"author":3,"featured_media":0,"parent":0,"menu_order":3,"comment_status":"closed","ping_status":"closed","template":"","meta":{"_eb_attr":"","neve_meta_sidebar":"","neve_meta_container":"","neve_meta_enable_content_width":"","neve_meta_content_width":0,"neve_meta_title_alignment":"","neve_meta_author_avatar":"","neve_post_elements_order":"","neve_meta_disable_header":"","neve_meta_disable_footer":"","neve_meta_disable_title":"","footnotes":""},"class_list":["post-6065","page","type-page","status-publish","hentry"],"yoast_head":"<!-- This site is optimized with the Yoast SEO plugin v25.4 - https:\/\/yoast.com\/wordpress\/plugins\/seo\/ -->\n<title>\u00danete a nuestro equipo - Iniciatives Solid\u00e0ries<\/title>\n<meta name=\"robots\" content=\"index, follow, max-snippet:-1, max-image-preview:large, max-video-preview:-1\" \/>\n<link rel=\"canonical\" href=\"https:\/\/www.iniciatives.org\/es\/unete-a-nuestro-equipo\/\" \/>\n<meta property=\"og:locale\" content=\"es_ES\" \/>\n<meta property=\"og:type\" content=\"article\" \/>\n<meta property=\"og:title\" content=\"\u00danete a nuestro equipo - Iniciatives Solid\u00e0ries\" \/>\n<meta property=\"og:description\" content=\"\u00danete a nuestro equipo En Iniciativas creemos en el talento y la pasi\u00f3n por hacer las cosas bien. Buscamos personas motivadas, creativas y con ganas de formar parte de un equipo din\u00e1mico que trabaja para generar un impacto positivo. Si te identificas con nuestros valores y quieres crecer profesionalmente con nosotros, nos encantar\u00eda recibir tu&hellip;&nbsp;Leer m\u00e1s &raquo;\u00danete a nuestro equipo\" \/>\n<meta property=\"og:url\" content=\"https:\/\/www.iniciatives.org\/es\/unete-a-nuestro-equipo\/\" \/>\n<meta property=\"og:site_name\" content=\"Iniciatives Solid\u00e0ries\" \/>\n<meta property=\"article:modified_time\" content=\"2026-01-13T16:49:54+00:00\" \/>\n<meta property=\"og:image\" content=\"https:\/\/www.iniciatives.org\/wp-content\/uploads\/2020\/11\/NovaWeb_IniciativesSolidaries-scaled.jpg\" \/>\n\t<meta property=\"og:image:width\" content=\"2560\" \/>\n\t<meta property=\"og:image:height\" content=\"1352\" \/>\n\t<meta property=\"og:image:type\" content=\"image\/jpeg\" \/>\n<meta name=\"twitter:card\" content=\"summary_large_image\" \/>\n<meta name=\"twitter:label1\" content=\"Tiempo de lectura\" \/>\n\t<meta name=\"twitter:data1\" content=\"1 minuto\" \/>\n<script type=\"application\/ld+json\" class=\"yoast-schema-graph\">{\"@context\":\"https:\/\/schema.org\",\"@graph\":[{\"@type\":\"WebPage\",\"@id\":\"https:\/\/www.iniciatives.org\/es\/unete-a-nuestro-equipo\/\",\"url\":\"https:\/\/www.iniciatives.org\/es\/unete-a-nuestro-equipo\/\",\"name\":\"\u00danete a nuestro equipo - Iniciatives Solid\u00e0ries\",\"isPartOf\":{\"@id\":\"https:\/\/www.iniciatives.org\/#website\"},\"datePublished\":\"2026-01-13T16:49:49+00:00\",\"dateModified\":\"2026-01-13T16:49:54+00:00\",\"breadcrumb\":{\"@id\":\"https:\/\/www.iniciatives.org\/es\/unete-a-nuestro-equipo\/#breadcrumb\"},\"inLanguage\":\"es\",\"potentialAction\":[{\"@type\":\"ReadAction\",\"target\":[\"https:\/\/www.iniciatives.org\/es\/unete-a-nuestro-equipo\/\"]}]},{\"@type\":\"BreadcrumbList\",\"@id\":\"https:\/\/www.iniciatives.org\/es\/unete-a-nuestro-equipo\/#breadcrumb\",\"itemListElement\":[{\"@type\":\"ListItem\",\"position\":1,\"name\":\"Inici\",\"item\":\"https:\/\/www.iniciatives.org\/es\/\"},{\"@type\":\"ListItem\",\"position\":2,\"name\":\"\u00danete a nuestro equipo\"}]},{\"@type\":\"WebSite\",\"@id\":\"https:\/\/www.iniciatives.org\/#website\",\"url\":\"https:\/\/www.iniciatives.org\/\",\"name\":\"Iniciatives Solid\u00e0ries\",\"description\":\"Iniciatives Solid\u00e0ries \u00e9s una ONG d\u2019acci\u00f3 social, acolliment i inserci\u00f3 social\",\"potentialAction\":[{\"@type\":\"SearchAction\",\"target\":{\"@type\":\"EntryPoint\",\"urlTemplate\":\"https:\/\/www.iniciatives.org\/?s={search_term_string}\"},\"query-input\":{\"@type\":\"PropertyValueSpecification\",\"valueRequired\":true,\"valueName\":\"search_term_string\"}}],\"inLanguage\":\"es\"}]}<\/script>\n<!-- \/ Yoast SEO plugin. -->","yoast_head_json":{"title":"\u00danete a nuestro equipo - Iniciatives Solid\u00e0ries","robots":{"index":"index","follow":"follow","max-snippet":"max-snippet:-1","max-image-preview":"max-image-preview:large","max-video-preview":"max-video-preview:-1"},"canonical":"https:\/\/www.iniciatives.org\/es\/unete-a-nuestro-equipo\/","og_locale":"es_ES","og_type":"article","og_title":"\u00danete a nuestro equipo - Iniciatives Solid\u00e0ries","og_description":"\u00danete a nuestro equipo En Iniciativas creemos en el talento y la pasi\u00f3n por hacer las cosas bien. Buscamos personas motivadas, creativas y con ganas de formar parte de un equipo din\u00e1mico que trabaja para generar un impacto positivo. Si te identificas con nuestros valores y quieres crecer profesionalmente con nosotros, nos encantar\u00eda recibir tu&hellip;&nbsp;Leer m\u00e1s &raquo;\u00danete a nuestro equipo","og_url":"https:\/\/www.iniciatives.org\/es\/unete-a-nuestro-equipo\/","og_site_name":"Iniciatives Solid\u00e0ries","article_modified_time":"2026-01-13T16:49:54+00:00","og_image":[{"width":2560,"height":1352,"url":"https:\/\/www.iniciatives.org\/wp-content\/uploads\/2020\/11\/NovaWeb_IniciativesSolidaries-scaled.jpg","type":"image\/jpeg"}],"twitter_card":"summary_large_image","twitter_misc":{"Tiempo de lectura":"1 minuto"},"schema":{"@context":"https:\/\/schema.org","@graph":[{"@type":"WebPage","@id":"https:\/\/www.iniciatives.org\/es\/unete-a-nuestro-equipo\/","url":"https:\/\/www.iniciatives.org\/es\/unete-a-nuestro-equipo\/","name":"\u00danete a nuestro equipo - Iniciatives Solid\u00e0ries","isPartOf":{"@id":"https:\/\/www.iniciatives.org\/#website"},"datePublished":"2026-01-13T16:49:49+00:00","dateModified":"2026-01-13T16:49:54+00:00","breadcrumb":{"@id":"https:\/\/www.iniciatives.org\/es\/unete-a-nuestro-equipo\/#breadcrumb"},"inLanguage":"es","potentialAction":[{"@type":"ReadAction","target":["https:\/\/www.iniciatives.org\/es\/unete-a-nuestro-equipo\/"]}]},{"@type":"BreadcrumbList","@id":"https:\/\/www.iniciatives.org\/es\/unete-a-nuestro-equipo\/#breadcrumb","itemListElement":[{"@type":"ListItem","position":1,"name":"Inici","item":"https:\/\/www.iniciatives.org\/es\/"},{"@type":"ListItem","position":2,"name":"\u00danete a nuestro equipo"}]},{"@type":"WebSite","@id":"https:\/\/www.iniciatives.org\/#website","url":"https:\/\/www.iniciatives.org\/","name":"Iniciatives Solid\u00e0ries","description":"Iniciatives Solid\u00e0ries \u00e9s una ONG d\u2019acci\u00f3 social, acolliment i inserci\u00f3 social","potentialAction":[{"@type":"SearchAction","target":{"@type":"EntryPoint","urlTemplate":"https:\/\/www.iniciatives.org\/?s={search_term_string}"},"query-input":{"@type":"PropertyValueSpecification","valueRequired":true,"valueName":"search_term_string"}}],"inLanguage":"es"}]}},"_links":{"self":[{"href":"https:\/\/www.iniciatives.org\/es\/wp-json\/wp\/v2\/pages\/6065","targetHints":{"allow":["GET"]}}],"collection":[{"href":"https:\/\/www.iniciatives.org\/es\/wp-json\/wp\/v2\/pages"}],"about":[{"href":"https:\/\/www.iniciatives.org\/es\/wp-json\/wp\/v2\/types\/page"}],"author":[{"embeddable":true,"href":"https:\/\/www.iniciatives.org\/es\/wp-json\/wp\/v2\/users\/3"}],"replies":[{"embeddable":true,"href":"https:\/\/www.iniciatives.org\/es\/wp-json\/wp\/v2\/comments?post=6065"}],"version-history":[{"count":1,"href":"https:\/\/www.iniciatives.org\/es\/wp-json\/wp\/v2\/pages\/6065\/revisions"}],"predecessor-version":[{"id":6066,"href":"https:\/\/www.iniciatives.org\/es\/wp-json\/wp\/v2\/pages\/6065\/revisions\/6066"}],"wp:attachment":[{"href":"https:\/\/www.iniciatives.org\/es\/wp-json\/wp\/v2\/media?parent=6065"}],"curies":[{"name":"wp","href":"https:\/\/api.w.org\/{rel}","templated":true}]}}